{"id":220904,"date":"2025-03-23T10:31:32","date_gmt":"2025-03-23T10:31:32","guid":{"rendered":"https:\/\/aromasentia.com\/product\/plant-based-masala-incense-sticks-aloe-vera\/"},"modified":"2025-12-30T19:01:31","modified_gmt":"2025-12-30T19:01:31","slug":"batons-dencens-masala-a-base-de-plantes-aloe-vera","status":"publish","type":"product","link":"https:\/\/aromasentia.com\/fr\/batons-dencens-masala-a-base-de-plantes-aloe-vera\/","title":{"rendered":"B\u00e2tons d&rsquo;Encens Masala \u00e0 base de Plantes &#8211; Aloe Vera"},"content":{"rendered":"<p><strong><span style=\"color: rgb(75, 80, 88);\">B\u00e2tonnets d&rsquo;encens Masala roul\u00e9s \u00e0 la main avec un beau parfum d&rsquo;aloe vera<\/span><\/strong>.&nbsp;<\/p>\n<p>Fabriqu\u00e9 \u00e0 partir de mati\u00e8res premi\u00e8res v\u00e9g\u00e9tales, produit de mani\u00e8re \u00e9thique au Karnataka, en Inde.&nbsp;<\/p>\n<p>L&rsquo;odeur de l&rsquo;aloe vera est captivante, agr\u00e9able, merveilleuse.&nbsp;<\/p>\n<p>Cr\u00e9\u00e9 pour am\u00e9liorer votre humeur.&nbsp;<\/p>\n<p>Dans chaque bo\u00eete, vous trouverez 15 b\u00e2tons.<\/p>\n","protected":false},"excerpt":{"rendered":"<p>B\u00e2tonnets d&rsquo;encens Masala roul\u00e9s \u00e0 la main avec un beau parfum d&rsquo;aloe vera.&nbsp; Fabriqu\u00e9 \u00e0 partir de mati\u00e8res premi\u00e8res v\u00e9g\u00e9tales, produit de mani\u00e8re \u00e9thique au Karnataka, en Inde.&nbsp; L&rsquo;odeur de l&rsquo;aloe vera est captivante, agr\u00e9able, merveilleuse.&nbsp; Cr\u00e9\u00e9 pour am\u00e9liorer votre humeur.&nbsp; Dans chaque bo\u00eete, vous trouverez 15 b\u00e2tons.<\/p>\n","protected":false},"featured_media":412623,"comment_status":"closed","ping_status":"open","template":"","meta":{"_angie_page":false},"product_brand":[27143],"product_cat":[26578,15193,15147,26839,25842],"product_tag":[],"class_list":{"0":"post-220904","1":"product","2":"type-product","3":"status-publish","4":"has-post-thumbnail","6":"product_brand-stamford","7":"product_cat-aloe-vera","8":"product_cat-batonnets-d-encens","9":"product_cat-encens-et-porte-encens","10":"product_cat-frais-propre","11":"product_cat-senteurs-aromes","12":"pa_collection-plant-based-masala-incense-sticks-fr","13":"pa_made-in-inde","15":"first","16":"instock","17":"purchasable","18":"product-type-simple"},"supplier_id":null,"supplier_sku":"SPBMi-01","barcode":null,"atum_controlled":true,"out_stock_date":null,"out_stock_threshold":null,"inheritable":false,"inbound_stock":null,"stock_on_hold":0,"sold_today":0,"sales_last_days":0,"reserved_stock":null,"customer_returns":null,"warehouse_damage":null,"lost_in_post":null,"other_logs":null,"out_stock_days":0,"lost_sales":0,"has_location":null,"update_date":"2026-04-27T07:22:40","atum_locations":[],"atum_stock_status":"instock","restock_status":false,"low_stock_amount":"","sales_update_date":"2026-01-30T01:25:48","calc_backorders":null,"_links":{"self":[{"href":"https:\/\/aromasentia.com\/fr\/wp-json\/wp\/v2\/product\/220904","targetHints":{"allow":["GET"]}}],"collection":[{"href":"https:\/\/aromasentia.com\/fr\/wp-json\/wp\/v2\/product"}],"about":[{"href":"https:\/\/aromasentia.com\/fr\/wp-json\/wp\/v2\/types\/product"}],"replies":[{"embeddable":true,"href":"https:\/\/aromasentia.com\/fr\/wp-json\/wp\/v2\/comments?post=220904"}],"version-history":[{"count":0,"href":"https:\/\/aromasentia.com\/fr\/wp-json\/wp\/v2\/product\/220904\/revisions"}],"wp:featuredmedia":[{"embeddable":true,"href":"https:\/\/aromasentia.com\/fr\/wp-json\/wp\/v2\/media\/412623"}],"wp:attachment":[{"href":"https:\/\/aromasentia.com\/fr\/wp-json\/wp\/v2\/media?parent=220904"}],"wp:term":[{"taxonomy":"product_brand","embeddable":true,"href":"https:\/\/aromasentia.com\/fr\/wp-json\/wp\/v2\/product_brand?post=220904"},{"taxonomy":"product_cat","embeddable":true,"href":"https:\/\/aromasentia.com\/fr\/wp-json\/wp\/v2\/product_cat?post=220904"},{"taxonomy":"product_tag","embeddable":true,"href":"https:\/\/aromasentia.com\/fr\/wp-json\/wp\/v2\/product_tag?post=220904"}],"curies":[{"name":"wp","href":"https:\/\/api.w.org\/{rel}","templated":true}]}}