{"id":220796,"date":"2025-03-23T10:31:40","date_gmt":"2025-03-23T10:31:40","guid":{"rendered":"https:\/\/aromasentia.com\/product\/angel-dust-premium-incense\/"},"modified":"2025-12-30T19:01:23","modified_gmt":"2025-12-30T19:01:23","slug":"encens-de-poussiere-dange-stamford-premium","status":"publish","type":"product","link":"https:\/\/aromasentia.com\/fr\/encens-de-poussiere-dange-stamford-premium\/","title":{"rendered":"Encens de Poussi\u00e8re d&rsquo;Ange Stamford Premium"},"content":{"rendered":"<p>Reposez vous et profitez de la subtilit\u00e9 des ar\u00f4mes de Lilly que cet encens impr\u00e8gne dans l&rsquo;air autour de vous._x000D_<br \/>\n<br \/>_x000D_<br \/>\nLes encens de Stamford Premium Hex vous permettront de vous d\u00e9tendre et de profiter de la subtilit\u00e9 du parfum et de l&rsquo;ar\u00f4me que vous laissez l&rsquo;encens infuser dans l&rsquo;air autour de vous._x000D_<br \/>\n<br \/>_x000D_<br \/>\nCette gamme de b\u00e2tons d&rsquo;encens a quelque chose de parfait pour tout le monde, avec ses bonnes odeurs de qualit\u00e9 elle vous permet de cr\u00e9er chez vous l&rsquo;ambiance parfaite pour la d\u00e9tente , l&rsquo;\u00e9l\u00e9gance et le divertissement._x000D_<br \/>\n<br \/>_x000D_<br \/>\nSimplement allumer le bout de votre b\u00e2ton d&rsquo;encens et attendre que \u00e7a brille ,puis souffler la flamme et placer dans un porte-encens pour un beau parfum dans toute votre maison ._x000D_<br \/>\n<br \/>_x000D_<br \/>\nChaque paquet de b\u00e2tonnets d&rsquo;encens fourr\u00e9s contient 20 b\u00e2tonnets d&rsquo;encens._x000D_<br \/>\n<br \/>_x000D_<br \/>\nTemps de br\u00fblement  de 30 minutes environ._x000D_<br \/>\n<br \/>_x000D_<br \/>\nPlacer dans un porte-encens pour le meilleur resultat._x000D_<br \/>\n<br \/>_x000D_<br \/>\nFabriqu\u00e9 \u00e0 partir de mati\u00e8res premi\u00e8res de parfumerie seulement._x000D_<br \/>\n<br \/>_x000D_<br \/>\nL&#8217;emballage est recyclable.<\/p>\n","protected":false},"excerpt":{"rendered":"<p>Reposez vous et profitez de la subtilit\u00e9 des ar\u00f4mes de Lilly que cet encens impr\u00e8gne dans l&rsquo;air autour de vous._x000D_ _x000D_ Les encens de Stamford Premium Hex vous permettront de vous d\u00e9tendre et de profiter de la subtilit\u00e9 du parfum et de l&rsquo;ar\u00f4me que vous laissez l&rsquo;encens infuser dans l&rsquo;air autour de vous._x000D_ _x000D_ Cette [&hellip;]<\/p>\n","protected":false},"featured_media":413503,"comment_status":"closed","ping_status":"open","template":"","meta":{"_angie_page":false},"product_brand":[27143],"product_cat":[15193,15147],"product_tag":[],"class_list":{"0":"post-220796","1":"product","2":"type-product","3":"status-publish","4":"has-post-thumbnail","6":"product_brand-stamford","7":"product_cat-batonnets-d-encens","8":"product_cat-encens-et-porte-encens","9":"pa_collection-stamford-premium-incense-sticks-fr","10":"pa_made-in-inde","12":"first","13":"instock","14":"purchasable","15":"product-type-simple"},"supplier_id":null,"supplier_sku":"StamFP-23","barcode":null,"atum_controlled":true,"out_stock_date":null,"out_stock_threshold":null,"inheritable":false,"inbound_stock":null,"stock_on_hold":0,"sold_today":0,"sales_last_days":0,"reserved_stock":null,"customer_returns":null,"warehouse_damage":null,"lost_in_post":null,"other_logs":null,"out_stock_days":0,"lost_sales":0,"has_location":null,"update_date":"2026-04-29T05:08:19","atum_locations":[],"atum_stock_status":"instock","restock_status":false,"low_stock_amount":"","sales_update_date":"2026-01-30T01:24:23","calc_backorders":null,"_links":{"self":[{"href":"https:\/\/aromasentia.com\/fr\/wp-json\/wp\/v2\/product\/220796","targetHints":{"allow":["GET"]}}],"collection":[{"href":"https:\/\/aromasentia.com\/fr\/wp-json\/wp\/v2\/product"}],"about":[{"href":"https:\/\/aromasentia.com\/fr\/wp-json\/wp\/v2\/types\/product"}],"replies":[{"embeddable":true,"href":"https:\/\/aromasentia.com\/fr\/wp-json\/wp\/v2\/comments?post=220796"}],"version-history":[{"count":0,"href":"https:\/\/aromasentia.com\/fr\/wp-json\/wp\/v2\/product\/220796\/revisions"}],"wp:featuredmedia":[{"embeddable":true,"href":"https:\/\/aromasentia.com\/fr\/wp-json\/wp\/v2\/media\/413503"}],"wp:attachment":[{"href":"https:\/\/aromasentia.com\/fr\/wp-json\/wp\/v2\/media?parent=220796"}],"wp:term":[{"taxonomy":"product_brand","embeddable":true,"href":"https:\/\/aromasentia.com\/fr\/wp-json\/wp\/v2\/product_brand?post=220796"},{"taxonomy":"product_cat","embeddable":true,"href":"https:\/\/aromasentia.com\/fr\/wp-json\/wp\/v2\/product_cat?post=220796"},{"taxonomy":"product_tag","embeddable":true,"href":"https:\/\/aromasentia.com\/fr\/wp-json\/wp\/v2\/product_tag?post=220796"}],"curies":[{"name":"wp","href":"https:\/\/api.w.org\/{rel}","templated":true}]}}