{"id":220736,"date":"2025-03-23T10:31:40","date_gmt":"2025-03-23T10:31:40","guid":{"rendered":"https:\/\/aromasentia.com\/product\/basil-neroli-incense-cones\/"},"modified":"2025-12-30T19:01:16","modified_gmt":"2025-12-30T19:01:16","slug":"cones-stamford-premium-basilic-neroli","status":"publish","type":"product","link":"https:\/\/aromasentia.com\/fr\/cones-stamford-premium-basilic-neroli\/","title":{"rendered":"C\u00f4nes Stamford Premium &#8211; Basilic &#038; N\u00e9roli"},"content":{"rendered":"<p><strong>Les c\u00f4nes d&rsquo;encens de qualit\u00e9 sup\u00e9rieure Stamford<\/strong> en gros apporteront \u00e0 vos clients un parfum d\u00e9licatement romantique et une relaxation magnifique.&nbsp;<\/p>\n<p>Le parfum merveilleux est doux et durable, parfait pour se d\u00e9tendre et recevoir. Les c\u00f4nes d&rsquo;encens Stamford vous permettent de cr\u00e9er l&rsquo;ambiance parfaite pour la d\u00e9tente, les r\u00e9ceptions et une maison vraiment \u00e9l\u00e9gante. Il suffit d&rsquo;allumer l&rsquo;extr\u00e9mit\u00e9 du c\u00f4ne et d&rsquo;attendre qu&rsquo;il s&rsquo;allume.&nbsp;<\/p>\n<p>Soufflez ensuite la flamme et placez-la dans un porte-encens pour qu&rsquo;elle embaume toute la maison. Paquet de c\u00f4nes d&rsquo;encens et de porte-encens en m\u00e9tal&nbsp;<\/p>\n<p>Contient environ <strong>15 c\u00f4nes d&rsquo;encens <\/strong><\/p>\n<p>Fabriqu\u00e9 uniquement \u00e0 partir de <strong>mati\u00e8res premi\u00e8res de parfumerie <\/strong><\/p>\n<p>La dur\u00e9e de combustion est d&rsquo;environ <strong>20 minutes par c\u00f4ne<\/strong>.&nbsp;<\/p>\n<p><strong><span style=\"color: rgb(141, 186, 216);\">Un produit essentiel et rentable pour toute boutique de cadeaux.<\/span><\/strong> <\/p>\n","protected":false},"excerpt":{"rendered":"<p>Les c\u00f4nes d&rsquo;encens de qualit\u00e9 sup\u00e9rieure Stamford en gros apporteront \u00e0 vos clients un parfum d\u00e9licatement romantique et une relaxation magnifique.&nbsp; Le parfum merveilleux est doux et durable, parfait pour se d\u00e9tendre et recevoir. Les c\u00f4nes d&rsquo;encens Stamford vous permettent de cr\u00e9er l&rsquo;ambiance parfaite pour la d\u00e9tente, les r\u00e9ceptions et une maison vraiment \u00e9l\u00e9gante. Il [&hellip;]<\/p>\n","protected":false},"featured_media":413256,"comment_status":"closed","ping_status":"open","template":"","meta":{"_angie_page":false},"product_brand":[27143],"product_cat":[26091,15328,15147,26832,26860,26293,25842],"product_tag":[],"class_list":{"0":"post-220736","1":"product","2":"type-product","3":"status-publish","4":"has-post-thumbnail","6":"product_brand-stamford","7":"product_cat-basilic","8":"product_cat-cones-d-encens","9":"product_cat-encens-et-porte-encens","10":"product_cat-floral","11":"product_cat-herbes-aromatiques","12":"product_cat-neroli","13":"product_cat-senteurs-aromes","14":"pa_collection-stamford-premium-incense-cones-fr","15":"pa_made-in-inde","17":"first","18":"instock","19":"purchasable","20":"product-type-simple"},"supplier_id":null,"supplier_sku":"StamC-19","barcode":null,"atum_controlled":true,"out_stock_date":null,"out_stock_threshold":null,"inheritable":false,"inbound_stock":null,"stock_on_hold":0,"sold_today":0,"sales_last_days":0,"reserved_stock":null,"customer_returns":null,"warehouse_damage":null,"lost_in_post":null,"other_logs":null,"out_stock_days":0,"lost_sales":0,"has_location":null,"update_date":"2026-04-29T13:02:07","atum_locations":[],"atum_stock_status":"instock","restock_status":false,"low_stock_amount":"","sales_update_date":"2025-09-03T00:17:54","calc_backorders":null,"_links":{"self":[{"href":"https:\/\/aromasentia.com\/fr\/wp-json\/wp\/v2\/product\/220736","targetHints":{"allow":["GET"]}}],"collection":[{"href":"https:\/\/aromasentia.com\/fr\/wp-json\/wp\/v2\/product"}],"about":[{"href":"https:\/\/aromasentia.com\/fr\/wp-json\/wp\/v2\/types\/product"}],"replies":[{"embeddable":true,"href":"https:\/\/aromasentia.com\/fr\/wp-json\/wp\/v2\/comments?post=220736"}],"version-history":[{"count":0,"href":"https:\/\/aromasentia.com\/fr\/wp-json\/wp\/v2\/product\/220736\/revisions"}],"wp:featuredmedia":[{"embeddable":true,"href":"https:\/\/aromasentia.com\/fr\/wp-json\/wp\/v2\/media\/413256"}],"wp:attachment":[{"href":"https:\/\/aromasentia.com\/fr\/wp-json\/wp\/v2\/media?parent=220736"}],"wp:term":[{"taxonomy":"product_brand","embeddable":true,"href":"https:\/\/aromasentia.com\/fr\/wp-json\/wp\/v2\/product_brand?post=220736"},{"taxonomy":"product_cat","embeddable":true,"href":"https:\/\/aromasentia.com\/fr\/wp-json\/wp\/v2\/product_cat?post=220736"},{"taxonomy":"product_tag","embeddable":true,"href":"https:\/\/aromasentia.com\/fr\/wp-json\/wp\/v2\/product_tag?post=220736"}],"curies":[{"name":"wp","href":"https:\/\/api.w.org\/{rel}","templated":true}]}}