{"id":220684,"date":"2025-03-23T10:31:40","date_gmt":"2025-03-23T10:31:40","guid":{"rendered":"https:\/\/aromasentia.com\/product\/californian-white-sage-incense-cones\/"},"modified":"2025-12-30T19:01:08","modified_gmt":"2025-12-30T19:01:08","slug":"cones-stamford-premium-sauge-blanche-de-californie","status":"publish","type":"product","link":"https:\/\/aromasentia.com\/fr\/cones-stamford-premium-sauge-blanche-de-californie\/","title":{"rendered":"C\u00f4nes Stamford Premium &#8211; Sauge Blanche de Californie"},"content":{"rendered":"<p>Ces magnifiques <strong><span style=\"color: rgb(75, 80, 88);\">c\u00f4nes d&rsquo;encens de Stamford &#8211; Sauge Blanche de Californie<\/span><\/strong> vous raviront avec leurs parfums d\u00e9licats et romantiques. Leur odeur est douce et durable, id\u00e9al pour se d\u00e9tendre et se ressourcer.<\/p>\n<p>Nos c\u00f4nes d\u2019encens Stamford vous permettent de cr\u00e9er une ambiance parfaite pour toutes pi\u00e8ces de la maison. De l\u2019Aloe Vera au Musc Blanc, il y a une odeur parfaite pour tout le monde.<\/p>\n<p>Il suffit simplement d&rsquo;allumer la pointe du c\u00f4ne Stamford et d&rsquo;attendre pour qu&rsquo;il s\u2019allume. Ensuite, \u00e9teignez la flamme et placez-le sur un porte-encens pour r\u00e9pandre un parfum magnifique dans votre maison.<\/p>\n<ul>\n<li><strong>Paquet de c\u00f4ne d&rsquo;encens avec support en m\u00e9tal<\/strong><\/li>\n<li><strong>Contient 15 c\u00f4nes d&rsquo;encens environ<\/strong><\/li>\n<li><strong>Fabriqu\u00e9 seulement \u00e0 partir de mati\u00e8res premi\u00e8res en parfumerie<\/strong><\/li>\n<li><strong>L&#8217;emballage est recyclable<\/strong><\/li>\n<li><strong>Pour obtenir de meilleurs r\u00e9sultats, placez-les sur un porte-encens<\/strong><\/li>\n<li><strong>Temps de combustion 20 minutes environ par c\u00f4ne<\/strong><\/li>\n<\/ul>\n","protected":false},"excerpt":{"rendered":"<p>Ces magnifiques c\u00f4nes d&rsquo;encens de Stamford &#8211; Sauge Blanche de Californie vous raviront avec leurs parfums d\u00e9licats et romantiques. Leur odeur est douce et durable, id\u00e9al pour se d\u00e9tendre et se ressourcer. Nos c\u00f4nes d\u2019encens Stamford vous permettent de cr\u00e9er une ambiance parfaite pour toutes pi\u00e8ces de la maison. De l\u2019Aloe Vera au Musc Blanc, [&hellip;]<\/p>\n","protected":false},"featured_media":413067,"comment_status":"closed","ping_status":"open","template":"","meta":[],"product_brand":[27143],"product_cat":[15328,15147,26860,26485,25842],"product_tag":[],"class_list":{"0":"post-220684","1":"product","2":"type-product","3":"status-publish","4":"has-post-thumbnail","6":"product_brand-stamford","7":"product_cat-cones-d-encens","8":"product_cat-encens-et-porte-encens","9":"product_cat-herbes-aromatiques","10":"product_cat-sauge-blanche","11":"product_cat-senteurs-aromes","12":"pa_collection-stamford-premium-incense-cones-fr","13":"pa_made-in-inde","15":"first","16":"instock","17":"purchasable","18":"product-type-simple"},"supplier_id":null,"supplier_sku":"StamC-21","barcode":null,"atum_controlled":true,"out_stock_date":null,"out_stock_threshold":null,"inheritable":false,"inbound_stock":null,"stock_on_hold":0,"sold_today":0,"sales_last_days":0,"reserved_stock":null,"customer_returns":null,"warehouse_damage":null,"lost_in_post":null,"other_logs":null,"out_stock_days":0,"lost_sales":0,"has_location":null,"update_date":"2026-02-12T03:44:41","atum_locations":[],"atum_stock_status":"instock","restock_status":false,"low_stock_amount":"","sales_update_date":"2026-01-30T01:24:33","calc_backorders":null,"_links":{"self":[{"href":"https:\/\/aromasentia.com\/fr\/wp-json\/wp\/v2\/product\/220684","targetHints":{"allow":["GET"]}}],"collection":[{"href":"https:\/\/aromasentia.com\/fr\/wp-json\/wp\/v2\/product"}],"about":[{"href":"https:\/\/aromasentia.com\/fr\/wp-json\/wp\/v2\/types\/product"}],"replies":[{"embeddable":true,"href":"https:\/\/aromasentia.com\/fr\/wp-json\/wp\/v2\/comments?post=220684"}],"version-history":[{"count":0,"href":"https:\/\/aromasentia.com\/fr\/wp-json\/wp\/v2\/product\/220684\/revisions"}],"wp:featuredmedia":[{"embeddable":true,"href":"https:\/\/aromasentia.com\/fr\/wp-json\/wp\/v2\/media\/413067"}],"wp:attachment":[{"href":"https:\/\/aromasentia.com\/fr\/wp-json\/wp\/v2\/media?parent=220684"}],"wp:term":[{"taxonomy":"product_brand","embeddable":true,"href":"https:\/\/aromasentia.com\/fr\/wp-json\/wp\/v2\/product_brand?post=220684"},{"taxonomy":"product_cat","embeddable":true,"href":"https:\/\/aromasentia.com\/fr\/wp-json\/wp\/v2\/product_cat?post=220684"},{"taxonomy":"product_tag","embeddable":true,"href":"https:\/\/aromasentia.com\/fr\/wp-json\/wp\/v2\/product_tag?post=220684"}],"curies":[{"name":"wp","href":"https:\/\/api.w.org\/{rel}","templated":true}]}}