{"id":220672,"date":"2025-03-23T10:31:40","date_gmt":"2025-03-23T10:31:40","guid":{"rendered":"https:\/\/aromasentia.com\/product\/dragons-blood-incense-cones\/"},"modified":"2025-12-30T19:01:08","modified_gmt":"2025-12-30T19:01:08","slug":"cones-stamford-premium-sang-de-dragon","status":"publish","type":"product","link":"https:\/\/aromasentia.com\/fr\/cones-stamford-premium-sang-de-dragon\/","title":{"rendered":"C\u00f4nes Stamford Premium &#8211; Sang de Dragon"},"content":{"rendered":"<p><strong><span style=\"color: rgb(75, 80, 88);\">Sang de Dragon<\/span><\/strong> a \u00e9t\u00e9 utilis\u00e9 pour chasser le mal et la n\u00e9gativit\u00e9 lorsqu&rsquo;il est br\u00fbl\u00e9. Br\u00fblez cet encens pour l&rsquo;amour et la protection. Les c\u00f4nes d&rsquo;encens Stamford Premium en gros \u00e9l\u00e8veront votre client avec un parfum d\u00e9licatement romantique et offriront une d\u00e9tente magnifique.&nbsp;<\/p>\n<p>Le merveilleux parfum est doux et durable, parfait pour se d\u00e9tendre et se divertir. Les c\u00f4nes d&rsquo;encens Stamford vous permettent de cr\u00e9er l&rsquo;ambiance parfaite pour la d\u00e9tente, le divertissement et une maison vraiment \u00e9l\u00e9gante.&nbsp;<\/p>\n<p>Allumez simplement la pointe de votre c\u00f4ne et attendez qu&rsquo;il brille. Soufflez ensuite la flamme et placez-la dans un porte-encens pour un beau parfum dans toute votre maison. Pack de c\u00f4nes d&rsquo;encens et support en m\u00e9tal&nbsp;<\/p>\n<p>Contient environ 15 c\u00f4nes d&rsquo;encens Fabriqu\u00e9 \u00e0 partir de mati\u00e8res premi\u00e8res de parfumerie uniquement Le temps de combustion est d&rsquo;environ 20 minutes par c\u00f4ne&nbsp;<\/p>\n<p><strong><span style=\"color: rgb(141, 186, 216);\">Un produit essentiel et rentable pour toute boutique de cadeaux.<\/span><\/strong><\/p>\n","protected":false},"excerpt":{"rendered":"<p>Sang de Dragon a \u00e9t\u00e9 utilis\u00e9 pour chasser le mal et la n\u00e9gativit\u00e9 lorsqu&rsquo;il est br\u00fbl\u00e9. Br\u00fblez cet encens pour l&rsquo;amour et la protection. Les c\u00f4nes d&rsquo;encens Stamford Premium en gros \u00e9l\u00e8veront votre client avec un parfum d\u00e9licatement romantique et offriront une d\u00e9tente magnifique.&nbsp; Le merveilleux parfum est doux et durable, parfait pour se d\u00e9tendre [&hellip;]<\/p>\n","protected":false},"featured_media":413040,"comment_status":"closed","ping_status":"open","template":"","meta":{"_angie_page":false},"product_brand":[27143],"product_cat":[15328,15147],"product_tag":[],"class_list":{"0":"post-220672","1":"product","2":"type-product","3":"status-publish","4":"has-post-thumbnail","6":"product_brand-stamford","7":"product_cat-cones-d-encens","8":"product_cat-encens-et-porte-encens","9":"pa_collection-stamford-premium-incense-cones-fr","10":"pa_made-in-inde","12":"first","13":"instock","14":"purchasable","15":"product-type-simple"},"supplier_id":null,"supplier_sku":"StamC-15","barcode":null,"atum_controlled":true,"out_stock_date":null,"out_stock_threshold":null,"inheritable":false,"inbound_stock":null,"stock_on_hold":0,"sold_today":0,"sales_last_days":0,"reserved_stock":null,"customer_returns":null,"warehouse_damage":null,"lost_in_post":null,"other_logs":null,"out_stock_days":0,"lost_sales":0,"has_location":null,"update_date":"2026-05-08T05:20:17","atum_locations":[],"atum_stock_status":"instock","restock_status":false,"low_stock_amount":"","sales_update_date":"2026-01-30T01:24:58","calc_backorders":null,"_links":{"self":[{"href":"https:\/\/aromasentia.com\/fr\/wp-json\/wp\/v2\/product\/220672","targetHints":{"allow":["GET"]}}],"collection":[{"href":"https:\/\/aromasentia.com\/fr\/wp-json\/wp\/v2\/product"}],"about":[{"href":"https:\/\/aromasentia.com\/fr\/wp-json\/wp\/v2\/types\/product"}],"replies":[{"embeddable":true,"href":"https:\/\/aromasentia.com\/fr\/wp-json\/wp\/v2\/comments?post=220672"}],"version-history":[{"count":0,"href":"https:\/\/aromasentia.com\/fr\/wp-json\/wp\/v2\/product\/220672\/revisions"}],"wp:featuredmedia":[{"embeddable":true,"href":"https:\/\/aromasentia.com\/fr\/wp-json\/wp\/v2\/media\/413040"}],"wp:attachment":[{"href":"https:\/\/aromasentia.com\/fr\/wp-json\/wp\/v2\/media?parent=220672"}],"wp:term":[{"taxonomy":"product_brand","embeddable":true,"href":"https:\/\/aromasentia.com\/fr\/wp-json\/wp\/v2\/product_brand?post=220672"},{"taxonomy":"product_cat","embeddable":true,"href":"https:\/\/aromasentia.com\/fr\/wp-json\/wp\/v2\/product_cat?post=220672"},{"taxonomy":"product_tag","embeddable":true,"href":"https:\/\/aromasentia.com\/fr\/wp-json\/wp\/v2\/product_tag?post=220672"}],"curies":[{"name":"wp","href":"https:\/\/api.w.org\/{rel}","templated":true}]}}