{"id":220608,"date":"2025-03-23T10:31:48","date_gmt":"2025-03-23T10:31:48","guid":{"rendered":"https:\/\/aromasentia.com\/product\/tribal-soul-backflow-incesne-myrrh\/"},"modified":"2025-12-30T19:00:53","modified_gmt":"2025-12-30T19:00:53","slug":"cones-pour-fontaines-a-encens-ame-tribale-myrrhe","status":"publish","type":"product","link":"https:\/\/aromasentia.com\/fr\/cones-pour-fontaines-a-encens-ame-tribale-myrrhe\/","title":{"rendered":"Cones pour Fontaines \u00e0 Encens \u00c2me Tribale &#8211; Myrrhe"},"content":{"rendered":"<p><strong><span style=\"color: rgb(75, 80, 88);\">Myrrhe&nbsp;<\/span><\/strong>: Le copal provient du mot azt\u00e8que nahuatil (Copalli) et fait r\u00e9f\u00e9rence \u00e0 la vari\u00e9t\u00e9 de r\u00e9sines extraites des arbres de la famille \u00ab\u00a0Bursera\u00a0\u00bb. Il y a des milliers d&rsquo;ann\u00e9es, le Copal \u00e9tait consid\u00e9r\u00e9 comme une r\u00e9sine sacr\u00e9e par les Mayas et les Azt\u00e8ques au Mexique et en Am\u00e9rique centrale.&nbsp;<\/p>\n<p>Les Mayas avaient l&rsquo;habitude d&rsquo;offrir le copal aux dieux comme l&rsquo;une des choses les plus pr\u00e9cieuses, avec le tabac et le cacao. Le copal est encore utilis\u00e9 aujourd&rsquo;hui dans les c\u00e9r\u00e9monies chamaniques pour la protection \u00e9nerg\u00e9tique, l&rsquo;offrande, le nettoyage et la purification.&nbsp;<\/p>\n<p>C&rsquo;est un excellent encens pour apporter des changements positifs. Le copal a une riche odeur sucr\u00e9e de pin qui apporte paix et harmonie.&nbsp;<\/p>\n<p>Mode d&#8217;emploi : Tenez le c\u00f4ne d&rsquo;une main, le briquet de l&rsquo;autre. Inclinez le c\u00f4ne sur le c\u00f4t\u00e9 et allumez l&rsquo;extr\u00e9mit\u00e9 pointue du c\u00f4ne pendant 5 \u00e0 10 secondes. lorsqu&rsquo;il commence \u00e0 briller, \u00e9teignez la flamme et placez le c\u00f4ne sur le br\u00fbleur d&rsquo;encens \u00e0 refoulement (NON INCLUS) Profitez de la fum\u00e9e du flux descendant.&nbsp;<\/p>\n<p><strong><span style=\"color: rgb(141, 186, 216);\">Pour une utilisation optimale, tenir \u00e0 l&rsquo;\u00e9cart des courants d&rsquo;air.<\/span><\/strong><\/p>\n","protected":false},"excerpt":{"rendered":"<p>Myrrhe&nbsp;: Le copal provient du mot azt\u00e8que nahuatil (Copalli) et fait r\u00e9f\u00e9rence \u00e0 la vari\u00e9t\u00e9 de r\u00e9sines extraites des arbres de la famille \u00ab\u00a0Bursera\u00a0\u00bb. Il y a des milliers d&rsquo;ann\u00e9es, le Copal \u00e9tait consid\u00e9r\u00e9 comme une r\u00e9sine sacr\u00e9e par les Mayas et les Azt\u00e8ques au Mexique et en Am\u00e9rique centrale.&nbsp; Les Mayas avaient l&rsquo;habitude d&rsquo;offrir [&hellip;]<\/p>\n","protected":false},"featured_media":414620,"comment_status":"closed","ping_status":"open","template":"","meta":{"_angie_page":false},"product_brand":[27150],"product_cat":[15328,15147,26285,26881,25842],"product_tag":[],"class_list":{"0":"post-220608","1":"product","2":"type-product","3":"status-publish","4":"has-post-thumbnail","6":"product_brand-tribal-soul","7":"product_cat-cones-d-encens","8":"product_cat-encens-et-porte-encens","9":"product_cat-myrrh","10":"product_cat-resineux-balsamique","11":"product_cat-senteurs-aromes","12":"pa_collection-tribal-soul-premium-backflow-incense-cones-fr","13":"pa_made-in-inde","15":"first","16":"instock","17":"purchasable","18":"product-type-simple"},"supplier_id":null,"supplier_sku":"TribalBF-04","barcode":null,"atum_controlled":true,"out_stock_date":null,"out_stock_threshold":null,"inheritable":false,"inbound_stock":null,"stock_on_hold":0,"sold_today":0,"sales_last_days":0,"reserved_stock":null,"customer_returns":null,"warehouse_damage":null,"lost_in_post":null,"other_logs":null,"out_stock_days":0,"lost_sales":0,"has_location":null,"update_date":"2026-04-30T06:45:56","atum_locations":[],"atum_stock_status":"instock","restock_status":false,"low_stock_amount":"","sales_update_date":"2025-09-03T00:17:48","calc_backorders":null,"_links":{"self":[{"href":"https:\/\/aromasentia.com\/fr\/wp-json\/wp\/v2\/product\/220608","targetHints":{"allow":["GET"]}}],"collection":[{"href":"https:\/\/aromasentia.com\/fr\/wp-json\/wp\/v2\/product"}],"about":[{"href":"https:\/\/aromasentia.com\/fr\/wp-json\/wp\/v2\/types\/product"}],"replies":[{"embeddable":true,"href":"https:\/\/aromasentia.com\/fr\/wp-json\/wp\/v2\/comments?post=220608"}],"version-history":[{"count":0,"href":"https:\/\/aromasentia.com\/fr\/wp-json\/wp\/v2\/product\/220608\/revisions"}],"wp:featuredmedia":[{"embeddable":true,"href":"https:\/\/aromasentia.com\/fr\/wp-json\/wp\/v2\/media\/414620"}],"wp:attachment":[{"href":"https:\/\/aromasentia.com\/fr\/wp-json\/wp\/v2\/media?parent=220608"}],"wp:term":[{"taxonomy":"product_brand","embeddable":true,"href":"https:\/\/aromasentia.com\/fr\/wp-json\/wp\/v2\/product_brand?post=220608"},{"taxonomy":"product_cat","embeddable":true,"href":"https:\/\/aromasentia.com\/fr\/wp-json\/wp\/v2\/product_cat?post=220608"},{"taxonomy":"product_tag","embeddable":true,"href":"https:\/\/aromasentia.com\/fr\/wp-json\/wp\/v2\/product_tag?post=220608"}],"curies":[{"name":"wp","href":"https:\/\/api.w.org\/{rel}","templated":true}]}}