{"id":220584,"date":"2025-03-23T10:31:48","date_gmt":"2025-03-23T10:31:48","guid":{"rendered":"https:\/\/aromasentia.com\/product\/buddha-long-leaf-tibetan-decor-incense-holder\/"},"modified":"2025-12-30T19:00:53","modified_gmt":"2025-12-30T19:00:53","slug":"porte-encens-tibetain-bouddha-a-longue-feuille","status":"publish","type":"product","link":"https:\/\/aromasentia.com\/fr\/porte-encens-tibetain-bouddha-a-longue-feuille\/","title":{"rendered":"Porte-encens Tib\u00e9tain Bouddha \u00e0 Longue Feuille"},"content":{"rendered":"<p>Plongez vos clients dans la mystique de nos <strong>Portes-encens d\u00e9coratifs tib\u00e9tains<\/strong>, une collection o\u00f9chaque pi\u00e8ce est un travail d&rsquo;amour, fabriqu\u00e9 \u00e0 la main au c\u0153ur de l&rsquo;Inde.&nbsp;<\/p>\n<p>La palette de couleurs rouge, bleu profond et turquoise, associ\u00e9e \u00e0 des d\u00e9tails en m\u00e9tal argent\u00e9 et en or, ajoute une couche de profondeur et de richesse \u00e0 chaque pi\u00e8ce.&nbsp;<\/p>\n<p>Elles gardent un lien avec le divin, les \u00e9l\u00e9ments naturels et les enseignements profonds du bouddhisme, faisant de chaque pi\u00e8ce non seulement un objet fonctionnel, mais aussi un symbole de la culture et de la spiritualit\u00e9 tib\u00e9taines. Le Porte-encens Tib\u00e9tain Bouddha \u00e0 Longue Feuille offre un sanctuaire d&rsquo;illumination et de paix.&nbsp;<\/p>\n<p>Ce mod\u00e8le repr\u00e9sente un Bouddha serein, symbolisant le voyage vers la d\u00e9couverte de soi et l&rsquo;illumination, berc\u00e9 dans l&rsquo;\u00e9treinte d&rsquo;un long porte-encens en forme de feuille. Ses pi\u00e8ces en c\u00e9ramique pos\u00e9es \u00e0 la main brillent dans les tons du ciel et de la mer&nbsp;<\/p>\n<p><strong>Vendu en pack de 2 pi\u00e8ces.&nbsp;<\/strong><\/p>\n<p><strong>Dimensions :&nbsp;<\/strong>30 x 5,5<\/p>\n","protected":false},"excerpt":{"rendered":"<p>Plongez vos clients dans la mystique de nos Portes-encens d\u00e9coratifs tib\u00e9tains, une collection o\u00f9chaque pi\u00e8ce est un travail d&rsquo;amour, fabriqu\u00e9 \u00e0 la main au c\u0153ur de l&rsquo;Inde.&nbsp; La palette de couleurs rouge, bleu profond et turquoise, associ\u00e9e \u00e0 des d\u00e9tails en m\u00e9tal argent\u00e9 et en or, ajoute une couche de profondeur et de richesse \u00e0 [&hellip;]<\/p>\n","protected":false},"featured_media":414494,"comment_status":"closed","ping_status":"open","template":"","meta":{"_angie_page":false},"product_brand":[],"product_cat":[15147,15148,15164],"product_tag":[],"class_list":{"0":"post-220584","1":"product","2":"type-product","3":"status-publish","4":"has-post-thumbnail","6":"product_cat-encens-et-porte-encens","7":"product_cat-porte-encens-et-encensoirs","8":"product_cat-porte-encens-pour-cones","9":"pa_collection-tibetan-decor-incense-holders-fr","10":"pa_made-in-inde","12":"first","13":"instock","14":"purchasable","15":"product-type-simple"},"supplier_id":null,"supplier_sku":"TDIH-05","barcode":null,"atum_controlled":true,"out_stock_date":null,"out_stock_threshold":null,"inheritable":false,"inbound_stock":null,"stock_on_hold":0,"sold_today":0,"sales_last_days":0,"reserved_stock":null,"customer_returns":null,"warehouse_damage":null,"lost_in_post":null,"other_logs":null,"out_stock_days":0,"lost_sales":0,"has_location":null,"update_date":"2026-04-30T01:02:25","atum_locations":[],"atum_stock_status":"instock","restock_status":false,"low_stock_amount":"","sales_update_date":"2025-09-03T00:17:46","calc_backorders":null,"_links":{"self":[{"href":"https:\/\/aromasentia.com\/fr\/wp-json\/wp\/v2\/product\/220584","targetHints":{"allow":["GET"]}}],"collection":[{"href":"https:\/\/aromasentia.com\/fr\/wp-json\/wp\/v2\/product"}],"about":[{"href":"https:\/\/aromasentia.com\/fr\/wp-json\/wp\/v2\/types\/product"}],"replies":[{"embeddable":true,"href":"https:\/\/aromasentia.com\/fr\/wp-json\/wp\/v2\/comments?post=220584"}],"version-history":[{"count":0,"href":"https:\/\/aromasentia.com\/fr\/wp-json\/wp\/v2\/product\/220584\/revisions"}],"wp:featuredmedia":[{"embeddable":true,"href":"https:\/\/aromasentia.com\/fr\/wp-json\/wp\/v2\/media\/414494"}],"wp:attachment":[{"href":"https:\/\/aromasentia.com\/fr\/wp-json\/wp\/v2\/media?parent=220584"}],"wp:term":[{"taxonomy":"product_brand","embeddable":true,"href":"https:\/\/aromasentia.com\/fr\/wp-json\/wp\/v2\/product_brand?post=220584"},{"taxonomy":"product_cat","embeddable":true,"href":"https:\/\/aromasentia.com\/fr\/wp-json\/wp\/v2\/product_cat?post=220584"},{"taxonomy":"product_tag","embeddable":true,"href":"https:\/\/aromasentia.com\/fr\/wp-json\/wp\/v2\/product_tag?post=220584"}],"curies":[{"name":"wp","href":"https:\/\/api.w.org\/{rel}","templated":true}]}}