{"id":220520,"date":"2025-03-23T10:31:48","date_gmt":"2025-03-23T10:31:48","guid":{"rendered":"https:\/\/aromasentia.com\/product\/citronella-lemongrass-premium-incense\/"},"modified":"2025-12-30T19:00:45","modified_gmt":"2025-12-30T19:00:45","slug":"batonnets-dencens-citronnelle-premium-stamford","status":"publish","type":"product","link":"https:\/\/aromasentia.com\/fr\/batonnets-dencens-citronnelle-premium-stamford\/","title":{"rendered":"B\u00e2tonnets d&rsquo;Encens Citronnelle Premium Stamford"},"content":{"rendered":"<\/p>\n<p>Les b\u00e2tonnets d&rsquo;encens hexagonaux de Stamford vous permettront de vous asseoir, de vous d\u00e9tendre et d&rsquo;appr\u00e9cier la subtilit\u00e9 de ce parfum et de cet ar\u00f4me en laissant l&rsquo;encens infuser l&rsquo;air autour de vous.<\/p>\n<p>Cette gamme de b\u00e2tonnets d&rsquo;encens vous permet de cr\u00e9er l&rsquo;ambiance parfaite pour la relaxation, les r\u00e9ceptions et une maison vraiment \u00e9l\u00e9gante. Avec des senteurs de bonne qualit\u00e9 dans chaque design, vous aurez quelque chose de sp\u00e9cial \u00e0 choisir pour chaque client.<\/p>\n","protected":false},"excerpt":{"rendered":"<p>Les b\u00e2tonnets d&rsquo;encens hexagonaux de Stamford vous permettront de vous asseoir, de vous d\u00e9tendre et d&rsquo;appr\u00e9cier la subtilit\u00e9 de ce parfum et de cet ar\u00f4me en laissant l&rsquo;encens infuser l&rsquo;air autour de vous. Cette gamme de b\u00e2tonnets d&rsquo;encens vous permet de cr\u00e9er l&rsquo;ambiance parfaite pour la relaxation, les r\u00e9ceptions et une maison vraiment \u00e9l\u00e9gante. Avec [&hellip;]<\/p>\n","protected":false},"featured_media":413990,"comment_status":"closed","ping_status":"open","template":"","meta":{"_angie_page":false},"product_brand":[27143],"product_cat":[15193,26140,15147,26818,26252,25842],"product_tag":[],"class_list":{"0":"post-220520","1":"product","2":"type-product","3":"status-publish","4":"has-post-thumbnail","6":"product_brand-stamford","7":"product_cat-batonnets-d-encens","8":"product_cat-citronnelle","9":"product_cat-encens-et-porte-encens","10":"product_cat-hesperide-agrumes","11":"product_cat-lemongrass-citronnelle","12":"product_cat-senteurs-aromes","13":"pa_collection-stamford-premium-incense-sticks-fr","14":"pa_made-in-inde","16":"first","17":"instock","18":"purchasable","19":"product-type-simple"},"supplier_id":null,"supplier_sku":"StamFP-46","barcode":null,"atum_controlled":true,"out_stock_date":null,"out_stock_threshold":null,"inheritable":false,"inbound_stock":null,"stock_on_hold":0,"sold_today":0,"sales_last_days":0,"reserved_stock":null,"customer_returns":null,"warehouse_damage":null,"lost_in_post":null,"other_logs":null,"out_stock_days":0,"lost_sales":0,"has_location":null,"update_date":"2026-04-27T07:23:41","atum_locations":[],"atum_stock_status":"instock","restock_status":false,"low_stock_amount":"","sales_update_date":"2026-01-30T01:26:10","calc_backorders":null,"_links":{"self":[{"href":"https:\/\/aromasentia.com\/fr\/wp-json\/wp\/v2\/product\/220520","targetHints":{"allow":["GET"]}}],"collection":[{"href":"https:\/\/aromasentia.com\/fr\/wp-json\/wp\/v2\/product"}],"about":[{"href":"https:\/\/aromasentia.com\/fr\/wp-json\/wp\/v2\/types\/product"}],"replies":[{"embeddable":true,"href":"https:\/\/aromasentia.com\/fr\/wp-json\/wp\/v2\/comments?post=220520"}],"version-history":[{"count":0,"href":"https:\/\/aromasentia.com\/fr\/wp-json\/wp\/v2\/product\/220520\/revisions"}],"wp:featuredmedia":[{"embeddable":true,"href":"https:\/\/aromasentia.com\/fr\/wp-json\/wp\/v2\/media\/413990"}],"wp:attachment":[{"href":"https:\/\/aromasentia.com\/fr\/wp-json\/wp\/v2\/media?parent=220520"}],"wp:term":[{"taxonomy":"product_brand","embeddable":true,"href":"https:\/\/aromasentia.com\/fr\/wp-json\/wp\/v2\/product_brand?post=220520"},{"taxonomy":"product_cat","embeddable":true,"href":"https:\/\/aromasentia.com\/fr\/wp-json\/wp\/v2\/product_cat?post=220520"},{"taxonomy":"product_tag","embeddable":true,"href":"https:\/\/aromasentia.com\/fr\/wp-json\/wp\/v2\/product_tag?post=220520"}],"curies":[{"name":"wp","href":"https:\/\/api.w.org\/{rel}","templated":true}]}}