{"id":220516,"date":"2025-03-23T10:31:48","date_gmt":"2025-03-23T10:31:48","guid":{"rendered":"https:\/\/aromasentia.com\/product\/californian-white-sage-premium-incense\/"},"modified":"2025-06-23T18:23:34","modified_gmt":"2025-06-23T18:23:34","slug":"stamford-premium-sauge-blanche-de-californie","status":"publish","type":"product","link":"https:\/\/aromasentia.com\/fr\/stamford-premium-sauge-blanche-de-californie\/","title":{"rendered":"Stamford Premium &#8211; Sauge Blanche de Californie"},"content":{"rendered":"<p><strong><span style=\"color: rgb(75, 80, 88);\">Les b\u00e2tons d&rsquo;encens hexagonaux Sauge de Blanche de Californie<\/span><\/strong> Stamford en gros vous permettront de cr\u00e9er l&rsquo;ambiance parfaite pour la d\u00e9tente, le divertissement et une maison vraiment \u00e9l\u00e9gante. Avec un parfum de bonne qualit\u00e9 dans chaque design, nous avons quelque chose de parfait pour tout le monde.&nbsp;<\/p>\n<p>Allumez simplement la pointe de votre b\u00e2ton d&rsquo;encens et attendez qu&rsquo;il brille. Soufflez ensuite la flamme et placez-la dans un porte-encens pour un beau parfum dans toute votre maison.&nbsp;<\/p>\n<p>Pack de b\u00e2tonnets d&rsquo;encens fourr\u00e9s Contient 20 b\u00e2tons d&rsquo;encens environ Dur\u00e9e de combustion 30 minutes env. par b\u00e2ton Pour de meilleurs r\u00e9sultats, placez-les dans un porte-encens&nbsp;<\/p>\n<p><strong><span style=\"color: rgb(141, 186, 216);\">Fabriqu\u00e9 \u00e0 partir de mati\u00e8res premi\u00e8res de parfumerie uniquement L&#8217;emballage est recyclable<\/span><\/strong><\/p>\n","protected":false},"excerpt":{"rendered":"<p>Les b\u00e2tons d&rsquo;encens hexagonaux Sauge de Blanche de Californie Stamford en gros vous permettront de cr\u00e9er l&rsquo;ambiance parfaite pour la d\u00e9tente, le divertissement et une maison vraiment \u00e9l\u00e9gante. Avec un parfum de bonne qualit\u00e9 dans chaque design, nous avons quelque chose de parfait pour tout le monde.&nbsp; Allumez simplement la pointe de votre b\u00e2ton d&rsquo;encens [&hellip;]<\/p>\n","protected":false},"featured_media":413981,"comment_status":"closed","ping_status":"open","template":"","meta":{"_angie_page":false},"product_brand":[27143],"product_cat":[15193,15147,26860,26485,25842],"product_tag":[],"class_list":{"0":"post-220516","1":"product","2":"type-product","3":"status-publish","4":"has-post-thumbnail","6":"product_brand-stamford","7":"product_cat-batonnets-d-encens","8":"product_cat-encens-et-porte-encens","9":"product_cat-herbes-aromatiques","10":"product_cat-sauge-blanche","11":"product_cat-senteurs-aromes","12":"pa_collection-stamford-premium-incense-sticks-fr","13":"pa_made-in-inde","15":"first","16":"instock","17":"purchasable","18":"product-type-simple"},"supplier_id":null,"supplier_sku":"StamFP-45","barcode":null,"atum_controlled":true,"out_stock_date":null,"out_stock_threshold":null,"inheritable":false,"inbound_stock":null,"stock_on_hold":0,"sold_today":0,"sales_last_days":0,"reserved_stock":null,"customer_returns":null,"warehouse_damage":null,"lost_in_post":null,"other_logs":null,"out_stock_days":0,"lost_sales":0,"has_location":null,"update_date":"2026-04-27T07:23:41","atum_locations":[],"atum_stock_status":"instock","restock_status":false,"low_stock_amount":"","sales_update_date":"2026-01-30T01:24:35","calc_backorders":null,"_links":{"self":[{"href":"https:\/\/aromasentia.com\/fr\/wp-json\/wp\/v2\/product\/220516","targetHints":{"allow":["GET"]}}],"collection":[{"href":"https:\/\/aromasentia.com\/fr\/wp-json\/wp\/v2\/product"}],"about":[{"href":"https:\/\/aromasentia.com\/fr\/wp-json\/wp\/v2\/types\/product"}],"replies":[{"embeddable":true,"href":"https:\/\/aromasentia.com\/fr\/wp-json\/wp\/v2\/comments?post=220516"}],"version-history":[{"count":0,"href":"https:\/\/aromasentia.com\/fr\/wp-json\/wp\/v2\/product\/220516\/revisions"}],"wp:featuredmedia":[{"embeddable":true,"href":"https:\/\/aromasentia.com\/fr\/wp-json\/wp\/v2\/media\/413981"}],"wp:attachment":[{"href":"https:\/\/aromasentia.com\/fr\/wp-json\/wp\/v2\/media?parent=220516"}],"wp:term":[{"taxonomy":"product_brand","embeddable":true,"href":"https:\/\/aromasentia.com\/fr\/wp-json\/wp\/v2\/product_brand?post=220516"},{"taxonomy":"product_cat","embeddable":true,"href":"https:\/\/aromasentia.com\/fr\/wp-json\/wp\/v2\/product_cat?post=220516"},{"taxonomy":"product_tag","embeddable":true,"href":"https:\/\/aromasentia.com\/fr\/wp-json\/wp\/v2\/product_tag?post=220516"}],"curies":[{"name":"wp","href":"https:\/\/api.w.org\/{rel}","templated":true}]}}