{"id":220496,"date":"2025-03-23T10:31:48","date_gmt":"2025-03-23T10:31:48","guid":{"rendered":"https:\/\/aromasentia.com\/product\/relaxing-premium-incense-sticks\/"},"modified":"2025-06-23T18:23:31","modified_gmt":"2025-06-23T18:23:31","slug":"stamford-premium-relaxant","status":"publish","type":"product","link":"https:\/\/aromasentia.com\/fr\/stamford-premium-relaxant\/","title":{"rendered":"Stamford Premium &#8211; Relaxant"},"content":{"rendered":"<p>Les encens de Stamford Premium Hex vous permettront de vous d\u00e9tendre et de profiter de la subtilit\u00e9 du parfum et de l&apos;ar\u00f4me que l&apos;encens impr\u00e9gne dans l&apos;air autour de vous.<\/p>\n<p>Cette gamme de b\u00e2tons d&apos;encens a quelque chose de parfait pour tout le monde, avec ses bonnes odeurs de qualit\u00e9 elle vous permet de cr\u00e9er chez vous l&apos;ambiance parfaite pour la d\u00e9tente , l&apos;\u00e9l\u00e9gance et le divertissement.<\/p>\n<p>Simplement allumer le bout de votre b\u00e2ton d&apos;encens et attendre que &ccedil;a brille ,puis souffler la flamme et placer dans un porte-encens pour un beau parfum dans toute votre maison .<\/p>\n<p>Chaque paquet de b\u00e2tonnets d&apos;encens fourr\u00e9s contient 20 b\u00e2tonnets d&apos;encens.<\/p>\n<p>Longueur: 23cm environ<\/p>\n<p>Temps de br\u00fblement de 30 minutes environ.<\/p>\n<p>Placer dans un porte-encens pour le meilleur resultat.<\/p>\n<p>Fabriqu\u00e9 \u00e0 partir de mati\u00e8res premi\u00e8res de parfumerie seulement.<\/p>\n<p>L&apos;emballage est recyclable.<\/p>\n","protected":false},"excerpt":{"rendered":"<p>Les encens de Stamford Premium Hex vous permettront de vous d\u00e9tendre et de profiter de la subtilit\u00e9 du parfum et de l&apos;ar\u00f4me que l&apos;encens impr\u00e9gne dans l&apos;air autour de vous. Cette gamme de b\u00e2tons d&apos;encens a quelque chose de parfait pour tout le monde, avec ses bonnes odeurs de qualit\u00e9 elle vous permet de cr\u00e9er [&hellip;]<\/p>\n","protected":false},"featured_media":413952,"comment_status":"closed","ping_status":"open","template":"","meta":{"_angie_page":false},"product_brand":[27143],"product_cat":[15193,15147],"product_tag":[],"class_list":{"0":"post-220496","1":"product","2":"type-product","3":"status-publish","4":"has-post-thumbnail","6":"product_brand-stamford","7":"product_cat-batonnets-d-encens","8":"product_cat-encens-et-porte-encens","9":"pa_collection-stamford-premium-incense-sticks-fr","10":"pa_made-in-inde","12":"first","13":"instock","14":"purchasable","15":"product-type-simple"},"supplier_id":null,"supplier_sku":"StamFP-34","barcode":null,"atum_controlled":true,"out_stock_date":null,"out_stock_threshold":null,"inheritable":false,"inbound_stock":null,"stock_on_hold":0,"sold_today":0,"sales_last_days":0,"reserved_stock":null,"customer_returns":null,"warehouse_damage":null,"lost_in_post":null,"other_logs":null,"out_stock_days":0,"lost_sales":0,"has_location":null,"update_date":"2026-05-08T05:20:17","atum_locations":[],"atum_stock_status":"instock","restock_status":false,"low_stock_amount":"","sales_update_date":"2025-09-03T00:17:42","calc_backorders":null,"_links":{"self":[{"href":"https:\/\/aromasentia.com\/fr\/wp-json\/wp\/v2\/product\/220496","targetHints":{"allow":["GET"]}}],"collection":[{"href":"https:\/\/aromasentia.com\/fr\/wp-json\/wp\/v2\/product"}],"about":[{"href":"https:\/\/aromasentia.com\/fr\/wp-json\/wp\/v2\/types\/product"}],"replies":[{"embeddable":true,"href":"https:\/\/aromasentia.com\/fr\/wp-json\/wp\/v2\/comments?post=220496"}],"version-history":[{"count":0,"href":"https:\/\/aromasentia.com\/fr\/wp-json\/wp\/v2\/product\/220496\/revisions"}],"wp:featuredmedia":[{"embeddable":true,"href":"https:\/\/aromasentia.com\/fr\/wp-json\/wp\/v2\/media\/413952"}],"wp:attachment":[{"href":"https:\/\/aromasentia.com\/fr\/wp-json\/wp\/v2\/media?parent=220496"}],"wp:term":[{"taxonomy":"product_brand","embeddable":true,"href":"https:\/\/aromasentia.com\/fr\/wp-json\/wp\/v2\/product_brand?post=220496"},{"taxonomy":"product_cat","embeddable":true,"href":"https:\/\/aromasentia.com\/fr\/wp-json\/wp\/v2\/product_cat?post=220496"},{"taxonomy":"product_tag","embeddable":true,"href":"https:\/\/aromasentia.com\/fr\/wp-json\/wp\/v2\/product_tag?post=220496"}],"curies":[{"name":"wp","href":"https:\/\/api.w.org\/{rel}","templated":true}]}}