{"id":220488,"date":"2025-03-23T10:31:48","date_gmt":"2025-03-23T10:31:48","guid":{"rendered":"https:\/\/aromasentia.com\/product\/buddha-premium-incense-sticks\/"},"modified":"2025-06-23T18:23:30","modified_gmt":"2025-06-23T18:23:30","slug":"stamford-premium-bouddha","status":"publish","type":"product","link":"https:\/\/aromasentia.com\/fr\/stamford-premium-bouddha\/","title":{"rendered":"Stamford Premium &#8211; Bouddha"},"content":{"rendered":"<p>Asseyez-vous, d\u00e9tendez-vous et appr\u00e9ciez la subtilit\u00e9 de la lavande, tandis que les ar\u00f4mes de cet encens infusent l&rsquo;air autour de vous.<br \/><strong>Les b\u00e2tons d&rsquo;encens hexagonaux Stamford en gros<\/strong> vous permettront de cr\u00e9er l&rsquo;ambiance parfaite pour la relaxation, les r\u00e9ceptions et une maison vraiment \u00e9l\u00e9gante. Avec des senteurs de bonne qualit\u00e9 dans chaque mod\u00e8le, nous avons quelque chose de parfait pour tout le monde.<br \/>Il suffit d&rsquo;allumer l&rsquo;extr\u00e9mit\u00e9 de votre b\u00e2ton d&rsquo;encens et d&rsquo;attendre qu&rsquo;il brille. Il suffit ensuite d&rsquo;\u00e9teindre la flamme et de la placer dans un porte-encens pour parfumer votre int\u00e9rieur.<br \/>Paquet de b\u00e2tonnets d&rsquo;encens \u00e0 noyau<br \/>Contient 20 b\u00e2tonnets d&rsquo;encens environ<br \/>Dur\u00e9e de combustion 30 minutes environ par b\u00e2tonnet<br \/>Pour de meilleurs r\u00e9sultats, placez-les dans un porte-encens<br \/>Fabriqu\u00e9 uniquement \u00e0 partir de mati\u00e8res premi\u00e8res de parfumerie<br \/>L&#8217;emballage est recyclable.<\/p>\n","protected":false},"excerpt":{"rendered":"<p>Asseyez-vous, d\u00e9tendez-vous et appr\u00e9ciez la subtilit\u00e9 de la lavande, tandis que les ar\u00f4mes de cet encens infusent l&rsquo;air autour de vous.Les b\u00e2tons d&rsquo;encens hexagonaux Stamford en gros vous permettront de cr\u00e9er l&rsquo;ambiance parfaite pour la relaxation, les r\u00e9ceptions et une maison vraiment \u00e9l\u00e9gante. Avec des senteurs de bonne qualit\u00e9 dans chaque mod\u00e8le, nous avons quelque [&hellip;]<\/p>\n","protected":false},"featured_media":413942,"comment_status":"closed","ping_status":"open","template":"","meta":{"_angie_page":false},"product_brand":[27143],"product_cat":[15193,15147],"product_tag":[],"class_list":{"0":"post-220488","1":"product","2":"type-product","3":"status-publish","4":"has-post-thumbnail","6":"product_brand-stamford","7":"product_cat-batonnets-d-encens","8":"product_cat-encens-et-porte-encens","9":"pa_collection-stamford-premium-incense-sticks-fr","10":"pa_made-in-inde","12":"first","13":"instock","14":"purchasable","15":"product-type-simple"},"supplier_id":null,"supplier_sku":"StamFP-27","barcode":null,"atum_controlled":true,"out_stock_date":null,"out_stock_threshold":null,"inheritable":false,"inbound_stock":null,"stock_on_hold":0,"sold_today":0,"sales_last_days":0,"reserved_stock":null,"customer_returns":null,"warehouse_damage":null,"lost_in_post":null,"other_logs":null,"out_stock_days":0,"lost_sales":0,"has_location":null,"update_date":"2026-04-29T05:08:19","atum_locations":[],"atum_stock_status":"instock","restock_status":false,"low_stock_amount":"","sales_update_date":"2025-09-03T00:17:41","calc_backorders":null,"_links":{"self":[{"href":"https:\/\/aromasentia.com\/fr\/wp-json\/wp\/v2\/product\/220488","targetHints":{"allow":["GET"]}}],"collection":[{"href":"https:\/\/aromasentia.com\/fr\/wp-json\/wp\/v2\/product"}],"about":[{"href":"https:\/\/aromasentia.com\/fr\/wp-json\/wp\/v2\/types\/product"}],"replies":[{"embeddable":true,"href":"https:\/\/aromasentia.com\/fr\/wp-json\/wp\/v2\/comments?post=220488"}],"version-history":[{"count":0,"href":"https:\/\/aromasentia.com\/fr\/wp-json\/wp\/v2\/product\/220488\/revisions"}],"wp:featuredmedia":[{"embeddable":true,"href":"https:\/\/aromasentia.com\/fr\/wp-json\/wp\/v2\/media\/413942"}],"wp:attachment":[{"href":"https:\/\/aromasentia.com\/fr\/wp-json\/wp\/v2\/media?parent=220488"}],"wp:term":[{"taxonomy":"product_brand","embeddable":true,"href":"https:\/\/aromasentia.com\/fr\/wp-json\/wp\/v2\/product_brand?post=220488"},{"taxonomy":"product_cat","embeddable":true,"href":"https:\/\/aromasentia.com\/fr\/wp-json\/wp\/v2\/product_cat?post=220488"},{"taxonomy":"product_tag","embeddable":true,"href":"https:\/\/aromasentia.com\/fr\/wp-json\/wp\/v2\/product_tag?post=220488"}],"curies":[{"name":"wp","href":"https:\/\/api.w.org\/{rel}","templated":true}]}}