{"id":220472,"date":"2025-03-23T10:31:48","date_gmt":"2025-03-23T10:31:48","guid":{"rendered":"https:\/\/aromasentia.com\/product\/frank-premium-incense-sticks-myrrh-premium-incense-sticks\/"},"modified":"2025-06-23T18:23:26","modified_gmt":"2025-06-23T18:23:26","slug":"stamford-premium-frankincense-myrrh","status":"publish","type":"product","link":"https:\/\/aromasentia.com\/fr\/stamford-premium-frankincense-myrrh\/","title":{"rendered":"Stamford Premium &#8211; Frankincense &#038; Myrrh"},"content":{"rendered":"<p>L&rsquo;encens Frankincense &#038; Myrrh est un m\u00e9lange de deux parfums magiques ,Frankincense est utilis\u00e9 comme aphrodisiaque et Myrrh est utilis\u00e9e pour cr\u00e9er un atmosph\u00e8re sensuel ._x000D_<br \/>\n<br \/>_x000D_<br \/>\nLes encens de Stamford Premium Hex vous permettront de vous d\u00e9tendre et de profiter de la subtilit\u00e9 du parfum et de l&rsquo;ar\u00f4me que vous laissez l&rsquo;encens infuser dans l&rsquo;air autour de vous._x000D_<br \/>\n<br \/>_x000D_<br \/>\nCette gamme de b\u00e2tons d&rsquo;encens a quelque chose de parfait pour tout le monde, avec ses bonnes odeurs de qualit\u00e9 elle vous permet de cr\u00e9er chez vous l&rsquo;ambiance parfaite pour la d\u00e9tente , l&rsquo;\u00e9l\u00e9gance et le divertissement._x000D_<br \/>\n<br \/>_x000D_<br \/>\nSimplement allumer le bout de votre b\u00e2ton d&rsquo;encens et attendre que \u00e7a brille ,puis souffler la flamme et placer dans un porte-encens pour un beau parfum dans toute votre maison ._x000D_<br \/>\n<br \/>_x000D_<br \/>\nChaque paquet de b\u00e2tonnets d&rsquo;encens fourr\u00e9s contient 20 b\u00e2tonnets d&rsquo;encens._x000D_<br \/>\n<br \/>_x000D_<br \/>\nTemps de br\u00fblement  de 30 minutes environ._x000D_<br \/>\n<br \/>_x000D_<br \/>\nPlacer dans un porte-encens pour le meilleur resultat._x000D_<br \/>\n<br \/>_x000D_<br \/>\nFabriqu\u00e9 \u00e0 partir de mati\u00e8res premi\u00e8res de parfumerie seulement._x000D_<br \/>\n<br \/>_x000D_<br \/>\nL&#8217;emballage est recyclable.<\/p>\n","protected":false},"excerpt":{"rendered":"<p>L&rsquo;encens Frankincense &#038; Myrrh est un m\u00e9lange de deux parfums magiques ,Frankincense est utilis\u00e9 comme aphrodisiaque et Myrrh est utilis\u00e9e pour cr\u00e9er un atmosph\u00e8re sensuel ._x000D_ _x000D_ Les encens de Stamford Premium Hex vous permettront de vous d\u00e9tendre et de profiter de la subtilit\u00e9 du parfum et de l&rsquo;ar\u00f4me que vous laissez l&rsquo;encens infuser dans [&hellip;]<\/p>\n","protected":false},"featured_media":413906,"comment_status":"closed","ping_status":"open","template":"","meta":{"_angie_page":false},"product_brand":[27143],"product_cat":[15193,15147,26285,26881,25842],"product_tag":[],"class_list":{"0":"post-220472","1":"product","2":"type-product","3":"status-publish","4":"has-post-thumbnail","6":"product_brand-stamford","7":"product_cat-batonnets-d-encens","8":"product_cat-encens-et-porte-encens","9":"product_cat-myrrh","10":"product_cat-resineux-balsamique","11":"product_cat-senteurs-aromes","12":"pa_collection-stamford-premium-incense-sticks-fr","13":"pa_made-in-inde","15":"first","16":"instock","17":"purchasable","18":"product-type-simple"},"supplier_id":null,"supplier_sku":"StamFP-09","barcode":null,"atum_controlled":true,"out_stock_date":null,"out_stock_threshold":null,"inheritable":false,"inbound_stock":null,"stock_on_hold":0,"sold_today":0,"sales_last_days":0,"reserved_stock":null,"customer_returns":null,"warehouse_damage":null,"lost_in_post":null,"other_logs":null,"out_stock_days":9,"lost_sales":0,"has_location":null,"update_date":"2026-04-27T07:23:30","atum_locations":[],"atum_stock_status":"instock","restock_status":false,"low_stock_amount":"","sales_update_date":"2026-01-30T01:25:00","calc_backorders":null,"_links":{"self":[{"href":"https:\/\/aromasentia.com\/fr\/wp-json\/wp\/v2\/product\/220472","targetHints":{"allow":["GET"]}}],"collection":[{"href":"https:\/\/aromasentia.com\/fr\/wp-json\/wp\/v2\/product"}],"about":[{"href":"https:\/\/aromasentia.com\/fr\/wp-json\/wp\/v2\/types\/product"}],"replies":[{"embeddable":true,"href":"https:\/\/aromasentia.com\/fr\/wp-json\/wp\/v2\/comments?post=220472"}],"version-history":[{"count":0,"href":"https:\/\/aromasentia.com\/fr\/wp-json\/wp\/v2\/product\/220472\/revisions"}],"wp:featuredmedia":[{"embeddable":true,"href":"https:\/\/aromasentia.com\/fr\/wp-json\/wp\/v2\/media\/413906"}],"wp:attachment":[{"href":"https:\/\/aromasentia.com\/fr\/wp-json\/wp\/v2\/media?parent=220472"}],"wp:term":[{"taxonomy":"product_brand","embeddable":true,"href":"https:\/\/aromasentia.com\/fr\/wp-json\/wp\/v2\/product_brand?post=220472"},{"taxonomy":"product_cat","embeddable":true,"href":"https:\/\/aromasentia.com\/fr\/wp-json\/wp\/v2\/product_cat?post=220472"},{"taxonomy":"product_tag","embeddable":true,"href":"https:\/\/aromasentia.com\/fr\/wp-json\/wp\/v2\/product_tag?post=220472"}],"curies":[{"name":"wp","href":"https:\/\/api.w.org\/{rel}","templated":true}]}}