{"id":220464,"date":"2025-03-23T10:31:48","date_gmt":"2025-03-23T10:31:48","guid":{"rendered":"https:\/\/aromasentia.com\/product\/patchouli-premium-incense-sticks\/"},"modified":"2025-12-30T19:00:45","modified_gmt":"2025-12-30T19:00:45","slug":"batonnets-dencens-patchouli-premium-stamford","status":"publish","type":"product","link":"https:\/\/aromasentia.com\/fr\/batonnets-dencens-patchouli-premium-stamford\/","title":{"rendered":"B\u00e2tonnets d&rsquo;Encens Patchouli Premium Stamford"},"content":{"rendered":"<p>Le patchouli est l&rsquo;un des ingr\u00e9dients essentiels de tout parfum. L&rsquo;huile de patchouli est d\u00e9riv\u00e9e des feuilles et des tiges du patchouli, qui pousse principalement en Indon\u00e9sie. L&rsquo;encens Patchouli est r\u00e9put\u00e9 pour d\u00e9tendre et soulager le stress.<br \/><strong>Wholesale Stamford Hexagonal Incense Sticks&nbsp;<\/strong>vous permettra de vous asseoir, de vous d\u00e9tendre et d&rsquo;appr\u00e9cier la subtilit\u00e9 de ce parfum et de cet ar\u00f4me en laissant l&rsquo;encens infuser l&rsquo;air autour de vous.<br \/>Cette gamme de b\u00e2tonnets d&rsquo;encens vous permet de cr\u00e9er l&rsquo;ambiance parfaite pour la relaxation, les r\u00e9ceptions et une maison vraiment \u00e9l\u00e9gante. Avec des senteurs de qualit\u00e9 dans chaque design, nous avons quelque chose de parfait pour tout le monde.<br \/>Il suffit d&rsquo;allumer la pointe de votre b\u00e2ton d&rsquo;encens et d&rsquo;attendre qu&rsquo;il s&rsquo;allume. Il suffit ensuite d&rsquo;\u00e9teindre la flamme et de la placer dans un porte-encens pour parfumer votre int\u00e9rieur.<br \/>Paquet de b\u00e2tonnets d&rsquo;encens \u00e0 noyau<br \/>Contient 20 b\u00e2tonnets d&rsquo;encens environ<br \/>Dur\u00e9e de combustion 30 minutes environ par b\u00e2tonnet<br \/>Pour de meilleurs r\u00e9sultats, placez-les dans un porte-encens<br \/>Fabriqu\u00e9 uniquement \u00e0 partir de mati\u00e8res premi\u00e8res de parfumerie<br \/>L&#8217;emballage est recyclable.<\/p>\n","protected":false},"excerpt":{"rendered":"<p>Le patchouli est l&rsquo;un des ingr\u00e9dients essentiels de tout parfum. L&rsquo;huile de patchouli est d\u00e9riv\u00e9e des feuilles et des tiges du patchouli, qui pousse principalement en Indon\u00e9sie. L&rsquo;encens Patchouli est r\u00e9put\u00e9 pour d\u00e9tendre et soulager le stress.Wholesale Stamford Hexagonal Incense Sticks&nbsp;vous permettra de vous asseoir, de vous d\u00e9tendre et d&rsquo;appr\u00e9cier la subtilit\u00e9 de ce parfum [&hellip;]<\/p>\n","protected":false},"featured_media":413888,"comment_status":"closed","ping_status":"open","template":"","meta":{"_angie_page":false},"product_brand":[27143],"product_cat":[15193,15147,26333,25842,26825],"product_tag":[],"class_list":{"0":"post-220464","1":"product","2":"type-product","3":"status-publish","4":"has-post-thumbnail","6":"product_brand-stamford","7":"product_cat-batonnets-d-encens","8":"product_cat-encens-et-porte-encens","9":"product_cat-patchouli","10":"product_cat-senteurs-aromes","11":"product_cat-terreux-vert","12":"pa_collection-stamford-premium-incense-sticks-fr","13":"pa_made-in-inde","15":"first","16":"instock","17":"purchasable","18":"product-type-simple"},"supplier_id":null,"supplier_sku":"StamFP-03","barcode":null,"atum_controlled":true,"out_stock_date":null,"out_stock_threshold":null,"inheritable":false,"inbound_stock":null,"stock_on_hold":0,"sold_today":0,"sales_last_days":0,"reserved_stock":null,"customer_returns":null,"warehouse_damage":null,"lost_in_post":null,"other_logs":null,"out_stock_days":0,"lost_sales":0,"has_location":null,"update_date":"2026-04-27T07:23:30","atum_locations":[],"atum_stock_status":"instock","restock_status":false,"low_stock_amount":"","sales_update_date":"2025-09-03T00:17:40","calc_backorders":null,"_links":{"self":[{"href":"https:\/\/aromasentia.com\/fr\/wp-json\/wp\/v2\/product\/220464","targetHints":{"allow":["GET"]}}],"collection":[{"href":"https:\/\/aromasentia.com\/fr\/wp-json\/wp\/v2\/product"}],"about":[{"href":"https:\/\/aromasentia.com\/fr\/wp-json\/wp\/v2\/types\/product"}],"replies":[{"embeddable":true,"href":"https:\/\/aromasentia.com\/fr\/wp-json\/wp\/v2\/comments?post=220464"}],"version-history":[{"count":0,"href":"https:\/\/aromasentia.com\/fr\/wp-json\/wp\/v2\/product\/220464\/revisions"}],"wp:featuredmedia":[{"embeddable":true,"href":"https:\/\/aromasentia.com\/fr\/wp-json\/wp\/v2\/media\/413888"}],"wp:attachment":[{"href":"https:\/\/aromasentia.com\/fr\/wp-json\/wp\/v2\/media?parent=220464"}],"wp:term":[{"taxonomy":"product_brand","embeddable":true,"href":"https:\/\/aromasentia.com\/fr\/wp-json\/wp\/v2\/product_brand?post=220464"},{"taxonomy":"product_cat","embeddable":true,"href":"https:\/\/aromasentia.com\/fr\/wp-json\/wp\/v2\/product_cat?post=220464"},{"taxonomy":"product_tag","embeddable":true,"href":"https:\/\/aromasentia.com\/fr\/wp-json\/wp\/v2\/product_tag?post=220464"}],"curies":[{"name":"wp","href":"https:\/\/api.w.org\/{rel}","templated":true}]}}