{"id":220396,"date":"2025-03-23T10:31:56","date_gmt":"2025-03-23T10:31:56","guid":{"rendered":"https:\/\/aromasentia.com\/product\/vedic-incense-sticks-cinnamon\/"},"modified":"2025-12-30T19:00:30","modified_gmt":"2025-12-30T19:00:30","slug":"batonnets-dencens-vedique-cannelle","status":"publish","type":"product","link":"https:\/\/aromasentia.com\/fr\/batonnets-dencens-vedique-cannelle\/","title":{"rendered":"B\u00e2tonnets d&rsquo;Encens V\u00e9dique-  Cannelle"},"content":{"rendered":"<p><strong><span style=\"color: rgb(75, 80, 88);\">Les b\u00e2tons d&rsquo;encens V\u00e9dique Cannelle<\/span><\/strong> ont \u00e9t\u00e9 con&ccedil;us avec soin pour capturer l&rsquo;essence des anciens enseignements hindous v\u00e9diques.<\/p>\n<p>Fabriqu\u00e9 dans la ville historique de Jaipur par la soci\u00e9t\u00e9 d&rsquo;encens Aromatika.<\/p>\n<p>V\u00e9ritables b\u00e2tonnets d&rsquo;encens masala <strong><span style=\"color: rgb(75, 80, 88);\">roul\u00e9s \u00e0 la main<\/span><\/strong>, ces b\u00e2tonnets br\u00fblent pendant 20 minutes ou plus avec de riches parfums enivrants qui raviront vos clients et apporteront de bonnes affaires.&nbsp;<\/p>\n<p><strong><span style=\"color: rgb(141, 186, 216);\">Chaque bo\u00eete contient 12 b\u00e2tons d&rsquo;encens (15g).<\/span><\/strong><\/p>\n","protected":false},"excerpt":{"rendered":"<p>Les b\u00e2tons d&rsquo;encens V\u00e9dique Cannelle ont \u00e9t\u00e9 con&ccedil;us avec soin pour capturer l&rsquo;essence des anciens enseignements hindous v\u00e9diques. Fabriqu\u00e9 dans la ville historique de Jaipur par la soci\u00e9t\u00e9 d&rsquo;encens Aromatika. V\u00e9ritables b\u00e2tonnets d&rsquo;encens masala roul\u00e9s \u00e0 la main, ces b\u00e2tonnets br\u00fblent pendant 20 minutes ou plus avec de riches parfums enivrants qui raviront vos clients [&hellip;]<\/p>\n","protected":false},"featured_media":415763,"comment_status":"closed","ping_status":"open","template":"","meta":{"_angie_page":false},"product_brand":[27099],"product_cat":[15193,26135,15147,26888,25842],"product_tag":[],"class_list":{"0":"post-220396","1":"product","2":"type-product","3":"status-publish","4":"has-post-thumbnail","6":"product_brand-aromatika","7":"product_cat-batonnets-d-encens","8":"product_cat-cannelle","9":"product_cat-encens-et-porte-encens","10":"product_cat-epice","11":"product_cat-senteurs-aromes","12":"pa_collection-vedic-masala-incense-sticks-fr","13":"pa_made-in-inde","15":"first","16":"instock","17":"purchasable","18":"product-type-simple"},"supplier_id":null,"supplier_sku":"Vedic-12","barcode":null,"atum_controlled":true,"out_stock_date":null,"out_stock_threshold":null,"inheritable":false,"inbound_stock":null,"stock_on_hold":0,"sold_today":0,"sales_last_days":0,"reserved_stock":null,"customer_returns":null,"warehouse_damage":null,"lost_in_post":null,"other_logs":null,"out_stock_days":0,"lost_sales":0,"has_location":null,"update_date":"2026-04-30T01:01:59","atum_locations":[],"atum_stock_status":"instock","restock_status":false,"low_stock_amount":"","sales_update_date":"2025-09-03T00:17:36","calc_backorders":null,"_links":{"self":[{"href":"https:\/\/aromasentia.com\/fr\/wp-json\/wp\/v2\/product\/220396","targetHints":{"allow":["GET"]}}],"collection":[{"href":"https:\/\/aromasentia.com\/fr\/wp-json\/wp\/v2\/product"}],"about":[{"href":"https:\/\/aromasentia.com\/fr\/wp-json\/wp\/v2\/types\/product"}],"replies":[{"embeddable":true,"href":"https:\/\/aromasentia.com\/fr\/wp-json\/wp\/v2\/comments?post=220396"}],"version-history":[{"count":0,"href":"https:\/\/aromasentia.com\/fr\/wp-json\/wp\/v2\/product\/220396\/revisions"}],"wp:featuredmedia":[{"embeddable":true,"href":"https:\/\/aromasentia.com\/fr\/wp-json\/wp\/v2\/media\/415763"}],"wp:attachment":[{"href":"https:\/\/aromasentia.com\/fr\/wp-json\/wp\/v2\/media?parent=220396"}],"wp:term":[{"taxonomy":"product_brand","embeddable":true,"href":"https:\/\/aromasentia.com\/fr\/wp-json\/wp\/v2\/product_brand?post=220396"},{"taxonomy":"product_cat","embeddable":true,"href":"https:\/\/aromasentia.com\/fr\/wp-json\/wp\/v2\/product_cat?post=220396"},{"taxonomy":"product_tag","embeddable":true,"href":"https:\/\/aromasentia.com\/fr\/wp-json\/wp\/v2\/product_tag?post=220396"}],"curies":[{"name":"wp","href":"https:\/\/api.w.org\/{rel}","templated":true}]}}