{"id":220312,"date":"2025-03-23T10:31:56","date_gmt":"2025-03-23T10:31:56","guid":{"rendered":"https:\/\/aromasentia.com\/product\/50gm-myrrh-resin\/"},"modified":"2025-12-30T19:00:15","modified_gmt":"2025-12-30T19:00:15","slug":"resin-myrrhe-pots-de-50g","status":"publish","type":"product","link":"https:\/\/aromasentia.com\/fr\/resin-myrrhe-pots-de-50g\/","title":{"rendered":"R\u00e9sin Myrrhe &#8211; pots de 50g"},"content":{"rendered":"<p>Le parfum fum\u00e9 produit en br\u00fblant de la <strong><span style=\"color: rgb(75, 80, 88);\">r\u00e9sine de myrrhe&nbsp;<\/span><\/strong>plac\u00e9e sur des disques de charbon de bois est tout \u00e0 fait unique et incroyablement \u00e9vocateur. La r\u00e9sine d&rsquo;encens est vendue en pots de 50 g.&nbsp;<\/p>\n<p>Les poids sont approximatifs et se situent autour de 45-50g.&nbsp;<\/p>\n<p>R\u00e9sine d&rsquo;encens br\u00fblant : Allumez le charbon de bois et placez-le dans votre porte-encens. Tenez le charbon de bois avec des pinces. Le charbon de bois s&rsquo;enflamme alors sur toute la surface. Lorsque le charbon de bois commence \u00e0 grisonner sur les bords, c&rsquo;est le moment d&rsquo;ajouter de la r\u00e9sine.&nbsp;<\/p>\n<p><strong><span style=\"color: rgb(141, 186, 216);\">Souvent, les gens ajoutent du sable au porte-encens pour aider \u00e0 absorber la chaleur.<\/span><\/strong><\/p>\n","protected":false},"excerpt":{"rendered":"<p>Le parfum fum\u00e9 produit en br\u00fblant de la r\u00e9sine de myrrhe&nbsp;plac\u00e9e sur des disques de charbon de bois est tout \u00e0 fait unique et incroyablement \u00e9vocateur. La r\u00e9sine d&rsquo;encens est vendue en pots de 50 g.&nbsp; Les poids sont approximatifs et se situent autour de 45-50g.&nbsp; R\u00e9sine d&rsquo;encens br\u00fblant : Allumez le charbon de bois [&hellip;]<\/p>\n","protected":false},"featured_media":415206,"comment_status":"closed","ping_status":"open","template":"","meta":{"_angie_page":false},"product_brand":[],"product_cat":[15147,26285,15228,26881,25842],"product_tag":[],"class_list":{"0":"post-220312","1":"product","2":"type-product","3":"status-publish","4":"has-post-thumbnail","6":"product_cat-encens-et-porte-encens","7":"product_cat-myrrh","8":"product_cat-resine-d-encens","9":"product_cat-resineux-balsamique","10":"product_cat-senteurs-aromes","11":"pa_collection-incense-resin-50g-tubs-fr","12":"pa_made-in-inde","13":"pa_size-50g","15":"first","16":"instock","17":"purchasable","18":"product-type-simple"},"supplier_id":null,"supplier_sku":"TRT-04","barcode":null,"atum_controlled":true,"out_stock_date":null,"out_stock_threshold":null,"inheritable":false,"inbound_stock":null,"stock_on_hold":0,"sold_today":0,"sales_last_days":0,"reserved_stock":null,"customer_returns":null,"warehouse_damage":null,"lost_in_post":null,"other_logs":null,"out_stock_days":0,"lost_sales":0,"has_location":null,"update_date":"2026-04-27T07:25:27","atum_locations":[],"atum_stock_status":"instock","restock_status":false,"low_stock_amount":"","sales_update_date":"2025-09-03T00:17:31","calc_backorders":null,"_links":{"self":[{"href":"https:\/\/aromasentia.com\/fr\/wp-json\/wp\/v2\/product\/220312","targetHints":{"allow":["GET"]}}],"collection":[{"href":"https:\/\/aromasentia.com\/fr\/wp-json\/wp\/v2\/product"}],"about":[{"href":"https:\/\/aromasentia.com\/fr\/wp-json\/wp\/v2\/types\/product"}],"replies":[{"embeddable":true,"href":"https:\/\/aromasentia.com\/fr\/wp-json\/wp\/v2\/comments?post=220312"}],"version-history":[{"count":0,"href":"https:\/\/aromasentia.com\/fr\/wp-json\/wp\/v2\/product\/220312\/revisions"}],"wp:featuredmedia":[{"embeddable":true,"href":"https:\/\/aromasentia.com\/fr\/wp-json\/wp\/v2\/media\/415206"}],"wp:attachment":[{"href":"https:\/\/aromasentia.com\/fr\/wp-json\/wp\/v2\/media?parent=220312"}],"wp:term":[{"taxonomy":"product_brand","embeddable":true,"href":"https:\/\/aromasentia.com\/fr\/wp-json\/wp\/v2\/product_brand?post=220312"},{"taxonomy":"product_cat","embeddable":true,"href":"https:\/\/aromasentia.com\/fr\/wp-json\/wp\/v2\/product_cat?post=220312"},{"taxonomy":"product_tag","embeddable":true,"href":"https:\/\/aromasentia.com\/fr\/wp-json\/wp\/v2\/product_tag?post=220312"}],"curies":[{"name":"wp","href":"https:\/\/api.w.org\/{rel}","templated":true}]}}