{"id":220292,"date":"2025-03-23T10:31:56","date_gmt":"2025-03-23T10:31:56","guid":{"rendered":"https:\/\/aromasentia.com\/product\/tribal-soul-incense-sticks-7-chakras-with-message-card\/"},"modified":"2025-12-30T19:00:15","modified_gmt":"2025-12-30T19:00:15","slug":"batons-dencens-tribal-soul-7-chakras-avec-carte-de-message","status":"publish","type":"product","link":"https:\/\/aromasentia.com\/fr\/batons-dencens-tribal-soul-7-chakras-avec-carte-de-message\/","title":{"rendered":"B\u00e2tons d&rsquo;Encens Tribal Soul &#8211; 7 Chakras avec Carte de message"},"content":{"rendered":"<p>Pr\u00e9sentation de notre collection exquise de 7 b\u00e2tons d&rsquo;encens Masala roul\u00e9s \u00e0 la main Chakra, con&ccedil;us pour \u00e9veiller et \u00e9quilibrer les centres d&rsquo;\u00e9nergie en vous.&nbsp;<\/p>\n<p>Enferm\u00e9 dans une bo\u00eete magnifiquement con&ccedil;ue, chaque paquet contient environ 10 b\u00e2tonnets, pesant un g\u00e9n\u00e9reux 15 grammes. A c\u00f4t\u00e9 de ce d\u00e9lice aromatique, vous d\u00e9couvrirez une carte de message unique et significative relative \u00e0 l&rsquo;un des sept chakras.&nbsp;<\/p>\n<p>Au c\u0153ur de cette collection se trouve la conviction que l&rsquo;harmonisation des chakras peut apporter \u00e9quilibre et bien-\u00eatre dans nos vies. Ces centres \u00e9nerg\u00e9tiques, connus sous le nom de chakras, sont vitaux pour notre vitalit\u00e9 physique, \u00e9motionnelle et spirituelle. .&nbsp;<\/p>\n<p>Nos b\u00e2tons d&rsquo;encens masala roul\u00e9s \u00e0 la main sont m\u00e9ticuleusement fabriqu\u00e9s \u00e0 partir d&rsquo;un m\u00e9lange d&rsquo;herbes parfum\u00e9es, d&rsquo;\u00e9pices et de r\u00e9sines provenant du monde entier. Cr\u00e9\u00e9 par des artisans qualifi\u00e9s, chaque b\u00e2ton est roul\u00e9 \u00e0 la main avec soin et attention aux d\u00e9tails. Le r\u00e9sultat est un ar\u00f4me envo\u00fbtant qui vous transporte dans un \u00e9tat de tranquillit\u00e9, tout en \u00e9levant simultan\u00e9ment vos sens. Plongez dans les parfums captivants de nos b\u00e2tons d&rsquo;encens masala roul\u00e9s \u00e0 la main aux 7 chakras et laissez l&rsquo;\u00e9quilibre d\u00e9licat des chakras r\u00e9tablir l&rsquo;harmonie dans votre \u00eatre.&nbsp;<\/p>\n<p>Que vous recherchiez la paix int\u00e9rieure, une cr\u00e9ativit\u00e9 accrue, une communication am\u00e9lior\u00e9e ou une spiritualit\u00e9 accrue, nos b\u00e2tons d&rsquo;encens servent de conduit pour aligner vos \u00e9nergies et \u00e9veiller votre potentiel. Lorsque vous ouvrez chaque paquet et recevez votre carte de message de chakra al\u00e9atoire, prenez un moment pour r\u00e9fl\u00e9chir \u00e0 la sagesse qu&rsquo;il conf\u00e8re. Laissez le message vous guider et vous inspirer sur votre chemin de d\u00e9couverte de soi et de croissance. Embrassez le pouvoir des chakras et lib\u00e9rez le potentiel qui sommeille en vous. D\u00e9couvrez la beaut\u00e9 et la magie de nos 7 b\u00e2tons d&rsquo;encens masala roul\u00e9s \u00e0 la main aujourd&rsquo;hui. D\u00e9couvrez le pouvoir transformateur du parfum et la sagesse des chakras.&nbsp;<\/p>\n<p><strong>A l&rsquo;int\u00e9rieur de chaque paquet, vous trouverez une carte de message de chakra al\u00e9atoire, offrant sagesse et encouragement li\u00e9s \u00e0 l&rsquo;un des sept chakras :<\/strong> Racine, Sacr\u00e9, Plexus solaire, C\u0153ur, Gorge, Troisi\u00e8me \u0153il ou Couronne. Bien que vous ne receviez pas les sept chakras, chaque carte sert de rappel et de source d&rsquo;inspiration pour la d\u00e9couverte de soi et l&rsquo;\u00e9quilibre.<\/p>\n<p><strong><span style=\"color: rgb(141, 186, 216);\">Ouvrez votre c\u0153ur, votre esprit et votre \u00e2me \u00e0 un monde de possibilit\u00e9s, alors que vous vous lancez dans un voyage de conscience de soi et d&rsquo;illumination spirituelle.<\/span><\/strong><\/p>\n","protected":false},"excerpt":{"rendered":"<p>Pr\u00e9sentation de notre collection exquise de 7 b\u00e2tons d&rsquo;encens Masala roul\u00e9s \u00e0 la main Chakra, con&ccedil;us pour \u00e9veiller et \u00e9quilibrer les centres d&rsquo;\u00e9nergie en vous.&nbsp; Enferm\u00e9 dans une bo\u00eete magnifiquement con&ccedil;ue, chaque paquet contient environ 10 b\u00e2tonnets, pesant un g\u00e9n\u00e9reux 15 grammes. A c\u00f4t\u00e9 de ce d\u00e9lice aromatique, vous d\u00e9couvrirez une carte de message unique [&hellip;]<\/p>\n","protected":false},"featured_media":415009,"comment_status":"closed","ping_status":"open","template":"","meta":{"_angie_page":false},"product_brand":[27150],"product_cat":[15193,15147],"product_tag":[],"class_list":{"0":"post-220292","1":"product","2":"type-product","3":"status-publish","4":"has-post-thumbnail","6":"product_brand-tribal-soul","7":"product_cat-batonnets-d-encens","8":"product_cat-encens-et-porte-encens","9":"pa_collection-tribal-soul-incense-fr","10":"pa_made-in-inde","12":"first","13":"instock","14":"purchasable","15":"product-type-simple"},"supplier_id":null,"supplier_sku":"TribalSi-13","barcode":null,"atum_controlled":true,"out_stock_date":null,"out_stock_threshold":null,"inheritable":false,"inbound_stock":null,"stock_on_hold":0,"sold_today":0,"sales_last_days":0,"reserved_stock":null,"customer_returns":null,"warehouse_damage":null,"lost_in_post":null,"other_logs":null,"out_stock_days":0,"lost_sales":0,"has_location":null,"update_date":"2026-04-27T07:25:27","atum_locations":[],"atum_stock_status":"instock","restock_status":false,"low_stock_amount":"","sales_update_date":"2025-09-03T00:17:30","calc_backorders":null,"_links":{"self":[{"href":"https:\/\/aromasentia.com\/fr\/wp-json\/wp\/v2\/product\/220292","targetHints":{"allow":["GET"]}}],"collection":[{"href":"https:\/\/aromasentia.com\/fr\/wp-json\/wp\/v2\/product"}],"about":[{"href":"https:\/\/aromasentia.com\/fr\/wp-json\/wp\/v2\/types\/product"}],"replies":[{"embeddable":true,"href":"https:\/\/aromasentia.com\/fr\/wp-json\/wp\/v2\/comments?post=220292"}],"version-history":[{"count":0,"href":"https:\/\/aromasentia.com\/fr\/wp-json\/wp\/v2\/product\/220292\/revisions"}],"wp:featuredmedia":[{"embeddable":true,"href":"https:\/\/aromasentia.com\/fr\/wp-json\/wp\/v2\/media\/415009"}],"wp:attachment":[{"href":"https:\/\/aromasentia.com\/fr\/wp-json\/wp\/v2\/media?parent=220292"}],"wp:term":[{"taxonomy":"product_brand","embeddable":true,"href":"https:\/\/aromasentia.com\/fr\/wp-json\/wp\/v2\/product_brand?post=220292"},{"taxonomy":"product_cat","embeddable":true,"href":"https:\/\/aromasentia.com\/fr\/wp-json\/wp\/v2\/product_cat?post=220292"},{"taxonomy":"product_tag","embeddable":true,"href":"https:\/\/aromasentia.com\/fr\/wp-json\/wp\/v2\/product_tag?post=220292"}],"curies":[{"name":"wp","href":"https:\/\/api.w.org\/{rel}","templated":true}]}}