{"id":220288,"date":"2025-03-23T10:31:56","date_gmt":"2025-03-23T10:31:56","guid":{"rendered":"https:\/\/aromasentia.com\/product\/tribal-soul-incense-sticks-frankincense\/"},"modified":"2025-12-30T19:00:08","modified_gmt":"2025-12-30T19:00:08","slug":"batons-dencens-tribal-soul-encens","status":"publish","type":"product","link":"https:\/\/aromasentia.com\/fr\/batons-dencens-tribal-soul-encens\/","title":{"rendered":"B\u00e2tons d&rsquo;Encens Tribal Soul &#8211; Encens"},"content":{"rendered":"<p><strong><span style=\"color: rgb(75, 80, 88);\">L&rsquo;encens en gros Tribal Soul&nbsp;<\/span><\/strong>est livr\u00e9 dans une bo\u00eete d\u00e9corative pr\u00eate \u00e0 remplir chaque pi\u00e8ce de votre maison avec ce parfum s\u00e9duisant unique. Con&ccedil;u pour masquer parfaitement toutes sortes d&rsquo;odeurs.&nbsp;<\/p>\n<p>L&rsquo;encens (\u00e9galement connu sous le nom d&rsquo;oliban) est une r\u00e9sine aromatique utilis\u00e9e dans l&rsquo;encens et les parfums, obtenue \u00e0 partir d&rsquo;arbres du genre Boswellia de la famille Burseracee.&nbsp;<\/p>\n<p>Le mot vient du vieux fran&ccedil;ais Franc encens (encens de haute qualit\u00e9). L&rsquo;encens est \u00e9galement li\u00e9 \u00e0 un tas de rituels et de sacrifices religieux, et est particuli\u00e8rement important dans le christianisme o\u00f9il repr\u00e9sente l&rsquo;un des trois cadeaux offerts \u00e0 l&rsquo;enfant J\u00e9sus.&nbsp;<\/p>\n<p>La r\u00e9sine a longtemps \u00e9t\u00e9 appr\u00e9ci\u00e9e pour son beau parfum \u00e9pic\u00e9 l\u00e9g\u00e8rement citronn\u00e9 et ses bienfaits th\u00e9rapeutiques. Il aide \u00e0 combattre l&rsquo;anxi\u00e9t\u00e9 et soulage le stress en induisant des sentiments de paix, de d\u00e9tente et de satisfaction.<\/p>\n","protected":false},"excerpt":{"rendered":"<p>L&rsquo;encens en gros Tribal Soul&nbsp;est livr\u00e9 dans une bo\u00eete d\u00e9corative pr\u00eate \u00e0 remplir chaque pi\u00e8ce de votre maison avec ce parfum s\u00e9duisant unique. Con&ccedil;u pour masquer parfaitement toutes sortes d&rsquo;odeurs.&nbsp; L&rsquo;encens (\u00e9galement connu sous le nom d&rsquo;oliban) est une r\u00e9sine aromatique utilis\u00e9e dans l&rsquo;encens et les parfums, obtenue \u00e0 partir d&rsquo;arbres du genre Boswellia de [&hellip;]<\/p>\n","protected":false},"featured_media":415000,"comment_status":"closed","ping_status":"open","template":"","meta":{"_angie_page":false},"product_brand":[27150],"product_cat":[15193,26198,15147,26881,25842],"product_tag":[],"class_list":{"0":"post-220288","1":"product","2":"type-product","3":"status-publish","4":"has-post-thumbnail","6":"product_brand-tribal-soul","7":"product_cat-batonnets-d-encens","8":"product_cat-encens","9":"product_cat-encens-et-porte-encens","10":"product_cat-resineux-balsamique","11":"product_cat-senteurs-aromes","12":"pa_collection-tribal-soul-incense-fr","13":"pa_made-in-inde","15":"first","16":"instock","17":"purchasable","18":"product-type-simple"},"supplier_id":null,"supplier_sku":"TribalSi-12","barcode":null,"atum_controlled":true,"out_stock_date":null,"out_stock_threshold":null,"inheritable":false,"inbound_stock":null,"stock_on_hold":0,"sold_today":0,"sales_last_days":0,"reserved_stock":null,"customer_returns":null,"warehouse_damage":null,"lost_in_post":null,"other_logs":null,"out_stock_days":0,"lost_sales":0,"has_location":null,"update_date":"2026-05-08T05:21:26","atum_locations":[],"atum_stock_status":"instock","restock_status":false,"low_stock_amount":"","sales_update_date":"2025-09-03T00:17:30","calc_backorders":null,"_links":{"self":[{"href":"https:\/\/aromasentia.com\/fr\/wp-json\/wp\/v2\/product\/220288","targetHints":{"allow":["GET"]}}],"collection":[{"href":"https:\/\/aromasentia.com\/fr\/wp-json\/wp\/v2\/product"}],"about":[{"href":"https:\/\/aromasentia.com\/fr\/wp-json\/wp\/v2\/types\/product"}],"replies":[{"embeddable":true,"href":"https:\/\/aromasentia.com\/fr\/wp-json\/wp\/v2\/comments?post=220288"}],"version-history":[{"count":0,"href":"https:\/\/aromasentia.com\/fr\/wp-json\/wp\/v2\/product\/220288\/revisions"}],"wp:featuredmedia":[{"embeddable":true,"href":"https:\/\/aromasentia.com\/fr\/wp-json\/wp\/v2\/media\/415000"}],"wp:attachment":[{"href":"https:\/\/aromasentia.com\/fr\/wp-json\/wp\/v2\/media?parent=220288"}],"wp:term":[{"taxonomy":"product_brand","embeddable":true,"href":"https:\/\/aromasentia.com\/fr\/wp-json\/wp\/v2\/product_brand?post=220288"},{"taxonomy":"product_cat","embeddable":true,"href":"https:\/\/aromasentia.com\/fr\/wp-json\/wp\/v2\/product_cat?post=220288"},{"taxonomy":"product_tag","embeddable":true,"href":"https:\/\/aromasentia.com\/fr\/wp-json\/wp\/v2\/product_tag?post=220288"}],"curies":[{"name":"wp","href":"https:\/\/api.w.org\/{rel}","templated":true}]}}