{"id":220284,"date":"2025-03-23T10:31:56","date_gmt":"2025-03-23T10:31:56","guid":{"rendered":"https:\/\/aromasentia.com\/product\/tribal-soul-incense-sticks-cinnamon\/"},"modified":"2025-12-30T19:00:08","modified_gmt":"2025-12-30T19:00:08","slug":"baton-dencens-tribal-soul-cannelle","status":"publish","type":"product","link":"https:\/\/aromasentia.com\/fr\/baton-dencens-tribal-soul-cannelle\/","title":{"rendered":"B\u00e2ton d&rsquo;Encens Tribal Soul &#8211; Cannelle"},"content":{"rendered":"<p><strong><span style=\"color: rgb(75, 80, 88);\">L&rsquo;encens en gros Tribal Soul&nbsp;<\/span><\/strong>est livr\u00e9 dans une bo\u00eete d\u00e9corative pr\u00eate \u00e0 remplir chaque pi\u00e8ce de votre maison avec ce parfum s\u00e9duisant unique.&nbsp;<\/p>\n<p>Con&ccedil;u pour masquer parfaitement toutes sortes d&rsquo;odeurs. La cannelle est une \u00e9pice originaire des Cara&iuml;bes, d&rsquo;Am\u00e9rique du Sud et d&rsquo;Asie du Sud-Est. Les gens l&rsquo;utilisent depuis 2000 av. J.-C. dans l&rsquo;\u00e9gypte ancienne comme parfum lors du processus d&#8217;embaumement, tandis que les Romains l&rsquo;utilisaient dans les b\u00fbchers fun\u00e9raires pour masquer la puanteur de la chair br\u00fbl\u00e9e.&nbsp;<\/p>\n<p>R\u00e9colt\u00e9e \u00e0 partir de l&rsquo;\u00e9corce interne d&rsquo;une plante tropicale \u00e0 feuilles persistantes, la cannelle est \u00e9galement utilis\u00e9e en m\u00e9decine ayurv\u00e9dique pour traiter les probl\u00e8mes respiratoires et digestifs depuis des si\u00e8cles.&nbsp;<\/p>\n<p>Aujourd&rsquo;hui, la cannelle est l&rsquo;un des ingr\u00e9dients les plus couramment utilis\u00e9s dans notre cuisine pour sa nature apaisante, bois\u00e9e, \u00e9pic\u00e9e et douce. Le parfum de la cannelle revigore et r\u00e9chauffe \u00e9galement les sens, produisant une sensation de joie.<\/p>\n","protected":false},"excerpt":{"rendered":"<p>L&rsquo;encens en gros Tribal Soul&nbsp;est livr\u00e9 dans une bo\u00eete d\u00e9corative pr\u00eate \u00e0 remplir chaque pi\u00e8ce de votre maison avec ce parfum s\u00e9duisant unique.&nbsp; Con&ccedil;u pour masquer parfaitement toutes sortes d&rsquo;odeurs. La cannelle est une \u00e9pice originaire des Cara&iuml;bes, d&rsquo;Am\u00e9rique du Sud et d&rsquo;Asie du Sud-Est. Les gens l&rsquo;utilisent depuis 2000 av. J.-C. dans l&rsquo;\u00e9gypte ancienne [&hellip;]<\/p>\n","protected":false},"featured_media":414991,"comment_status":"closed","ping_status":"open","template":"","meta":{"_angie_page":false},"product_brand":[27150],"product_cat":[15193,26135,15147,26888,25842],"product_tag":[],"class_list":{"0":"post-220284","1":"product","2":"type-product","3":"status-publish","4":"has-post-thumbnail","6":"product_brand-tribal-soul","7":"product_cat-batonnets-d-encens","8":"product_cat-cannelle","9":"product_cat-encens-et-porte-encens","10":"product_cat-epice","11":"product_cat-senteurs-aromes","12":"pa_collection-tribal-soul-incense-fr","13":"pa_made-in-inde","15":"first","16":"instock","17":"purchasable","18":"product-type-simple"},"supplier_id":null,"supplier_sku":"TribalSi-11","barcode":null,"atum_controlled":true,"out_stock_date":null,"out_stock_threshold":null,"inheritable":false,"inbound_stock":null,"stock_on_hold":0,"sold_today":0,"sales_last_days":0,"reserved_stock":null,"customer_returns":null,"warehouse_damage":null,"lost_in_post":null,"other_logs":null,"out_stock_days":0,"lost_sales":0,"has_location":null,"update_date":"2026-04-27T07:25:27","atum_locations":[],"atum_stock_status":"instock","restock_status":false,"low_stock_amount":"","sales_update_date":"2025-09-03T00:17:30","calc_backorders":null,"_links":{"self":[{"href":"https:\/\/aromasentia.com\/fr\/wp-json\/wp\/v2\/product\/220284","targetHints":{"allow":["GET"]}}],"collection":[{"href":"https:\/\/aromasentia.com\/fr\/wp-json\/wp\/v2\/product"}],"about":[{"href":"https:\/\/aromasentia.com\/fr\/wp-json\/wp\/v2\/types\/product"}],"replies":[{"embeddable":true,"href":"https:\/\/aromasentia.com\/fr\/wp-json\/wp\/v2\/comments?post=220284"}],"version-history":[{"count":0,"href":"https:\/\/aromasentia.com\/fr\/wp-json\/wp\/v2\/product\/220284\/revisions"}],"wp:featuredmedia":[{"embeddable":true,"href":"https:\/\/aromasentia.com\/fr\/wp-json\/wp\/v2\/media\/414991"}],"wp:attachment":[{"href":"https:\/\/aromasentia.com\/fr\/wp-json\/wp\/v2\/media?parent=220284"}],"wp:term":[{"taxonomy":"product_brand","embeddable":true,"href":"https:\/\/aromasentia.com\/fr\/wp-json\/wp\/v2\/product_brand?post=220284"},{"taxonomy":"product_cat","embeddable":true,"href":"https:\/\/aromasentia.com\/fr\/wp-json\/wp\/v2\/product_cat?post=220284"},{"taxonomy":"product_tag","embeddable":true,"href":"https:\/\/aromasentia.com\/fr\/wp-json\/wp\/v2\/product_tag?post=220284"}],"curies":[{"name":"wp","href":"https:\/\/api.w.org\/{rel}","templated":true}]}}