{"id":220280,"date":"2025-03-23T10:31:56","date_gmt":"2025-03-23T10:31:56","guid":{"rendered":"https:\/\/aromasentia.com\/product\/tribal-soul-incense-sticks-sandalwood\/"},"modified":"2025-12-30T19:00:08","modified_gmt":"2025-12-30T19:00:08","slug":"baton-dencens-tribal-soul-bois-de-santal","status":"publish","type":"product","link":"https:\/\/aromasentia.com\/fr\/baton-dencens-tribal-soul-bois-de-santal\/","title":{"rendered":"B\u00e2ton d&rsquo;Encens Tribal Soul &#8211; Bois de santal"},"content":{"rendered":"<p><strong><span style=\"color: rgb(75, 80, 88);\">L&rsquo;encens en gros Tribal Soul&nbsp;<\/span><\/strong>est livr\u00e9 dans une bo\u00eete d\u00e9corative pr\u00eate \u00e0 remplir chaque pi\u00e8ce de votre maison avec ce parfum s\u00e9duisant unique. Con&ccedil;u pour masquer parfaitement toutes sortes d&rsquo;odeurs.&nbsp;<\/p>\n<p>Le bois de santal est une classe de bois provenant d&rsquo;arbres du genre Santalum. Il existe des esp\u00e8ces originaires d&rsquo;Inde, de Malaisie, d&rsquo;Australie mais le santal indien (Santalum album) est le plus pris\u00e9. Le bois de santal est tr\u00e8s sacr\u00e9 dans l&rsquo;Ayurveda hindou et est connu en sanskrit sous le nom de \u00ab\u00a0chandana\u00a0\u00bb. Le bois est utilis\u00e9 pour adorer les divinit\u00e9s.&nbsp;<\/p>\n<p>Dans le bouddhisme, l&rsquo;encens au bois de santal est br\u00fbl\u00e9 pendant la pri\u00e8re et la m\u00e9ditation, v\u00e9n\u00e9r\u00e9 pour sa capacit\u00e9 \u00e0 calmer et \u00e0 concentrer l&rsquo;esprit. En aromath\u00e9rapie, le bois de santal a de nombreux bienfaits.&nbsp;<\/p>\n<p>Son parfum sucr\u00e9, doux et cr\u00e9meux tr\u00e8s distinctif induit la relaxation et le calme, et favorise la pens\u00e9e positive, la clart\u00e9 et la concentration.<\/p>\n","protected":false},"excerpt":{"rendered":"<p>L&rsquo;encens en gros Tribal Soul&nbsp;est livr\u00e9 dans une bo\u00eete d\u00e9corative pr\u00eate \u00e0 remplir chaque pi\u00e8ce de votre maison avec ce parfum s\u00e9duisant unique. Con&ccedil;u pour masquer parfaitement toutes sortes d&rsquo;odeurs.&nbsp; Le bois de santal est une classe de bois provenant d&rsquo;arbres du genre Santalum. Il existe des esp\u00e8ces originaires d&rsquo;Inde, de Malaisie, d&rsquo;Australie mais le [&hellip;]<\/p>\n","protected":false},"featured_media":414982,"comment_status":"closed","ping_status":"open","template":"","meta":{"_angie_page":false},"product_brand":[27150],"product_cat":[15193,26389,26895,15147,25842],"product_tag":[],"class_list":{"0":"post-220280","1":"product","2":"type-product","3":"status-publish","4":"has-post-thumbnail","6":"product_brand-tribal-soul","7":"product_cat-batonnets-d-encens","8":"product_cat-bois-de-santal","9":"product_cat-boise","10":"product_cat-encens-et-porte-encens","11":"product_cat-senteurs-aromes","12":"pa_collection-tribal-soul-incense-fr","13":"pa_made-in-inde","15":"first","16":"instock","17":"purchasable","18":"product-type-simple"},"supplier_id":null,"supplier_sku":"TribalSi-10","barcode":null,"atum_controlled":true,"out_stock_date":null,"out_stock_threshold":null,"inheritable":false,"inbound_stock":null,"stock_on_hold":0,"sold_today":0,"sales_last_days":0,"reserved_stock":null,"customer_returns":null,"warehouse_damage":null,"lost_in_post":null,"other_logs":null,"out_stock_days":0,"lost_sales":0,"has_location":null,"update_date":"2026-04-27T07:25:27","atum_locations":[],"atum_stock_status":"instock","restock_status":false,"low_stock_amount":"","sales_update_date":"2025-09-03T00:17:29","calc_backorders":null,"_links":{"self":[{"href":"https:\/\/aromasentia.com\/fr\/wp-json\/wp\/v2\/product\/220280","targetHints":{"allow":["GET"]}}],"collection":[{"href":"https:\/\/aromasentia.com\/fr\/wp-json\/wp\/v2\/product"}],"about":[{"href":"https:\/\/aromasentia.com\/fr\/wp-json\/wp\/v2\/types\/product"}],"replies":[{"embeddable":true,"href":"https:\/\/aromasentia.com\/fr\/wp-json\/wp\/v2\/comments?post=220280"}],"version-history":[{"count":0,"href":"https:\/\/aromasentia.com\/fr\/wp-json\/wp\/v2\/product\/220280\/revisions"}],"wp:featuredmedia":[{"embeddable":true,"href":"https:\/\/aromasentia.com\/fr\/wp-json\/wp\/v2\/media\/414982"}],"wp:attachment":[{"href":"https:\/\/aromasentia.com\/fr\/wp-json\/wp\/v2\/media?parent=220280"}],"wp:term":[{"taxonomy":"product_brand","embeddable":true,"href":"https:\/\/aromasentia.com\/fr\/wp-json\/wp\/v2\/product_brand?post=220280"},{"taxonomy":"product_cat","embeddable":true,"href":"https:\/\/aromasentia.com\/fr\/wp-json\/wp\/v2\/product_cat?post=220280"},{"taxonomy":"product_tag","embeddable":true,"href":"https:\/\/aromasentia.com\/fr\/wp-json\/wp\/v2\/product_tag?post=220280"}],"curies":[{"name":"wp","href":"https:\/\/api.w.org\/{rel}","templated":true}]}}