{"id":220276,"date":"2025-03-23T10:31:56","date_gmt":"2025-03-23T10:31:56","guid":{"rendered":"https:\/\/aromasentia.com\/product\/tribal-soul-incense-sticks-lavender\/"},"modified":"2025-12-30T19:00:08","modified_gmt":"2025-12-30T19:00:08","slug":"batons-dencens-tribal-soul-lavande","status":"publish","type":"product","link":"https:\/\/aromasentia.com\/fr\/batons-dencens-tribal-soul-lavande\/","title":{"rendered":"B\u00e2tons d&rsquo;Encens Tribal Soul &#8211; Lavande"},"content":{"rendered":"<p><strong><span style=\"color: rgb(75, 80, 88);\">L&rsquo;encens en gros Tribal Soul<\/span><\/strong> est livr\u00e9 dans une bo\u00eete d\u00e9corative pr\u00eate \u00e0 remplir chaque pi\u00e8ce de votre maison avec ce parfum s\u00e9duisant unique. Con&ccedil;u pour masquer parfaitement toutes sortes d&rsquo;odeurs.&nbsp;<\/p>\n<p>La lavande, originaire des r\u00e9gions montagneuses de la r\u00e9gion m\u00e9diterran\u00e9enne, s&rsquo;est r\u00e9pandue assez rapidement dans d&rsquo;autres parties du monde et est utilis\u00e9e depuis plus de 2500 ans. Les utilisations anciennes de la lavande avaient tendance \u00e0 \u00eatre davantage de nature m\u00e9dicinale et la lavande est toujours connue pour ses bienfaits purifiants, relaxants et protecteurs.&nbsp;<\/p>\n<p>Consid\u00e9r\u00e9e comme un symbole de puret\u00e9 et de propret\u00e9 par les Am\u00e9rindiens, la lavande agit pour apaiser et calmer les gens en r\u00e9tablissant l&rsquo;\u00e9quilibre \u00e9motionnel. Il ouvre \u00e9galement le chakra du c\u0153ur et attire l&rsquo;\u00e9nergie aimante.&nbsp;<\/p>\n<p>L&rsquo;ar\u00f4me doux, floral et l\u00e9g\u00e8rement herbac\u00e9 de la lavande est incomparable.<\/p>\n","protected":false},"excerpt":{"rendered":"<p>L&rsquo;encens en gros Tribal Soul est livr\u00e9 dans une bo\u00eete d\u00e9corative pr\u00eate \u00e0 remplir chaque pi\u00e8ce de votre maison avec ce parfum s\u00e9duisant unique. Con&ccedil;u pour masquer parfaitement toutes sortes d&rsquo;odeurs.&nbsp; La lavande, originaire des r\u00e9gions montagneuses de la r\u00e9gion m\u00e9diterran\u00e9enne, s&rsquo;est r\u00e9pandue assez rapidement dans d&rsquo;autres parties du monde et est utilis\u00e9e depuis plus [&hellip;]<\/p>\n","protected":false},"featured_media":414973,"comment_status":"closed","ping_status":"open","template":"","meta":{"_angie_page":false},"product_brand":[27150],"product_cat":[15193,15147,26832,26233,25842],"product_tag":[],"class_list":{"0":"post-220276","1":"product","2":"type-product","3":"status-publish","4":"has-post-thumbnail","6":"product_brand-tribal-soul","7":"product_cat-batonnets-d-encens","8":"product_cat-encens-et-porte-encens","9":"product_cat-floral","10":"product_cat-lavande","11":"product_cat-senteurs-aromes","12":"pa_collection-tribal-soul-incense-fr","13":"pa_made-in-inde","15":"first","16":"instock","17":"purchasable","18":"product-type-simple"},"supplier_id":null,"supplier_sku":"TribalSi-09","barcode":null,"atum_controlled":true,"out_stock_date":null,"out_stock_threshold":null,"inheritable":false,"inbound_stock":null,"stock_on_hold":0,"sold_today":0,"sales_last_days":0,"reserved_stock":null,"customer_returns":null,"warehouse_damage":null,"lost_in_post":null,"other_logs":null,"out_stock_days":0,"lost_sales":0,"has_location":null,"update_date":"2026-04-27T07:25:27","atum_locations":[],"atum_stock_status":"instock","restock_status":false,"low_stock_amount":"","sales_update_date":"2025-09-03T00:17:29","calc_backorders":null,"_links":{"self":[{"href":"https:\/\/aromasentia.com\/fr\/wp-json\/wp\/v2\/product\/220276","targetHints":{"allow":["GET"]}}],"collection":[{"href":"https:\/\/aromasentia.com\/fr\/wp-json\/wp\/v2\/product"}],"about":[{"href":"https:\/\/aromasentia.com\/fr\/wp-json\/wp\/v2\/types\/product"}],"replies":[{"embeddable":true,"href":"https:\/\/aromasentia.com\/fr\/wp-json\/wp\/v2\/comments?post=220276"}],"version-history":[{"count":0,"href":"https:\/\/aromasentia.com\/fr\/wp-json\/wp\/v2\/product\/220276\/revisions"}],"wp:featuredmedia":[{"embeddable":true,"href":"https:\/\/aromasentia.com\/fr\/wp-json\/wp\/v2\/media\/414973"}],"wp:attachment":[{"href":"https:\/\/aromasentia.com\/fr\/wp-json\/wp\/v2\/media?parent=220276"}],"wp:term":[{"taxonomy":"product_brand","embeddable":true,"href":"https:\/\/aromasentia.com\/fr\/wp-json\/wp\/v2\/product_brand?post=220276"},{"taxonomy":"product_cat","embeddable":true,"href":"https:\/\/aromasentia.com\/fr\/wp-json\/wp\/v2\/product_cat?post=220276"},{"taxonomy":"product_tag","embeddable":true,"href":"https:\/\/aromasentia.com\/fr\/wp-json\/wp\/v2\/product_tag?post=220276"}],"curies":[{"name":"wp","href":"https:\/\/api.w.org\/{rel}","templated":true}]}}