{"id":220272,"date":"2025-03-23T10:31:56","date_gmt":"2025-03-23T10:31:56","guid":{"rendered":"https:\/\/aromasentia.com\/product\/tribal-soul-incesne-sweert-grass-cedar\/"},"modified":"2025-12-30T19:00:08","modified_gmt":"2025-12-30T19:00:08","slug":"encens-ame-tribale-sweetgrass-cedre","status":"publish","type":"product","link":"https:\/\/aromasentia.com\/fr\/encens-ame-tribale-sweetgrass-cedre\/","title":{"rendered":"Encens \u00e2me tribale &#8211; Sweetgrass + C\u00e8dre"},"content":{"rendered":"<p><strong><span style=\"color: rgb(75, 80, 88);\">L&rsquo;encens en gros \u00e2me Tribale Herbes Douces + C\u00e8dre<\/span><\/strong> est livr\u00e9 dans une bo\u00eete d\u00e9corative pr\u00eate \u00e0 remplir chaque pi\u00e8ce de votre maison avec ce parfum s\u00e9duisant unique.&nbsp;<\/p>\n<p>Con&ccedil;u pour masquer parfaitement toutes sortes d&rsquo;odeurs. Le foin d&rsquo;odeur et le c\u00e8dre sont deux des principales plantes utilis\u00e9es par les autochtones avec la sauge et le tabac. Sweetgrass est le cheveu sacr\u00e9 de la Terre M\u00e8re g\u00e9n\u00e9ralement tress\u00e9 en trois brins.&nbsp;<\/p>\n<p>Une fois s\u00e9ch\u00e9e, la tresse est br\u00fbl\u00e9e au d\u00e9but d&rsquo;une pri\u00e8re ou d&rsquo;une c\u00e9r\u00e9monie de purification et de purification de l&rsquo;esprit. Le c\u00e8dre, un arbre aromatique r\u00e9sineux, est \u00e9galement utilis\u00e9 pour les rituels de nettoyage et les rites de gu\u00e9rison. Les peuples autochtones d&rsquo;Am\u00e9rique du Nord br\u00fblent du c\u00e8dre en priant et on dit que sa fum\u00e9e attire les esprits visqueux et \u00e9limine les \u00e9nergies n\u00e9gatives.&nbsp;<\/p>\n<p>Le parfum vanill\u00e9 de Sweetgrass se combine dans ces sticks avec le doux parfum herbac\u00e9 du C\u00e8dre pour prot\u00e9ger, purifier et apporter de la positivit\u00e9. Un cadeau incroyable pour ceux qui adorent un beau parfum ou juste un plaisir pour vous-m\u00eame. Cet encens vous am\u00e8nera \u00e0 l&rsquo;endroit que vous aimez le plus.&nbsp;<\/p>\n<p><span style=\"color: rgb(141, 186, 216);\"><strong>Bon rapport qualit\u00e9 prix, bel emballage, divers parfums. Commandez maintenant.<\/strong><\/span><\/p>\n","protected":false},"excerpt":{"rendered":"<p>L&rsquo;encens en gros \u00e2me Tribale Herbes Douces + C\u00e8dre est livr\u00e9 dans une bo\u00eete d\u00e9corative pr\u00eate \u00e0 remplir chaque pi\u00e8ce de votre maison avec ce parfum s\u00e9duisant unique.&nbsp; Con&ccedil;u pour masquer parfaitement toutes sortes d&rsquo;odeurs. Le foin d&rsquo;odeur et le c\u00e8dre sont deux des principales plantes utilis\u00e9es par les autochtones avec la sauge et le [&hellip;]<\/p>\n","protected":false},"featured_media":414940,"comment_status":"closed","ping_status":"open","template":"","meta":{"_angie_page":false},"product_brand":[27150],"product_cat":[15193,15147],"product_tag":[],"class_list":{"0":"post-220272","1":"product","2":"type-product","3":"status-publish","4":"has-post-thumbnail","6":"product_brand-tribal-soul","7":"product_cat-batonnets-d-encens","8":"product_cat-encens-et-porte-encens","9":"pa_collection-tribal-soul-incense-fr","10":"pa_made-in-inde","12":"first","13":"instock","14":"purchasable","15":"product-type-simple"},"supplier_id":null,"supplier_sku":"TribalSi-08","barcode":null,"atum_controlled":true,"out_stock_date":null,"out_stock_threshold":null,"inheritable":false,"inbound_stock":null,"stock_on_hold":0,"sold_today":0,"sales_last_days":0,"reserved_stock":null,"customer_returns":null,"warehouse_damage":null,"lost_in_post":null,"other_logs":null,"out_stock_days":0,"lost_sales":0,"has_location":null,"update_date":"2026-04-27T07:25:27","atum_locations":[],"atum_stock_status":"instock","restock_status":false,"low_stock_amount":"","sales_update_date":"2025-09-03T00:17:29","calc_backorders":null,"_links":{"self":[{"href":"https:\/\/aromasentia.com\/fr\/wp-json\/wp\/v2\/product\/220272","targetHints":{"allow":["GET"]}}],"collection":[{"href":"https:\/\/aromasentia.com\/fr\/wp-json\/wp\/v2\/product"}],"about":[{"href":"https:\/\/aromasentia.com\/fr\/wp-json\/wp\/v2\/types\/product"}],"replies":[{"embeddable":true,"href":"https:\/\/aromasentia.com\/fr\/wp-json\/wp\/v2\/comments?post=220272"}],"version-history":[{"count":0,"href":"https:\/\/aromasentia.com\/fr\/wp-json\/wp\/v2\/product\/220272\/revisions"}],"wp:featuredmedia":[{"embeddable":true,"href":"https:\/\/aromasentia.com\/fr\/wp-json\/wp\/v2\/media\/414940"}],"wp:attachment":[{"href":"https:\/\/aromasentia.com\/fr\/wp-json\/wp\/v2\/media?parent=220272"}],"wp:term":[{"taxonomy":"product_brand","embeddable":true,"href":"https:\/\/aromasentia.com\/fr\/wp-json\/wp\/v2\/product_brand?post=220272"},{"taxonomy":"product_cat","embeddable":true,"href":"https:\/\/aromasentia.com\/fr\/wp-json\/wp\/v2\/product_cat?post=220272"},{"taxonomy":"product_tag","embeddable":true,"href":"https:\/\/aromasentia.com\/fr\/wp-json\/wp\/v2\/product_tag?post=220272"}],"curies":[{"name":"wp","href":"https:\/\/api.w.org\/{rel}","templated":true}]}}