{"id":220260,"date":"2025-03-23T10:31:56","date_gmt":"2025-03-23T10:31:56","guid":{"rendered":"https:\/\/aromasentia.com\/product\/tribal-soul-incesne-white-sage-lavender\/"},"modified":"2025-12-30T19:00:08","modified_gmt":"2025-12-30T19:00:08","slug":"encens-ame-tribale-sauge-blanche-lavande","status":"publish","type":"product","link":"https:\/\/aromasentia.com\/fr\/encens-ame-tribale-sauge-blanche-lavande\/","title":{"rendered":"Encens \u00e2me tribale &#8211; Sauge Blanche + Lavande"},"content":{"rendered":"<p><strong><span style=\"color: rgb(75, 80, 88);\">L&rsquo;encens en gros \u00e2me Tribale Sauge Blanche + Lavande&nbsp;<\/span><\/strong>est livr\u00e9 dans une bo\u00eete d\u00e9corative pr\u00eate \u00e0 remplir chaque pi\u00e8ce de votre maison avec ce parfum s\u00e9duisant unique. Con&ccedil;u pour masquer parfaitement toutes sortes d&rsquo;odeurs.&nbsp;<\/p>\n<p>La sauge blanche (Salvia apiana) est consid\u00e9r\u00e9e comme sacr\u00e9e par les Am\u00e9rindiens depuis des milliers d&rsquo;ann\u00e9es et a \u00e9t\u00e9 utilis\u00e9e pour chasser les mauvaises \u00e9nergies, nettoyer et purifier les personnes et les lieux en profondeur par la technique du maculage.&nbsp;<\/p>\n<p>La lavande, bien connue pour ses qualit\u00e9s m\u00e9dicinales ainsi que ses pouvoirs de protection et de nettoyage, symbolise la puret\u00e9 et la propret\u00e9. Il agit pour apaiser et calmer les gens en r\u00e9tablissant l&rsquo;\u00e9quilibre \u00e9motionnel. Il ouvre \u00e9galement le chakra du c\u0153ur et attire l&rsquo;\u00e9nergie aimante.&nbsp;<\/p>\n<p>La sauge blanche terreuse fra\u00eeche et la lavande herbac\u00e9e douce se combinent dans ces b\u00e2tons pour une exp\u00e9rience hautement aromatique, cr\u00e9ant une atmosph\u00e8re paisible et harmonieuse et permettant une plus grande facilit\u00e9 de relaxation.&nbsp;<\/p>\n<p>Un cadeau incroyable pour ceux qui adorent un beau parfum ou juste un plaisir pour vous-m\u00eame. Cet encens vous am\u00e8nera \u00e0 l&rsquo;endroit que vous aimez le plus.&nbsp;<\/p>\n<p><strong><span style=\"color: rgb(141, 186, 216);\">Bon rapport qualit\u00e9 prix, bel emballage, divers parfums. Commandez maintenant.<\/span><\/strong><\/p>\n","protected":false},"excerpt":{"rendered":"<p>L&rsquo;encens en gros \u00e2me Tribale Sauge Blanche + Lavande&nbsp;est livr\u00e9 dans une bo\u00eete d\u00e9corative pr\u00eate \u00e0 remplir chaque pi\u00e8ce de votre maison avec ce parfum s\u00e9duisant unique. Con&ccedil;u pour masquer parfaitement toutes sortes d&rsquo;odeurs.&nbsp; La sauge blanche (Salvia apiana) est consid\u00e9r\u00e9e comme sacr\u00e9e par les Am\u00e9rindiens depuis des milliers d&rsquo;ann\u00e9es et a \u00e9t\u00e9 utilis\u00e9e pour [&hellip;]<\/p>\n","protected":false},"featured_media":414849,"comment_status":"closed","ping_status":"open","template":"","meta":{"_angie_page":false},"product_brand":[27150],"product_cat":[15193,15147,26832,26860,26233,26485,25842],"product_tag":[],"class_list":{"0":"post-220260","1":"product","2":"type-product","3":"status-publish","4":"has-post-thumbnail","6":"product_brand-tribal-soul","7":"product_cat-batonnets-d-encens","8":"product_cat-encens-et-porte-encens","9":"product_cat-floral","10":"product_cat-herbes-aromatiques","11":"product_cat-lavande","12":"product_cat-sauge-blanche","13":"product_cat-senteurs-aromes","14":"pa_collection-tribal-soul-incense-fr","15":"pa_made-in-inde","17":"first","18":"instock","19":"purchasable","20":"product-type-simple"},"supplier_id":null,"supplier_sku":"TribalSi-05","barcode":null,"atum_controlled":true,"out_stock_date":null,"out_stock_threshold":null,"inheritable":false,"inbound_stock":null,"stock_on_hold":0,"sold_today":0,"sales_last_days":0,"reserved_stock":null,"customer_returns":null,"warehouse_damage":null,"lost_in_post":null,"other_logs":null,"out_stock_days":0,"lost_sales":0,"has_location":null,"update_date":"2026-05-08T05:21:26","atum_locations":[],"atum_stock_status":"instock","restock_status":false,"low_stock_amount":"","sales_update_date":"2025-09-03T00:17:29","calc_backorders":null,"_links":{"self":[{"href":"https:\/\/aromasentia.com\/fr\/wp-json\/wp\/v2\/product\/220260","targetHints":{"allow":["GET"]}}],"collection":[{"href":"https:\/\/aromasentia.com\/fr\/wp-json\/wp\/v2\/product"}],"about":[{"href":"https:\/\/aromasentia.com\/fr\/wp-json\/wp\/v2\/types\/product"}],"replies":[{"embeddable":true,"href":"https:\/\/aromasentia.com\/fr\/wp-json\/wp\/v2\/comments?post=220260"}],"version-history":[{"count":0,"href":"https:\/\/aromasentia.com\/fr\/wp-json\/wp\/v2\/product\/220260\/revisions"}],"wp:featuredmedia":[{"embeddable":true,"href":"https:\/\/aromasentia.com\/fr\/wp-json\/wp\/v2\/media\/414849"}],"wp:attachment":[{"href":"https:\/\/aromasentia.com\/fr\/wp-json\/wp\/v2\/media?parent=220260"}],"wp:term":[{"taxonomy":"product_brand","embeddable":true,"href":"https:\/\/aromasentia.com\/fr\/wp-json\/wp\/v2\/product_brand?post=220260"},{"taxonomy":"product_cat","embeddable":true,"href":"https:\/\/aromasentia.com\/fr\/wp-json\/wp\/v2\/product_cat?post=220260"},{"taxonomy":"product_tag","embeddable":true,"href":"https:\/\/aromasentia.com\/fr\/wp-json\/wp\/v2\/product_tag?post=220260"}],"curies":[{"name":"wp","href":"https:\/\/api.w.org\/{rel}","templated":true}]}}