{"id":220236,"date":"2025-03-23T10:32:04","date_gmt":"2025-03-23T10:32:04","guid":{"rendered":"https:\/\/aromasentia.com\/product\/white-washed-incense-holder-cone-and-incense-disc\/"},"modified":"2025-12-30T18:59:59","modified_gmt":"2025-12-30T18:59:59","slug":"porte-encens-delave-blanc-cone-et-disque-dencens","status":"publish","type":"product","link":"https:\/\/aromasentia.com\/fr\/porte-encens-delave-blanc-cone-et-disque-dencens\/","title":{"rendered":"Porte-Encens D\u00e9lav\u00e9 blanc &#8211; C\u00f4ne et Disque d&rsquo;Encens"},"content":{"rendered":"<p>Porte-encens blanchis en gros. Import\u00e9 d&rsquo;Inde. Cette r\u00e9gion de l&rsquo;Inde est toujours confront\u00e9e \u00e0 d&rsquo;importants probl\u00e8mes d&rsquo;infrastructure, l&rsquo;\u00e9lectricit\u00e9 est intermittente, les transports et les routes sont m\u00e9diocres.<br \/>En cons\u00e9quence, les approvisionnements sont particuli\u00e8rement irr\u00e9guliers. Cependant, la r\u00e9gion a une fi\u00e8re histoire artisanale de production de beaux articles en bois et nous sommes fiers de soutenir cette industrie en important plusieurs contenants par an d&rsquo;articles de bois en gros, dont l&rsquo;un des favoris est le porte-encens sous tant de formes.<br \/>Merci de faire de nous votre fournisseur de porte-encens en gros. Votre coutume et votre soutien sont vraiment appr\u00e9ci\u00e9s. Visitez notre d\u00e9partement d&rsquo;encens avec les prix de gros.<\/p>\n","protected":false},"excerpt":{"rendered":"<p>Porte-encens blanchis en gros. Import\u00e9 d&rsquo;Inde. Cette r\u00e9gion de l&rsquo;Inde est toujours confront\u00e9e \u00e0 d&rsquo;importants probl\u00e8mes d&rsquo;infrastructure, l&rsquo;\u00e9lectricit\u00e9 est intermittente, les transports et les routes sont m\u00e9diocres.En cons\u00e9quence, les approvisionnements sont particuli\u00e8rement irr\u00e9guliers. Cependant, la r\u00e9gion a une fi\u00e8re histoire artisanale de production de beaux articles en bois et nous sommes fiers de soutenir cette [&hellip;]<\/p>\n","protected":false},"featured_media":416293,"comment_status":"closed","ping_status":"open","template":"","meta":[],"product_brand":[],"product_cat":[15147,15148,15164],"product_tag":[],"class_list":{"0":"post-220236","1":"product","2":"type-product","3":"status-publish","4":"has-post-thumbnail","6":"product_cat-encens-et-porte-encens","7":"product_cat-porte-encens-et-encensoirs","8":"product_cat-porte-encens-pour-cones","9":"pa_collection-white-washed-incense-holders-fr","10":"pa_made-in-inde","12":"first","13":"instock","14":"purchasable","15":"product-type-simple"},"supplier_id":null,"supplier_sku":"WWIH-02","barcode":null,"atum_controlled":true,"out_stock_date":null,"out_stock_threshold":null,"inheritable":false,"inbound_stock":null,"stock_on_hold":0,"sold_today":0,"sales_last_days":0,"reserved_stock":null,"customer_returns":null,"warehouse_damage":null,"lost_in_post":null,"other_logs":null,"out_stock_days":0,"lost_sales":0,"has_location":null,"update_date":"2026-02-10T10:25:38","atum_locations":[],"atum_stock_status":"instock","restock_status":false,"low_stock_amount":"","sales_update_date":"2025-09-03T00:17:27","calc_backorders":null,"_links":{"self":[{"href":"https:\/\/aromasentia.com\/fr\/wp-json\/wp\/v2\/product\/220236","targetHints":{"allow":["GET"]}}],"collection":[{"href":"https:\/\/aromasentia.com\/fr\/wp-json\/wp\/v2\/product"}],"about":[{"href":"https:\/\/aromasentia.com\/fr\/wp-json\/wp\/v2\/types\/product"}],"replies":[{"embeddable":true,"href":"https:\/\/aromasentia.com\/fr\/wp-json\/wp\/v2\/comments?post=220236"}],"version-history":[{"count":0,"href":"https:\/\/aromasentia.com\/fr\/wp-json\/wp\/v2\/product\/220236\/revisions"}],"wp:featuredmedia":[{"embeddable":true,"href":"https:\/\/aromasentia.com\/fr\/wp-json\/wp\/v2\/media\/416293"}],"wp:attachment":[{"href":"https:\/\/aromasentia.com\/fr\/wp-json\/wp\/v2\/media?parent=220236"}],"wp:term":[{"taxonomy":"product_brand","embeddable":true,"href":"https:\/\/aromasentia.com\/fr\/wp-json\/wp\/v2\/product_brand?post=220236"},{"taxonomy":"product_cat","embeddable":true,"href":"https:\/\/aromasentia.com\/fr\/wp-json\/wp\/v2\/product_cat?post=220236"},{"taxonomy":"product_tag","embeddable":true,"href":"https:\/\/aromasentia.com\/fr\/wp-json\/wp\/v2\/product_tag?post=220236"}],"curies":[{"name":"wp","href":"https:\/\/api.w.org\/{rel}","templated":true}]}}