{"id":220224,"date":"2025-03-23T10:32:04","date_gmt":"2025-03-23T10:32:04","guid":{"rendered":"https:\/\/aromasentia.com\/product\/lrg-mango-wood-backflow-burner-hamsa\/"},"modified":"2025-12-30T18:59:59","modified_gmt":"2025-12-30T18:59:59","slug":"grand-bruleur-a-reflux-en-bois-de-manguier-hamsa","status":"publish","type":"product","link":"https:\/\/aromasentia.com\/fr\/grand-bruleur-a-reflux-en-bois-de-manguier-hamsa\/","title":{"rendered":"Grand Br\u00fbleur \u00e0 reflux en bois de manguier &#8211; Hamsa"},"content":{"rendered":"<p>Le bois de manguier est vraiment charmant! Ils sont con&ccedil;us pour les c\u00f4nes parfum\u00e9s \u00ab\u00a0Flowing Smoke\u00a0\u00bb. Le c\u00f4ne br\u00fblant produit une fum\u00e9e plus lourde que l&rsquo;air. La fum\u00e9e traverse l&rsquo;ouverture du stand et cr\u00e9e ainsi l&rsquo;effet de \u00ab\u00a0Flowing Smoke\u00a0\u00bb.<br \/>L&rsquo;effet est enchanteur et la pi\u00e8ce est remplie du parfum agr\u00e9able d&rsquo;un c\u00f4ne. Offrez \u00e0 vos clients de notre s\u00e9lection &#8211; Hamsa, Ohm, Tree of Life ou Buddha.<br \/>Vous pouvez les vendre en combinaison avec des c\u00f4nes \u00ab\u00a0Flowing Smoke\u00a0\u00bb comme ensemble pour un meilleur profit!<br \/>Notez que pour cr\u00e9er l&rsquo;effet, il est n\u00e9cessaire d&rsquo;utiliser des c\u00f4nes parfum\u00e9s \u00ab\u00a0Flowing Smoke\u00a0\u00bb.<\/p>\n","protected":false},"excerpt":{"rendered":"<p>Le bois de manguier est vraiment charmant! Ils sont con&ccedil;us pour les c\u00f4nes parfum\u00e9s \u00ab\u00a0Flowing Smoke\u00a0\u00bb. Le c\u00f4ne br\u00fblant produit une fum\u00e9e plus lourde que l&rsquo;air. La fum\u00e9e traverse l&rsquo;ouverture du stand et cr\u00e9e ainsi l&rsquo;effet de \u00ab\u00a0Flowing Smoke\u00a0\u00bb.L&rsquo;effet est enchanteur et la pi\u00e8ce est remplie du parfum agr\u00e9able d&rsquo;un c\u00f4ne. Offrez \u00e0 vos clients [&hellip;]<\/p>\n","protected":false},"featured_media":416202,"comment_status":"closed","ping_status":"open","template":"","meta":[],"product_brand":[],"product_cat":[15146,15147,15148],"product_tag":[],"class_list":{"0":"post-220224","1":"product","2":"type-product","3":"status-publish","4":"has-post-thumbnail","6":"product_cat-bruleur-d-encens-a-refoulement-backflow","7":"product_cat-encens-et-porte-encens","8":"product_cat-porte-encens-et-encensoirs","9":"pa_collection-mango-wood-backflow-burner-fr","10":"pa_made-in-inde","12":"first","13":"instock","14":"purchasable","15":"product-type-simple"},"supplier_id":null,"supplier_sku":"WBF-09","barcode":null,"atum_controlled":true,"out_stock_date":null,"out_stock_threshold":null,"inheritable":false,"inbound_stock":null,"stock_on_hold":0,"sold_today":0,"sales_last_days":0,"reserved_stock":null,"customer_returns":null,"warehouse_damage":null,"lost_in_post":null,"other_logs":null,"out_stock_days":0,"lost_sales":0,"has_location":null,"update_date":"2026-01-30T01:25:50","atum_locations":[],"atum_stock_status":"instock","restock_status":false,"low_stock_amount":"","sales_update_date":"2026-01-30T01:25:50","calc_backorders":null,"_links":{"self":[{"href":"https:\/\/aromasentia.com\/fr\/wp-json\/wp\/v2\/product\/220224","targetHints":{"allow":["GET"]}}],"collection":[{"href":"https:\/\/aromasentia.com\/fr\/wp-json\/wp\/v2\/product"}],"about":[{"href":"https:\/\/aromasentia.com\/fr\/wp-json\/wp\/v2\/types\/product"}],"replies":[{"embeddable":true,"href":"https:\/\/aromasentia.com\/fr\/wp-json\/wp\/v2\/comments?post=220224"}],"version-history":[{"count":0,"href":"https:\/\/aromasentia.com\/fr\/wp-json\/wp\/v2\/product\/220224\/revisions"}],"wp:featuredmedia":[{"embeddable":true,"href":"https:\/\/aromasentia.com\/fr\/wp-json\/wp\/v2\/media\/416202"}],"wp:attachment":[{"href":"https:\/\/aromasentia.com\/fr\/wp-json\/wp\/v2\/media?parent=220224"}],"wp:term":[{"taxonomy":"product_brand","embeddable":true,"href":"https:\/\/aromasentia.com\/fr\/wp-json\/wp\/v2\/product_brand?post=220224"},{"taxonomy":"product_cat","embeddable":true,"href":"https:\/\/aromasentia.com\/fr\/wp-json\/wp\/v2\/product_cat?post=220224"},{"taxonomy":"product_tag","embeddable":true,"href":"https:\/\/aromasentia.com\/fr\/wp-json\/wp\/v2\/product_tag?post=220224"}],"curies":[{"name":"wp","href":"https:\/\/api.w.org\/{rel}","templated":true}]}}