{"id":220148,"date":"2025-03-23T11:05:59","date_gmt":"2025-03-23T11:05:59","guid":{"rendered":"https:\/\/aromasentia.com\/product\/good-luck-feng-shui-bracelets-lime-green\/"},"modified":"2025-06-23T18:22:41","modified_gmt":"2025-06-23T18:22:41","slug":"bracelets-feng-shui-de-bali-bracelets-fend-shui-vert-citron","status":"publish","type":"product","link":"https:\/\/aromasentia.com\/fr\/bracelets-feng-shui-de-bali-bracelets-fend-shui-vert-citron\/","title":{"rendered":"Bracelets Feng shui de Bali Bracelets Fend shui &#8211; Vert citron"},"content":{"rendered":"<p><strong><span style=\"color: rgb(75, 80, 88);\">Les Bracelets Good Luck Feng Shui Vert Citron<\/span><\/strong> en gros sont fabriqu\u00e9s \u00e0 partir de perles en bois et de pi\u00e8ces de fortune._x000D_\n<\/p>\n<p>Dans les temps anciens, les pi\u00e8ces de monnaie chinoises \u00e9taient port\u00e9es comme une amulette pour prot\u00e9ger le porteur contre la maladie et la n\u00e9gativit\u00e9. Ils sont ronds avec un trou carr\u00e9 au centre (repr\u00e9sentant le ciel et la terre).&nbsp;<\/p>\n<p>Cela en fait un outil extr\u00eamement puissant pour attirer l&rsquo;abondance, la richesse, l&rsquo;argent et la prosp\u00e9rit\u00e9 dans votre vie._x000D_\n<\/p>\n<p><strong><span style=\"color: rgb(141, 186, 216);\">Un cadeau parfait pour quelqu&rsquo;un de sp\u00e9cial ; ou pour vous-m\u00eame pour maintenir la bonne fortune, la paix et l&rsquo;\u00e9quilibre dans la vie.<\/span><\/strong><\/p>\n","protected":false},"excerpt":{"rendered":"<p>Les Bracelets Good Luck Feng Shui Vert Citron en gros sont fabriqu\u00e9s \u00e0 partir de perles en bois et de pi\u00e8ces de fortune._x000D_ Dans les temps anciens, les pi\u00e8ces de monnaie chinoises \u00e9taient port\u00e9es comme une amulette pour prot\u00e9ger le porteur contre la maladie et la n\u00e9gativit\u00e9. Ils sont ronds avec un trou carr\u00e9 au [&hellip;]<\/p>\n","protected":false},"featured_media":418377,"comment_status":"closed","ping_status":"open","template":"","meta":{"_angie_page":false},"product_brand":[],"product_cat":[14520,25206],"product_tag":[],"class_list":{"0":"post-220148","1":"product","2":"type-product","3":"status-publish","4":"has-post-thumbnail","6":"product_cat-bijoux-et-accessoires","7":"product_cat-bracelets","8":"pa_collection-bali-good-luck-feng-shoui-bracelets-fr","9":"pa_made-in-indonesie","11":"first","12":"instock","13":"purchasable","14":"product-type-simple"},"supplier_id":null,"supplier_sku":"BFGx-05","barcode":null,"atum_controlled":true,"out_stock_date":null,"out_stock_threshold":null,"inheritable":false,"inbound_stock":null,"stock_on_hold":0,"sold_today":0,"sales_last_days":0,"reserved_stock":null,"customer_returns":null,"warehouse_damage":null,"lost_in_post":null,"other_logs":null,"out_stock_days":0,"lost_sales":0,"has_location":null,"update_date":"2026-05-08T05:05:00","atum_locations":[],"atum_stock_status":"instock","restock_status":false,"low_stock_amount":"","sales_update_date":"2026-02-06T00:01:59","calc_backorders":null,"_links":{"self":[{"href":"https:\/\/aromasentia.com\/fr\/wp-json\/wp\/v2\/product\/220148","targetHints":{"allow":["GET"]}}],"collection":[{"href":"https:\/\/aromasentia.com\/fr\/wp-json\/wp\/v2\/product"}],"about":[{"href":"https:\/\/aromasentia.com\/fr\/wp-json\/wp\/v2\/types\/product"}],"replies":[{"embeddable":true,"href":"https:\/\/aromasentia.com\/fr\/wp-json\/wp\/v2\/comments?post=220148"}],"version-history":[{"count":0,"href":"https:\/\/aromasentia.com\/fr\/wp-json\/wp\/v2\/product\/220148\/revisions"}],"wp:featuredmedia":[{"embeddable":true,"href":"https:\/\/aromasentia.com\/fr\/wp-json\/wp\/v2\/media\/418377"}],"wp:attachment":[{"href":"https:\/\/aromasentia.com\/fr\/wp-json\/wp\/v2\/media?parent=220148"}],"wp:term":[{"taxonomy":"product_brand","embeddable":true,"href":"https:\/\/aromasentia.com\/fr\/wp-json\/wp\/v2\/product_brand?post=220148"},{"taxonomy":"product_cat","embeddable":true,"href":"https:\/\/aromasentia.com\/fr\/wp-json\/wp\/v2\/product_cat?post=220148"},{"taxonomy":"product_tag","embeddable":true,"href":"https:\/\/aromasentia.com\/fr\/wp-json\/wp\/v2\/product_tag?post=220148"}],"curies":[{"name":"wp","href":"https:\/\/api.w.org\/{rel}","templated":true}]}}