{"id":220112,"date":"2025-03-23T11:05:59","date_gmt":"2025-03-23T11:05:59","guid":{"rendered":"https:\/\/aromasentia.com\/product\/tri-hita-karana-bangle-beauty-wisdom\/"},"modified":"2025-12-30T18:59:51","modified_gmt":"2025-12-30T18:59:51","slug":"bracelet-tri-hita-karana-beaute-sagesse","status":"publish","type":"product","link":"https:\/\/aromasentia.com\/fr\/bracelet-tri-hita-karana-beaute-sagesse\/","title":{"rendered":"Bracelet Tri Hita Karana &#8211; Beaut\u00e9 &#038; Sagesse"},"content":{"rendered":"<p>Bracelets uniques faits de belles perles avec un design pratique. Ce sont des bracelets tr\u00e8s faciles \u00e0 vendre. Mettez-les simplement dans votre coin bijoux et regardez \u00e0 quelle vitesse ils se vendent Ils sont vraiment originaux et uniques, leurs couleurs vives attirent l&rsquo;attention. Associez-les \u00e0 une pochette en velours de qualit\u00e9 pour une valeur ajout\u00e9e et vendez-les en ensemble. Nos bracelets font r\u00e9f\u00e9rence \u00e0 la philosophie de vie traditionnelle &#8211; Tri Hita Karana, populaire sur l&rsquo;\u00eele de Bali en Indon\u00e9sie.&nbsp;<\/p>\n<p><strong><span style=\"color: rgb(141, 186, 216);\">La beaut\u00e9 et la sagesse<\/span><\/strong> sont l&rsquo;incarnation de la f\u00e9minit\u00e9 qui r\u00e9side en chacune de nous. L&rsquo;union mythique de la beaut\u00e9 et de la sagesse dans l&rsquo;esprit du Tri Hita Karana est sacr\u00e9e et doit \u00eatre respect\u00e9e. Ce bracelet c\u00e9l\u00e8bre la beaut\u00e9 et la sagesse de la partie f\u00e9minine de l&rsquo;humanit\u00e9.<\/p>\n","protected":false},"excerpt":{"rendered":"<p>Bracelets uniques faits de belles perles avec un design pratique. Ce sont des bracelets tr\u00e8s faciles \u00e0 vendre. Mettez-les simplement dans votre coin bijoux et regardez \u00e0 quelle vitesse ils se vendent Ils sont vraiment originaux et uniques, leurs couleurs vives attirent l&rsquo;attention. Associez-les \u00e0 une pochette en velours de qualit\u00e9 pour une valeur ajout\u00e9e [&hellip;]<\/p>\n","protected":false},"featured_media":418208,"comment_status":"closed","ping_status":"open","template":"","meta":{"_angie_page":false},"product_brand":[],"product_cat":[14520],"product_tag":[],"class_list":{"0":"post-220112","1":"product","2":"type-product","3":"status-publish","4":"has-post-thumbnail","6":"product_cat-bijoux-et-accessoires","7":"pa_collection-tri-hita-karana-bangle-fr","8":"pa_made-in-indonesie","10":"first","11":"instock","12":"purchasable","13":"product-type-simple"},"supplier_id":null,"supplier_sku":"BBA-04","barcode":null,"atum_controlled":true,"out_stock_date":null,"out_stock_threshold":null,"inheritable":false,"inbound_stock":null,"stock_on_hold":0,"sold_today":0,"sales_last_days":0,"reserved_stock":null,"customer_returns":null,"warehouse_damage":null,"lost_in_post":null,"other_logs":null,"out_stock_days":0,"lost_sales":0,"has_location":null,"update_date":"2026-04-29T06:53:02","atum_locations":[],"atum_stock_status":"instock","restock_status":false,"low_stock_amount":"","sales_update_date":"2026-02-06T00:01:35","calc_backorders":null,"_links":{"self":[{"href":"https:\/\/aromasentia.com\/fr\/wp-json\/wp\/v2\/product\/220112","targetHints":{"allow":["GET"]}}],"collection":[{"href":"https:\/\/aromasentia.com\/fr\/wp-json\/wp\/v2\/product"}],"about":[{"href":"https:\/\/aromasentia.com\/fr\/wp-json\/wp\/v2\/types\/product"}],"replies":[{"embeddable":true,"href":"https:\/\/aromasentia.com\/fr\/wp-json\/wp\/v2\/comments?post=220112"}],"version-history":[{"count":0,"href":"https:\/\/aromasentia.com\/fr\/wp-json\/wp\/v2\/product\/220112\/revisions"}],"wp:featuredmedia":[{"embeddable":true,"href":"https:\/\/aromasentia.com\/fr\/wp-json\/wp\/v2\/media\/418208"}],"wp:attachment":[{"href":"https:\/\/aromasentia.com\/fr\/wp-json\/wp\/v2\/media?parent=220112"}],"wp:term":[{"taxonomy":"product_brand","embeddable":true,"href":"https:\/\/aromasentia.com\/fr\/wp-json\/wp\/v2\/product_brand?post=220112"},{"taxonomy":"product_cat","embeddable":true,"href":"https:\/\/aromasentia.com\/fr\/wp-json\/wp\/v2\/product_cat?post=220112"},{"taxonomy":"product_tag","embeddable":true,"href":"https:\/\/aromasentia.com\/fr\/wp-json\/wp\/v2\/product_tag?post=220112"}],"curies":[{"name":"wp","href":"https:\/\/api.w.org\/{rel}","templated":true}]}}