{"id":220108,"date":"2025-03-23T11:05:59","date_gmt":"2025-03-23T11:05:59","guid":{"rendered":"https:\/\/aromasentia.com\/product\/tri-hita-karana-bangle-love\/"},"modified":"2025-06-23T18:22:37","modified_gmt":"2025-06-23T18:22:37","slug":"bracelet-tri-hita-karana-amour","status":"publish","type":"product","link":"https:\/\/aromasentia.com\/fr\/bracelet-tri-hita-karana-amour\/","title":{"rendered":"Bracelet Tri Hita Karana &#8211; Amour"},"content":{"rendered":"<p>Bracelets uniques faits de belles perles avec un design pratique. Ce sont des bracelets tr\u00e8s faciles \u00e0 vendre. Mettez-les simplement dans votre coin bijoux et regardez \u00e0 quelle vitesse ils se vendent Ils sont vraiment originaux et uniques, leurs couleurs vives attirent l&rsquo;attention. Associez-les \u00e0 une pochette en velours de qualit\u00e9 pour une valeur ajout\u00e9e et vendez-les en ensemble. Nos bracelets font r\u00e9f\u00e9rence \u00e0 la philosophie de vie traditionnelle &#8211; Tri Hita Karana, populaire sur l&rsquo;\u00eele de Bali en Indon\u00e9sie. L&rsquo;amour est bien s\u00fbr au centre du concept de Tri Hita Karana.<\/p>\n<p>&nbsp;Le bracelet est inspir\u00e9 par<strong><span style=\"color: rgb(141, 186, 216);\">&nbsp;l&rsquo;amour divin <\/span><\/strong>pour nous. Amour pour nos voisins. Aime prendre soin du monde naturel. Les dimensions du pass\u00e9, du pr\u00e9sent et du futur sont des cycles de vie \u00e0 parcourir avec un esprit d&rsquo;amour pour toutes les cr\u00e9atures de Dieu. Ce bracelet d&rsquo;amour repr\u00e9sente le cycle de la vie.<\/p>\n","protected":false},"excerpt":{"rendered":"<p>Bracelets uniques faits de belles perles avec un design pratique. Ce sont des bracelets tr\u00e8s faciles \u00e0 vendre. Mettez-les simplement dans votre coin bijoux et regardez \u00e0 quelle vitesse ils se vendent Ils sont vraiment originaux et uniques, leurs couleurs vives attirent l&rsquo;attention. Associez-les \u00e0 une pochette en velours de qualit\u00e9 pour une valeur ajout\u00e9e [&hellip;]<\/p>\n","protected":false},"featured_media":418183,"comment_status":"closed","ping_status":"open","template":"","meta":{"_angie_page":false},"product_brand":[],"product_cat":[14520],"product_tag":[],"class_list":{"0":"post-220108","1":"product","2":"type-product","3":"status-publish","4":"has-post-thumbnail","6":"product_cat-bijoux-et-accessoires","7":"pa_collection-tri-hita-karana-bangle-fr","8":"pa_made-in-indonesie","10":"first","11":"instock","12":"purchasable","13":"product-type-simple"},"supplier_id":null,"supplier_sku":"BBA-03","barcode":null,"atum_controlled":true,"out_stock_date":null,"out_stock_threshold":null,"inheritable":false,"inbound_stock":null,"stock_on_hold":0,"sold_today":0,"sales_last_days":0,"reserved_stock":null,"customer_returns":null,"warehouse_damage":null,"lost_in_post":null,"other_logs":null,"out_stock_days":0,"lost_sales":0,"has_location":null,"update_date":"2026-04-27T06:54:15","atum_locations":[],"atum_stock_status":"instock","restock_status":false,"low_stock_amount":"","sales_update_date":"2026-01-20T05:13:46","calc_backorders":null,"_links":{"self":[{"href":"https:\/\/aromasentia.com\/fr\/wp-json\/wp\/v2\/product\/220108","targetHints":{"allow":["GET"]}}],"collection":[{"href":"https:\/\/aromasentia.com\/fr\/wp-json\/wp\/v2\/product"}],"about":[{"href":"https:\/\/aromasentia.com\/fr\/wp-json\/wp\/v2\/types\/product"}],"replies":[{"embeddable":true,"href":"https:\/\/aromasentia.com\/fr\/wp-json\/wp\/v2\/comments?post=220108"}],"version-history":[{"count":0,"href":"https:\/\/aromasentia.com\/fr\/wp-json\/wp\/v2\/product\/220108\/revisions"}],"wp:featuredmedia":[{"embeddable":true,"href":"https:\/\/aromasentia.com\/fr\/wp-json\/wp\/v2\/media\/418183"}],"wp:attachment":[{"href":"https:\/\/aromasentia.com\/fr\/wp-json\/wp\/v2\/media?parent=220108"}],"wp:term":[{"taxonomy":"product_brand","embeddable":true,"href":"https:\/\/aromasentia.com\/fr\/wp-json\/wp\/v2\/product_brand?post=220108"},{"taxonomy":"product_cat","embeddable":true,"href":"https:\/\/aromasentia.com\/fr\/wp-json\/wp\/v2\/product_cat?post=220108"},{"taxonomy":"product_tag","embeddable":true,"href":"https:\/\/aromasentia.com\/fr\/wp-json\/wp\/v2\/product_tag?post=220108"}],"curies":[{"name":"wp","href":"https:\/\/api.w.org\/{rel}","templated":true}]}}