{"id":220104,"date":"2025-03-23T11:05:59","date_gmt":"2025-03-23T11:05:59","guid":{"rendered":"https:\/\/aromasentia.com\/product\/tri-hita-karana-bangle-appreciation\/"},"modified":"2025-12-30T18:59:51","modified_gmt":"2025-12-30T18:59:51","slug":"bracelet-tri-hita-karana-appreciation","status":"publish","type":"product","link":"https:\/\/aromasentia.com\/fr\/bracelet-tri-hita-karana-appreciation\/","title":{"rendered":"Bracelet Tri Hita Karana &#8211; Appr\u00e9ciation"},"content":{"rendered":"<p>Bracelets uniques faits de belles perles avec un design pratique. Ce sont des bracelets tr\u00e8s faciles \u00e0 vendre. Mettez-les simplement dans votre coin bijoux et regardez \u00e0 quelle vitesse ils se vendent Ils sont vraiment originaux et uniques, leurs couleurs vives attirent l&rsquo;attention. Associez-les \u00e0 une pochette en velours de qualit\u00e9 pour une valeur ajout\u00e9e et vendez-les en ensemble. Nos bracelets font r\u00e9f\u00e9rence \u00e0 la philosophie de vie traditionnelle &#8211; Tri Hita Karana, populaire sur l&rsquo;\u00eele de Bali en Indon\u00e9sie.&nbsp;<\/p>\n<p>Un \u00e9l\u00e9ment cl\u00e9 de la sagesse de Tri Hita Karana est<strong><span style=\"color: rgb(141, 186, 216);\">&nbsp;la reconnaissance<\/span><\/strong>. La reconnaissance de la divinit\u00e9 est symbolis\u00e9e par des perles color\u00e9es. La reconnaissance de nos relations humaines est symbolis\u00e9e par des connexions m\u00e9talliques. Et la reconnaissance de notre place dans la nature symbolis\u00e9e par les perles de rudraksha et de bois de santal.*<\/p>\n","protected":false},"excerpt":{"rendered":"<p>Bracelets uniques faits de belles perles avec un design pratique. Ce sont des bracelets tr\u00e8s faciles \u00e0 vendre. Mettez-les simplement dans votre coin bijoux et regardez \u00e0 quelle vitesse ils se vendent Ils sont vraiment originaux et uniques, leurs couleurs vives attirent l&rsquo;attention. Associez-les \u00e0 une pochette en velours de qualit\u00e9 pour une valeur ajout\u00e9e [&hellip;]<\/p>\n","protected":false},"featured_media":418158,"comment_status":"closed","ping_status":"open","template":"","meta":{"_angie_page":false},"product_brand":[],"product_cat":[14520],"product_tag":[],"class_list":{"0":"post-220104","1":"product","2":"type-product","3":"status-publish","4":"has-post-thumbnail","6":"product_cat-bijoux-et-accessoires","7":"pa_collection-tri-hita-karana-bangle-fr","8":"pa_made-in-indonesie","10":"first","11":"instock","12":"purchasable","13":"product-type-simple"},"supplier_id":null,"supplier_sku":"BBA-02","barcode":null,"atum_controlled":true,"out_stock_date":null,"out_stock_threshold":null,"inheritable":false,"inbound_stock":null,"stock_on_hold":0,"sold_today":0,"sales_last_days":0,"reserved_stock":null,"customer_returns":null,"warehouse_damage":null,"lost_in_post":null,"other_logs":null,"out_stock_days":0,"lost_sales":0,"has_location":null,"update_date":"2026-04-27T06:54:15","atum_locations":[],"atum_stock_status":"instock","restock_status":false,"low_stock_amount":"","sales_update_date":"2026-01-20T05:13:46","calc_backorders":null,"_links":{"self":[{"href":"https:\/\/aromasentia.com\/fr\/wp-json\/wp\/v2\/product\/220104","targetHints":{"allow":["GET"]}}],"collection":[{"href":"https:\/\/aromasentia.com\/fr\/wp-json\/wp\/v2\/product"}],"about":[{"href":"https:\/\/aromasentia.com\/fr\/wp-json\/wp\/v2\/types\/product"}],"replies":[{"embeddable":true,"href":"https:\/\/aromasentia.com\/fr\/wp-json\/wp\/v2\/comments?post=220104"}],"version-history":[{"count":0,"href":"https:\/\/aromasentia.com\/fr\/wp-json\/wp\/v2\/product\/220104\/revisions"}],"wp:featuredmedia":[{"embeddable":true,"href":"https:\/\/aromasentia.com\/fr\/wp-json\/wp\/v2\/media\/418158"}],"wp:attachment":[{"href":"https:\/\/aromasentia.com\/fr\/wp-json\/wp\/v2\/media?parent=220104"}],"wp:term":[{"taxonomy":"product_brand","embeddable":true,"href":"https:\/\/aromasentia.com\/fr\/wp-json\/wp\/v2\/product_brand?post=220104"},{"taxonomy":"product_cat","embeddable":true,"href":"https:\/\/aromasentia.com\/fr\/wp-json\/wp\/v2\/product_cat?post=220104"},{"taxonomy":"product_tag","embeddable":true,"href":"https:\/\/aromasentia.com\/fr\/wp-json\/wp\/v2\/product_tag?post=220104"}],"curies":[{"name":"wp","href":"https:\/\/api.w.org\/{rel}","templated":true}]}}