{"id":220100,"date":"2025-03-23T11:05:59","date_gmt":"2025-03-23T11:05:59","guid":{"rendered":"https:\/\/aromasentia.com\/product\/tri-hita-karana-bangle-believe\/"},"modified":"2025-06-23T18:22:36","modified_gmt":"2025-06-23T18:22:36","slug":"bracelet-tri-hita-karana-believe","status":"publish","type":"product","link":"https:\/\/aromasentia.com\/fr\/bracelet-tri-hita-karana-believe\/","title":{"rendered":"Bracelet Tri Hita Karana &#8211; Believe"},"content":{"rendered":"<p>Nos bracelets font r\u00e9f\u00e9rence \u00e0 la philosophie de vie traditionnelle &#8211; Tri Hita Karana, populaire sur l&rsquo;\u00eele de Bali, en Indon\u00e9sie. Une partie importante de la philosophie Tri Hita Karana est de croire ou d&rsquo;avoir la foi. Notre foi dans le divin est symbolis\u00e9e par les perles rouges. Notre Foi et Croyons en nos fr\u00e8res humains symbolis\u00e9s par la pi\u00e8ce de monnaie universelle (le carr\u00e9 en cercle repr\u00e9sentant l&rsquo;humanit\u00e9 dans le domaine spirituel). Notre foi en M\u00e8re Nature est repr\u00e9sent\u00e9e par les perles en bois et le rudraksha. Commandez maintenant et atteignez un \u00e9quilibre dans les ventes.<\/p>\n","protected":false},"excerpt":{"rendered":"<p>Nos bracelets font r\u00e9f\u00e9rence \u00e0 la philosophie de vie traditionnelle &#8211; Tri Hita Karana, populaire sur l&rsquo;\u00eele de Bali, en Indon\u00e9sie. Une partie importante de la philosophie Tri Hita Karana est de croire ou d&rsquo;avoir la foi. Notre foi dans le divin est symbolis\u00e9e par les perles rouges. Notre Foi et Croyons en nos fr\u00e8res [&hellip;]<\/p>\n","protected":false},"featured_media":418133,"comment_status":"closed","ping_status":"open","template":"","meta":{"_angie_page":false},"product_brand":[],"product_cat":[14520],"product_tag":[],"class_list":{"0":"post-220100","1":"product","2":"type-product","3":"status-publish","4":"has-post-thumbnail","6":"product_cat-bijoux-et-accessoires","7":"pa_collection-tri-hita-karana-bangle-fr","8":"pa_made-in-indonesie","10":"first","11":"instock","12":"purchasable","13":"product-type-simple"},"supplier_id":null,"supplier_sku":"BBA-01","barcode":null,"atum_controlled":true,"out_stock_date":null,"out_stock_threshold":null,"inheritable":false,"inbound_stock":null,"stock_on_hold":0,"sold_today":0,"sales_last_days":0,"reserved_stock":null,"customer_returns":null,"warehouse_damage":null,"lost_in_post":null,"other_logs":null,"out_stock_days":0,"lost_sales":0,"has_location":null,"update_date":"2026-04-27T06:54:15","atum_locations":[],"atum_stock_status":"instock","restock_status":false,"low_stock_amount":"","sales_update_date":"2026-02-06T00:01:18","calc_backorders":null,"_links":{"self":[{"href":"https:\/\/aromasentia.com\/fr\/wp-json\/wp\/v2\/product\/220100","targetHints":{"allow":["GET"]}}],"collection":[{"href":"https:\/\/aromasentia.com\/fr\/wp-json\/wp\/v2\/product"}],"about":[{"href":"https:\/\/aromasentia.com\/fr\/wp-json\/wp\/v2\/types\/product"}],"replies":[{"embeddable":true,"href":"https:\/\/aromasentia.com\/fr\/wp-json\/wp\/v2\/comments?post=220100"}],"version-history":[{"count":0,"href":"https:\/\/aromasentia.com\/fr\/wp-json\/wp\/v2\/product\/220100\/revisions"}],"wp:featuredmedia":[{"embeddable":true,"href":"https:\/\/aromasentia.com\/fr\/wp-json\/wp\/v2\/media\/418133"}],"wp:attachment":[{"href":"https:\/\/aromasentia.com\/fr\/wp-json\/wp\/v2\/media?parent=220100"}],"wp:term":[{"taxonomy":"product_brand","embeddable":true,"href":"https:\/\/aromasentia.com\/fr\/wp-json\/wp\/v2\/product_brand?post=220100"},{"taxonomy":"product_cat","embeddable":true,"href":"https:\/\/aromasentia.com\/fr\/wp-json\/wp\/v2\/product_cat?post=220100"},{"taxonomy":"product_tag","embeddable":true,"href":"https:\/\/aromasentia.com\/fr\/wp-json\/wp\/v2\/product_tag?post=220100"}],"curies":[{"name":"wp","href":"https:\/\/api.w.org\/{rel}","templated":true}]}}