{"id":220068,"date":"2025-03-23T11:05:59","date_gmt":"2025-03-23T11:05:59","guid":{"rendered":"https:\/\/aromasentia.com\/product\/power-bracelet-tiger-eye\/"},"modified":"2025-12-30T18:59:44","modified_gmt":"2025-12-30T18:59:44","slug":"bracelet-de-puissance-oeil-tigre","status":"publish","type":"product","link":"https:\/\/aromasentia.com\/fr\/bracelet-de-puissance-oeil-tigre\/","title":{"rendered":"Bracelet de Puissance &#8211; Oeil Tigr\u00e9"},"content":{"rendered":"<h1><strong><font color=\"#9365b8\">***** \u0153il Tigr\u00e9 : Surmonter la Peur *****<\/font><\/strong><\/h1>\n<p>Ajoutez un peu d\u2019allure \u00e0 votre bras et \u00e0 votre magasin avec notre nouvelle gamme de bracelets de puissance.<\/p>\n<p>Disponible dans de nombreuses couleurs diff\u00e9rentes, nos bracelets de puissance sont magnifiques et se vendront tous seuls. Vous pouvez choisir entre beaucoup de pierres diff\u00e9rentes afin de trouver le bracelet id\u00e9al pour vos clients. Vous pourriez m\u00eame acheter &nbsp;notre kit de d\u00e9marrage de bracelets de puissance pour avoir non seulement 4 bracelets de chaque types diff\u00e9rents (48 bracelets en tout) mais aussi un pr\u00e9sentoir pour les afficher dans votre magasin et pour les rendre encore plus attrayants!<\/p>\n<p>Chaque pierre a des propri\u00e9t\u00e9s uniques qui apportent chacune des valeurs diff\u00e9rentes. Ces bracelets sont non seulement magnifiques mais sont aussi b\u00e9n\u00e9fiques pour celui qui les porte. Ne vous inqui\u00e9tez pas pour la taille, les bracelets sont \u00e9lastiques et s\u2019adapteront donc \u00e0 toutes tailles de poignets.<\/p>\n<p>Ce sont un cadeau parfait pour No&euml;l, St Valentin, un mariage ou juste comme cadeau \u00e0 vous-m\u00eame.<\/p>\n<p>Commandez d\u00e8s aujourd&apos;hui ces bracelets de puissance qui raviront vos clients!<\/p>\n","protected":false},"excerpt":{"rendered":"<p>***** \u0153il Tigr\u00e9 : Surmonter la Peur ***** Ajoutez un peu d\u2019allure \u00e0 votre bras et \u00e0 votre magasin avec notre nouvelle gamme de bracelets de puissance. Disponible dans de nombreuses couleurs diff\u00e9rentes, nos bracelets de puissance sont magnifiques et se vendront tous seuls. Vous pouvez choisir entre beaucoup de pierres diff\u00e9rentes afin de trouver [&hellip;]<\/p>\n","protected":false},"featured_media":417493,"comment_status":"closed","ping_status":"open","template":"","meta":[],"product_brand":[],"product_cat":[14520,25206,25786,25226],"product_tag":[],"class_list":{"0":"post-220068","1":"product","2":"type-product","3":"status-publish","4":"has-post-thumbnail","6":"product_cat-bijoux-et-accessoires","7":"product_cat-bracelets","8":"product_cat-oeil-de-tigre","9":"product_cat-pierres-et-mineraux","10":"pa_collection-power-bracelets-fr","11":"pa_made-in-chine","13":"first","14":"instock","15":"purchasable","16":"product-type-simple"},"supplier_id":null,"supplier_sku":"AWPS-06","barcode":null,"atum_controlled":true,"out_stock_date":null,"out_stock_threshold":null,"inheritable":false,"inbound_stock":null,"stock_on_hold":0,"sold_today":0,"sales_last_days":0,"reserved_stock":null,"customer_returns":null,"warehouse_damage":null,"lost_in_post":null,"other_logs":null,"out_stock_days":0,"lost_sales":0,"has_location":null,"update_date":"2026-02-09T22:30:06","atum_locations":[],"atum_stock_status":"instock","restock_status":false,"low_stock_amount":"","sales_update_date":"2025-10-09T03:24:47","calc_backorders":null,"_links":{"self":[{"href":"https:\/\/aromasentia.com\/fr\/wp-json\/wp\/v2\/product\/220068","targetHints":{"allow":["GET"]}}],"collection":[{"href":"https:\/\/aromasentia.com\/fr\/wp-json\/wp\/v2\/product"}],"about":[{"href":"https:\/\/aromasentia.com\/fr\/wp-json\/wp\/v2\/types\/product"}],"replies":[{"embeddable":true,"href":"https:\/\/aromasentia.com\/fr\/wp-json\/wp\/v2\/comments?post=220068"}],"version-history":[{"count":0,"href":"https:\/\/aromasentia.com\/fr\/wp-json\/wp\/v2\/product\/220068\/revisions"}],"wp:featuredmedia":[{"embeddable":true,"href":"https:\/\/aromasentia.com\/fr\/wp-json\/wp\/v2\/media\/417493"}],"wp:attachment":[{"href":"https:\/\/aromasentia.com\/fr\/wp-json\/wp\/v2\/media?parent=220068"}],"wp:term":[{"taxonomy":"product_brand","embeddable":true,"href":"https:\/\/aromasentia.com\/fr\/wp-json\/wp\/v2\/product_brand?post=220068"},{"taxonomy":"product_cat","embeddable":true,"href":"https:\/\/aromasentia.com\/fr\/wp-json\/wp\/v2\/product_cat?post=220068"},{"taxonomy":"product_tag","embeddable":true,"href":"https:\/\/aromasentia.com\/fr\/wp-json\/wp\/v2\/product_tag?post=220068"}],"curies":[{"name":"wp","href":"https:\/\/api.w.org\/{rel}","templated":true}]}}