{"id":219924,"date":"2025-03-23T11:06:08","date_gmt":"2025-03-23T11:06:08","guid":{"rendered":"https:\/\/aromasentia.com\/product\/cedarwood-third-eye-chakra-bangle-with-amethyst\/"},"modified":"2025-12-30T18:59:44","modified_gmt":"2025-12-30T18:59:44","slug":"bracelet-chakra-du-troisieme-oeil-en-bois-de-cedre-avec-amethyste","status":"publish","type":"product","link":"https:\/\/aromasentia.com\/fr\/bracelet-chakra-du-troisieme-oeil-en-bois-de-cedre-avec-amethyste\/","title":{"rendered":"Bracelet Chakra du Troisi\u00e8me Oeil en Bois de C\u00e8dre avec Am\u00e9thyste"},"content":{"rendered":"<p>Embarquez pour un voyage de croissance spirituelle et de clart\u00e9 avec le <strong>Bracelet Chakra du Troisi\u00e8me Oeil en Bois de C\u00e8dre avec Am\u00e9thyste<\/strong> (bracelet de chakra du troisi\u00e8me \u0153il en bois de c\u00e8dre avec am\u00e9thyste).&nbsp;<\/p>\n<p>Ce bracelet captivant permet d&rsquo;approfondir l&rsquo;intuition, d&rsquo;\u00e9largir la conscience spirituelle et de favoriser la clart\u00e9 int\u00e9rieure, ce qui en fait un ajout indispensable \u00e0 la collection de produits de bien-\u00eatre holistique de votre magasin.&nbsp;<\/p>\n<p>Au c\u0153ur de ce bracelet rayonne la pierre pr\u00e9cieuse <strong><span style=\"color: rgb(147, 101, 184);\">Am\u00e9thyste<\/span><\/strong>, r\u00e9put\u00e9e pour sa capacit\u00e9 \u00e0 activer le chakra du troisi\u00e8me \u0153il et \u00e0 renforcer la conscience spirituelle et l&rsquo;intuition. Elle sert de phare de clart\u00e9, guidant la personne qui la porte sur le chemin de l&rsquo;illumination et de la d\u00e9couverte de soi. Infus\u00e9 de l&rsquo;ar\u00f4me r\u00e9confortant du bois de c\u00e8dre, ce bracelet enveloppe la personne d&rsquo;un sentiment de tranquillit\u00e9 et de s\u00e9r\u00e9nit\u00e9.&nbsp;<\/p>\n<p>La sagesse ancestrale du bois de c\u00e8dre ajoute une dimension spirituelle au voyage, invitant vos clients \u00e0 approfondir leur pratique de la m\u00e9ditation et \u00e0 se connecter \u00e0 leur guidance int\u00e9rieure.&nbsp;<\/p>\n<p>Enrichissez la s\u00e9lection de cadeaux de votre magasin avec un produit qui inspire et \u00e9l\u00e8ve. Le bracelet du chakra du troisi\u00e8me \u0153il en bois de c\u00e8dre avec am\u00e9thyste est un cadeau significatif et r\u00e9fl\u00e9chi pour les chercheurs spirituels, les m\u00e9ditants ou toute personne en qu\u00eate de d\u00e9couverte de soi et d&rsquo;illumination.&nbsp;<\/p>\n<p><strong>Dimensions : <\/strong><\/p>\n<p><strong>Bracelet :<\/strong> diam\u00e8tre 7cm&nbsp;<\/p>\n<p><strong>Perle :<\/strong> diam\u00e8tre 1 cm<\/p>\n","protected":false},"excerpt":{"rendered":"<p>Embarquez pour un voyage de croissance spirituelle et de clart\u00e9 avec le Bracelet Chakra du Troisi\u00e8me Oeil en Bois de C\u00e8dre avec Am\u00e9thyste (bracelet de chakra du troisi\u00e8me \u0153il en bois de c\u00e8dre avec am\u00e9thyste).&nbsp; Ce bracelet captivant permet d&rsquo;approfondir l&rsquo;intuition, d&rsquo;\u00e9largir la conscience spirituelle et de favoriser la clart\u00e9 int\u00e9rieure, ce qui en fait [&hellip;]<\/p>\n","protected":false},"featured_media":419461,"comment_status":"closed","ping_status":"open","template":"","meta":{"_angie_page":false},"product_brand":[],"product_cat":[25543,14520,25206,25226],"product_tag":[],"class_list":{"0":"post-219924","1":"product","2":"type-product","3":"status-publish","4":"has-post-thumbnail","6":"product_cat-amethyste","7":"product_cat-bijoux-et-accessoires","8":"product_cat-bracelets","9":"product_cat-pierres-et-mineraux","10":"pa_collection-cedarwood-chakra-bangles-fr","11":"pa_made-in-chine","13":"first","14":"instock","15":"purchasable","16":"product-type-simple"},"supplier_id":null,"supplier_sku":"CWBG-06","barcode":null,"atum_controlled":true,"out_stock_date":null,"out_stock_threshold":null,"inheritable":false,"inbound_stock":null,"stock_on_hold":0,"sold_today":0,"sales_last_days":0,"reserved_stock":null,"customer_returns":null,"warehouse_damage":null,"lost_in_post":null,"other_logs":null,"out_stock_days":0,"lost_sales":0,"has_location":null,"update_date":"2026-04-27T06:58:43","atum_locations":[],"atum_stock_status":"instock","restock_status":false,"low_stock_amount":"","sales_update_date":"2026-01-20T05:13:47","calc_backorders":null,"_links":{"self":[{"href":"https:\/\/aromasentia.com\/fr\/wp-json\/wp\/v2\/product\/219924","targetHints":{"allow":["GET"]}}],"collection":[{"href":"https:\/\/aromasentia.com\/fr\/wp-json\/wp\/v2\/product"}],"about":[{"href":"https:\/\/aromasentia.com\/fr\/wp-json\/wp\/v2\/types\/product"}],"replies":[{"embeddable":true,"href":"https:\/\/aromasentia.com\/fr\/wp-json\/wp\/v2\/comments?post=219924"}],"version-history":[{"count":0,"href":"https:\/\/aromasentia.com\/fr\/wp-json\/wp\/v2\/product\/219924\/revisions"}],"wp:featuredmedia":[{"embeddable":true,"href":"https:\/\/aromasentia.com\/fr\/wp-json\/wp\/v2\/media\/419461"}],"wp:attachment":[{"href":"https:\/\/aromasentia.com\/fr\/wp-json\/wp\/v2\/media?parent=219924"}],"wp:term":[{"taxonomy":"product_brand","embeddable":true,"href":"https:\/\/aromasentia.com\/fr\/wp-json\/wp\/v2\/product_brand?post=219924"},{"taxonomy":"product_cat","embeddable":true,"href":"https:\/\/aromasentia.com\/fr\/wp-json\/wp\/v2\/product_cat?post=219924"},{"taxonomy":"product_tag","embeddable":true,"href":"https:\/\/aromasentia.com\/fr\/wp-json\/wp\/v2\/product_tag?post=219924"}],"curies":[{"name":"wp","href":"https:\/\/api.w.org\/{rel}","templated":true}]}}