{"id":219880,"date":"2025-03-23T11:06:08","date_gmt":"2025-03-23T11:06:08","guid":{"rendered":"https:\/\/aromasentia.com\/product\/coco-slogan-bangle-vegan\/"},"modified":"2025-06-23T18:22:05","modified_gmt":"2025-06-23T18:22:05","slug":"bracelets-coco-slogan-vegan","status":"publish","type":"product","link":"https:\/\/aromasentia.com\/fr\/bracelets-coco-slogan-vegan\/","title":{"rendered":"Bracelets Coco Slogan &#8211; Vegan"},"content":{"rendered":"<p>Naturellement pens\u00e9s \u00e0 Bali, ces bracelets sont extensibles et compos\u00e9s de perles de coco, avec les slogans pr\u00e9f\u00e9r\u00e9s de vos clients. Chacun est unique, comportant des slogans tels que #love, Vegan \u2764 et Love \u2764 all.<\/p>\n<p>Le slogan est \u00e9crit en blanc sur une plaque de noix de coco, \u00e9crit \u00e0 la plume avec de l&apos;encre blanche le tout prot\u00e9g\u00e9 par deux couches de laque transparente. La taille du bracelet \u00e9tendu est d&apos;environ 15.25cm, de ce fait il s&apos;adaptera \u00e0 n&apos;importe quel poignet.<\/p>\n<p>Chaque bracelet est vendu en pack de 6, vous pourrez \u00e9galement les exposer dans nos pochettes velours de qualit\u00e9 ou pr\u00e9sentoirs 12 et 24 compartiments afin d&apos;y ajouter de la valeur (Voir produits connexes) . Un cadeau parfait pour toute occasion, vous pourriez \u00e9galement \u00eatre int\u00e9ress\u00e9 par nos bracelets de puissance ou encore nos bracelets d&apos;amiti\u00e9 en Gemme.<\/p>\n<p>Pimentez votre section bijoux et ajoutez de la couleur avec ces bracelets Coco Slogan !<\/p>\n","protected":false},"excerpt":{"rendered":"<p>Naturellement pens\u00e9s \u00e0 Bali, ces bracelets sont extensibles et compos\u00e9s de perles de coco, avec les slogans pr\u00e9f\u00e9r\u00e9s de vos clients. Chacun est unique, comportant des slogans tels que #love, Vegan \u2764 et Love \u2764 all. Le slogan est \u00e9crit en blanc sur une plaque de noix de coco, \u00e9crit \u00e0 la plume avec de [&hellip;]<\/p>\n","protected":false},"featured_media":419162,"comment_status":"closed","ping_status":"open","template":"","meta":[],"product_brand":[],"product_cat":[14520],"product_tag":[],"class_list":{"0":"post-219880","1":"product","2":"type-product","3":"status-publish","4":"has-post-thumbnail","6":"product_cat-bijoux-et-accessoires","7":"pa_collection-coco-slogan-bracelets-fr","8":"pa_made-in-indonesie","10":"first","11":"instock","12":"purchasable","13":"product-type-simple"},"supplier_id":null,"supplier_sku":"CocoSG-01","barcode":null,"atum_controlled":true,"out_stock_date":null,"out_stock_threshold":null,"inheritable":false,"inbound_stock":null,"stock_on_hold":0,"sold_today":0,"sales_last_days":0,"reserved_stock":null,"customer_returns":null,"warehouse_damage":null,"lost_in_post":null,"other_logs":null,"out_stock_days":0,"lost_sales":0,"has_location":null,"update_date":"2026-01-30T01:24:50","atum_locations":[],"atum_stock_status":"instock","restock_status":false,"low_stock_amount":"","sales_update_date":"2026-01-30T01:24:50","calc_backorders":null,"_links":{"self":[{"href":"https:\/\/aromasentia.com\/fr\/wp-json\/wp\/v2\/product\/219880","targetHints":{"allow":["GET"]}}],"collection":[{"href":"https:\/\/aromasentia.com\/fr\/wp-json\/wp\/v2\/product"}],"about":[{"href":"https:\/\/aromasentia.com\/fr\/wp-json\/wp\/v2\/types\/product"}],"replies":[{"embeddable":true,"href":"https:\/\/aromasentia.com\/fr\/wp-json\/wp\/v2\/comments?post=219880"}],"version-history":[{"count":0,"href":"https:\/\/aromasentia.com\/fr\/wp-json\/wp\/v2\/product\/219880\/revisions"}],"wp:featuredmedia":[{"embeddable":true,"href":"https:\/\/aromasentia.com\/fr\/wp-json\/wp\/v2\/media\/419162"}],"wp:attachment":[{"href":"https:\/\/aromasentia.com\/fr\/wp-json\/wp\/v2\/media?parent=219880"}],"wp:term":[{"taxonomy":"product_brand","embeddable":true,"href":"https:\/\/aromasentia.com\/fr\/wp-json\/wp\/v2\/product_brand?post=219880"},{"taxonomy":"product_cat","embeddable":true,"href":"https:\/\/aromasentia.com\/fr\/wp-json\/wp\/v2\/product_cat?post=219880"},{"taxonomy":"product_tag","embeddable":true,"href":"https:\/\/aromasentia.com\/fr\/wp-json\/wp\/v2\/product_tag?post=219880"}],"curies":[{"name":"wp","href":"https:\/\/api.w.org\/{rel}","templated":true}]}}