{"id":219804,"date":"2025-03-23T11:06:08","date_gmt":"2025-03-23T11:06:08","guid":{"rendered":"https:\/\/aromasentia.com\/product\/crystal-gemstone-necklace-cord-45cm-18inch-black\/"},"modified":"2025-12-30T18:59:29","modified_gmt":"2025-12-30T18:59:29","slug":"cordon-de-collier-pour-pierres-precieuses-et-cristal-45cm-18inch-noir","status":"publish","type":"product","link":"https:\/\/aromasentia.com\/fr\/cordon-de-collier-pour-pierres-precieuses-et-cristal-45cm-18inch-noir\/","title":{"rendered":"Cordon de Collier Pour Pierres Pr\u00e9cieuses et Cristal 45cm\/18inch &#8211; Noir"},"content":{"rendered":"<p><strong><em>Remarque :&nbsp;<\/em><\/strong><em>la pierre pr\u00e9cieuse illustr\u00e9e dans les photos n&rsquo;est pas incluse. La pierre pr\u00e9cieuse est pr\u00e9sent\u00e9e uniquement \u00e0 des fins d&rsquo;illustration pour montrer l&rsquo;aspect du cordon du collier lorsqu&rsquo;il est associ\u00e9 \u00e0 une pierre pr\u00e9cieuse.<\/em><\/p>\n","protected":false},"excerpt":{"rendered":"<p>Remarque :&nbsp;la pierre pr\u00e9cieuse illustr\u00e9e dans les photos n&rsquo;est pas incluse. La pierre pr\u00e9cieuse est pr\u00e9sent\u00e9e uniquement \u00e0 des fins d&rsquo;illustration pour montrer l&rsquo;aspect du cordon du collier lorsqu&rsquo;il est associ\u00e9 \u00e0 une pierre pr\u00e9cieuse.<\/p>\n","protected":false},"featured_media":418599,"comment_status":"closed","ping_status":"open","template":"","meta":{"_angie_page":false},"product_brand":[],"product_cat":[14520,25218],"product_tag":[],"class_list":{"0":"post-219804","1":"product","2":"type-product","3":"status-publish","4":"has-post-thumbnail","6":"product_cat-bijoux-et-accessoires","7":"product_cat-colliers-et-pendentifs","8":"pa_collection-crystal-gemstone-necklace-cord-fr","9":"pa_made-in-chine","11":"first","12":"instock","13":"purchasable","14":"product-type-simple"},"supplier_id":null,"supplier_sku":"CGNC-01","barcode":null,"atum_controlled":true,"out_stock_date":null,"out_stock_threshold":null,"inheritable":false,"inbound_stock":null,"stock_on_hold":0,"sold_today":0,"sales_last_days":0,"reserved_stock":null,"customer_returns":null,"warehouse_damage":null,"lost_in_post":null,"other_logs":null,"out_stock_days":0,"lost_sales":0,"has_location":null,"update_date":"2026-05-04T00:02:51","atum_locations":[],"atum_stock_status":"instock","restock_status":false,"low_stock_amount":"","sales_update_date":"2026-02-06T00:02:36","calc_backorders":null,"_links":{"self":[{"href":"https:\/\/aromasentia.com\/fr\/wp-json\/wp\/v2\/product\/219804","targetHints":{"allow":["GET"]}}],"collection":[{"href":"https:\/\/aromasentia.com\/fr\/wp-json\/wp\/v2\/product"}],"about":[{"href":"https:\/\/aromasentia.com\/fr\/wp-json\/wp\/v2\/types\/product"}],"replies":[{"embeddable":true,"href":"https:\/\/aromasentia.com\/fr\/wp-json\/wp\/v2\/comments?post=219804"}],"version-history":[{"count":0,"href":"https:\/\/aromasentia.com\/fr\/wp-json\/wp\/v2\/product\/219804\/revisions"}],"wp:featuredmedia":[{"embeddable":true,"href":"https:\/\/aromasentia.com\/fr\/wp-json\/wp\/v2\/media\/418599"}],"wp:attachment":[{"href":"https:\/\/aromasentia.com\/fr\/wp-json\/wp\/v2\/media?parent=219804"}],"wp:term":[{"taxonomy":"product_brand","embeddable":true,"href":"https:\/\/aromasentia.com\/fr\/wp-json\/wp\/v2\/product_brand?post=219804"},{"taxonomy":"product_cat","embeddable":true,"href":"https:\/\/aromasentia.com\/fr\/wp-json\/wp\/v2\/product_cat?post=219804"},{"taxonomy":"product_tag","embeddable":true,"href":"https:\/\/aromasentia.com\/fr\/wp-json\/wp\/v2\/product_tag?post=219804"}],"curies":[{"name":"wp","href":"https:\/\/api.w.org\/{rel}","templated":true}]}}