{"id":219768,"date":"2025-03-23T11:06:16","date_gmt":"2025-03-23T11:06:16","guid":{"rendered":"https:\/\/aromasentia.com\/product\/925-silver-plated-gemstone-royal-red-string-bracelet-white-howlite-chakra\/"},"modified":"2025-12-30T18:59:21","modified_gmt":"2025-12-30T18:59:21","slug":"bracelet-en-gemme-plaque-argent-925-cordon-rouge-royal-howlite-blanche","status":"publish","type":"product","link":"https:\/\/aromasentia.com\/fr\/bracelet-en-gemme-plaque-argent-925-cordon-rouge-royal-howlite-blanche\/","title":{"rendered":"Bracelet en Gemme plaqu\u00e9 argent 925 &#8211; Cordon Rouge Royal &#8211; Howlite Blanche"},"content":{"rendered":"<p>Ce bracelet se ferme grace \u00e0 un fermoir coulissant en plaqu\u00e9 argent 925 qui vous permet d&rsquo;ajuster le bracelet pour que la taille soit parfaite.&nbsp;<\/p>\n<p>Faites le plein de ces magnifiques bracelets et regardez-les s&rsquo;envoler de vos \u00e9tag\u00e8res.<\/p>\n","protected":false},"excerpt":{"rendered":"<p>Ce bracelet se ferme grace \u00e0 un fermoir coulissant en plaqu\u00e9 argent 925 qui vous permet d&rsquo;ajuster le bracelet pour que la taille soit parfaite.&nbsp; Faites le plein de ces magnifiques bracelets et regardez-les s&rsquo;envoler de vos \u00e9tag\u00e8res.<\/p>\n","protected":false},"featured_media":421090,"comment_status":"closed","ping_status":"open","template":"","meta":[],"product_brand":[],"product_cat":[14520,25206,25628,25226],"product_tag":[],"class_list":{"0":"post-219768","1":"product","2":"type-product","3":"status-publish","4":"has-post-thumbnail","6":"product_cat-bijoux-et-accessoires","7":"product_cat-bracelets","8":"product_cat-howlite","9":"product_cat-pierres-et-mineraux","10":"pa_collection-gemstones-string-bracelets-fr","11":"pa_made-in-chine","13":"first","14":"instock","15":"purchasable","16":"product-type-simple"},"supplier_id":null,"supplier_sku":"GemSB-06","barcode":null,"atum_controlled":true,"out_stock_date":null,"out_stock_threshold":null,"inheritable":false,"inbound_stock":null,"stock_on_hold":0,"sold_today":0,"sales_last_days":0,"reserved_stock":null,"customer_returns":null,"warehouse_damage":null,"lost_in_post":null,"other_logs":null,"out_stock_days":0,"lost_sales":0,"has_location":null,"update_date":"2026-02-02T12:54:37","atum_locations":[],"atum_stock_status":"instock","restock_status":false,"low_stock_amount":"","sales_update_date":"2025-09-03T00:16:56","calc_backorders":null,"_links":{"self":[{"href":"https:\/\/aromasentia.com\/fr\/wp-json\/wp\/v2\/product\/219768","targetHints":{"allow":["GET"]}}],"collection":[{"href":"https:\/\/aromasentia.com\/fr\/wp-json\/wp\/v2\/product"}],"about":[{"href":"https:\/\/aromasentia.com\/fr\/wp-json\/wp\/v2\/types\/product"}],"replies":[{"embeddable":true,"href":"https:\/\/aromasentia.com\/fr\/wp-json\/wp\/v2\/comments?post=219768"}],"version-history":[{"count":0,"href":"https:\/\/aromasentia.com\/fr\/wp-json\/wp\/v2\/product\/219768\/revisions"}],"wp:featuredmedia":[{"embeddable":true,"href":"https:\/\/aromasentia.com\/fr\/wp-json\/wp\/v2\/media\/421090"}],"wp:attachment":[{"href":"https:\/\/aromasentia.com\/fr\/wp-json\/wp\/v2\/media?parent=219768"}],"wp:term":[{"taxonomy":"product_brand","embeddable":true,"href":"https:\/\/aromasentia.com\/fr\/wp-json\/wp\/v2\/product_brand?post=219768"},{"taxonomy":"product_cat","embeddable":true,"href":"https:\/\/aromasentia.com\/fr\/wp-json\/wp\/v2\/product_cat?post=219768"},{"taxonomy":"product_tag","embeddable":true,"href":"https:\/\/aromasentia.com\/fr\/wp-json\/wp\/v2\/product_tag?post=219768"}],"curies":[{"name":"wp","href":"https:\/\/api.w.org\/{rel}","templated":true}]}}