{"id":219704,"date":"2025-03-23T11:06:16","date_gmt":"2025-03-23T11:06:16","guid":{"rendered":"https:\/\/aromasentia.com\/product\/gemstone-double-power-bracelets-yellow-aventurine\/"},"modified":"2025-12-30T18:59:14","modified_gmt":"2025-12-30T18:59:14","slug":"bracelets-double-puissance-avec-pierres-precieuses-aventurine-jaune","status":"publish","type":"product","link":"https:\/\/aromasentia.com\/fr\/bracelets-double-puissance-avec-pierres-precieuses-aventurine-jaune\/","title":{"rendered":"Bracelets Double Puissance avec Pierres Pr\u00e9cieuses &#8211; Aventurine Jaune"},"content":{"rendered":"<p>Faites d\u00e9couvrir \u00e0 vos clients l&rsquo;\u00e9l\u00e9gance intemporelle de nos <strong>Bracelets Double \u00ab\u00a0Puissance\u00a0\u00bb<\/strong> confectionn\u00e9s \u00e0 partir de pierres pr\u00e9cieuses naturelles de grande qualit\u00e9.&nbsp;<\/p>\n<p>Propos\u00e9 en<strong>&nbsp;lot de trois<\/strong>, chaque ensemble inclut deux styles de bracelets : un bracelet ajustable \u00e9l\u00e9gant (disponible en trois teintes &ndash; marron fonc\u00e9, noir et rouge) avec deux perles en pierre pr\u00e9cieuse bien mises en valeur, ainsi qu&rsquo;un bracelet \u00e9lastique agr\u00e9ment\u00e9 de perles assorties.&nbsp;<\/p>\n<p><strong>L&rsquo;aventurine jaune&nbsp;<\/strong>est une pierre de r\u00e9silience et d&rsquo;optimisme. On pense qu&rsquo;elle aide \u00e0 renforcer la confiance, \u00e0 apporter de la positivit\u00e9 et \u00e0 attirer de nouvelles opportunit\u00e9s. Le port de l&rsquo;aventurine jaune peut encourager la pers\u00e9v\u00e9rance et renforcer la capacit\u00e9 \u00e0 surmonter les obstacles avec un \u00e9tat d&rsquo;esprit positif, ce qui en fait une pierre id\u00e9ale pour ceux qui veulent manifester le succ\u00e8s et la joie dans leur vie.<\/p>\n<p><strong>Commandez maintenant et offrez \u00e0 vos clients une touche d\u2019\u00e9l\u00e9gance naturelle.<\/strong><\/p>\n","protected":false},"excerpt":{"rendered":"<p>Faites d\u00e9couvrir \u00e0 vos clients l&rsquo;\u00e9l\u00e9gance intemporelle de nos Bracelets Double \u00ab\u00a0Puissance\u00a0\u00bb confectionn\u00e9s \u00e0 partir de pierres pr\u00e9cieuses naturelles de grande qualit\u00e9.&nbsp; Propos\u00e9 en&nbsp;lot de trois, chaque ensemble inclut deux styles de bracelets : un bracelet ajustable \u00e9l\u00e9gant (disponible en trois teintes &ndash; marron fonc\u00e9, noir et rouge) avec deux perles en pierre pr\u00e9cieuse bien [&hellip;]<\/p>\n","protected":false},"featured_media":420674,"comment_status":"closed","ping_status":"open","template":"","meta":{"_angie_page":false},"product_brand":[],"product_cat":[25557,14520,25206,25226],"product_tag":[],"class_list":{"0":"post-219704","1":"product","2":"type-product","3":"status-publish","4":"has-post-thumbnail","6":"product_cat-aventurine","7":"product_cat-bijoux-et-accessoires","8":"product_cat-bracelets","9":"product_cat-pierres-et-mineraux","10":"pa_collection-double-power-bracelets-fr","11":"pa_made-in-chine","13":"first","14":"instock","15":"purchasable","16":"product-type-simple"},"supplier_id":null,"supplier_sku":"GDPB-08","barcode":null,"atum_controlled":true,"out_stock_date":null,"out_stock_threshold":null,"inheritable":false,"inbound_stock":null,"stock_on_hold":0,"sold_today":0,"sales_last_days":0,"reserved_stock":null,"customer_returns":null,"warehouse_damage":null,"lost_in_post":null,"other_logs":null,"out_stock_days":0,"lost_sales":0,"has_location":null,"update_date":"2026-04-27T07:04:34","atum_locations":[],"atum_stock_status":"instock","restock_status":false,"low_stock_amount":"","sales_update_date":"2026-02-06T00:01:48","calc_backorders":null,"_links":{"self":[{"href":"https:\/\/aromasentia.com\/fr\/wp-json\/wp\/v2\/product\/219704","targetHints":{"allow":["GET"]}}],"collection":[{"href":"https:\/\/aromasentia.com\/fr\/wp-json\/wp\/v2\/product"}],"about":[{"href":"https:\/\/aromasentia.com\/fr\/wp-json\/wp\/v2\/types\/product"}],"replies":[{"embeddable":true,"href":"https:\/\/aromasentia.com\/fr\/wp-json\/wp\/v2\/comments?post=219704"}],"version-history":[{"count":0,"href":"https:\/\/aromasentia.com\/fr\/wp-json\/wp\/v2\/product\/219704\/revisions"}],"wp:featuredmedia":[{"embeddable":true,"href":"https:\/\/aromasentia.com\/fr\/wp-json\/wp\/v2\/media\/420674"}],"wp:attachment":[{"href":"https:\/\/aromasentia.com\/fr\/wp-json\/wp\/v2\/media?parent=219704"}],"wp:term":[{"taxonomy":"product_brand","embeddable":true,"href":"https:\/\/aromasentia.com\/fr\/wp-json\/wp\/v2\/product_brand?post=219704"},{"taxonomy":"product_cat","embeddable":true,"href":"https:\/\/aromasentia.com\/fr\/wp-json\/wp\/v2\/product_cat?post=219704"},{"taxonomy":"product_tag","embeddable":true,"href":"https:\/\/aromasentia.com\/fr\/wp-json\/wp\/v2\/product_tag?post=219704"}],"curies":[{"name":"wp","href":"https:\/\/api.w.org\/{rel}","templated":true}]}}