{"id":219696,"date":"2025-03-23T11:06:16","date_gmt":"2025-03-23T11:06:16","guid":{"rendered":"https:\/\/aromasentia.com\/product\/gemstone-double-power-bracelets-jade\/"},"modified":"2025-12-30T18:59:14","modified_gmt":"2025-12-30T18:59:14","slug":"bracelets-double-puissance-avec-pierres-precieuses-jade","status":"publish","type":"product","link":"https:\/\/aromasentia.com\/fr\/bracelets-double-puissance-avec-pierres-precieuses-jade\/","title":{"rendered":"Bracelets Double Puissance avec Pierres Pr\u00e9cieuses &#8211; Jade"},"content":{"rendered":"<p>Faites d\u00e9couvrir \u00e0 vos clients l&rsquo;\u00e9l\u00e9gance intemporelle de nos <strong>Bracelets Double \u00ab\u00a0Puissance\u00a0\u00bb<\/strong> confectionn\u00e9s \u00e0 partir de pierres pr\u00e9cieuses naturelles de grande qualit\u00e9.&nbsp;<\/p>\n<p>Propos\u00e9 en<strong>&nbsp;lot de trois<\/strong>, chaque ensemble inclut deux styles de bracelets : un bracelet ajustable \u00e9l\u00e9gant (disponible en trois teintes &ndash; marron fonc\u00e9, noir et rouge) avec deux perles en pierre pr\u00e9cieuse bien mises en valeur, ainsi qu&rsquo;un bracelet \u00e9lastique agr\u00e9ment\u00e9 de perles assorties.&nbsp;<\/p>\n<p>Chaque lot est accompagn\u00e9 d&rsquo;une carte expliquant les vertus sp\u00e9cifiques des pierres pr\u00e9cieuses.&nbsp;<\/p>\n<p><strong>Le jade&nbsp;<\/strong>est un symbole de puret\u00e9 et de s\u00e9r\u00e9nit\u00e9. On pense qu&rsquo;il attire la prosp\u00e9rit\u00e9, la chance et l&rsquo;amiti\u00e9. Le port du jade favorise l&rsquo;harmonie et l&rsquo;\u00e9quilibre dans la vie personnelle et professionnelle. Cette pierre est id\u00e9ale pour ceux qui souhaitent inviter \u00e0 la richesse et maintenir une vie paisible et \u00e9quilibr\u00e9e.<\/p>\n<p><strong><strong>Commandez maintenant et offrez \u00e0 vos clients une touche d\u2019\u00e9l\u00e9gance naturelle.<\/strong><\/strong><\/p>\n","protected":false},"excerpt":{"rendered":"<p>Faites d\u00e9couvrir \u00e0 vos clients l&rsquo;\u00e9l\u00e9gance intemporelle de nos Bracelets Double \u00ab\u00a0Puissance\u00a0\u00bb confectionn\u00e9s \u00e0 partir de pierres pr\u00e9cieuses naturelles de grande qualit\u00e9.&nbsp; Propos\u00e9 en&nbsp;lot de trois, chaque ensemble inclut deux styles de bracelets : un bracelet ajustable \u00e9l\u00e9gant (disponible en trois teintes &ndash; marron fonc\u00e9, noir et rouge) avec deux perles en pierre pr\u00e9cieuse bien [&hellip;]<\/p>\n","protected":false},"featured_media":420632,"comment_status":"closed","ping_status":"open","template":"","meta":{"_angie_page":false},"product_brand":[],"product_cat":[14520,25206,25639,25226],"product_tag":[],"class_list":{"0":"post-219696","1":"product","2":"type-product","3":"status-publish","4":"has-post-thumbnail","6":"product_cat-bijoux-et-accessoires","7":"product_cat-bracelets","8":"product_cat-jade","9":"product_cat-pierres-et-mineraux","10":"pa_collection-double-power-bracelets-fr","11":"pa_made-in-chine","13":"first","14":"instock","15":"purchasable","16":"product-type-simple"},"supplier_id":null,"supplier_sku":"GDPB-06","barcode":null,"atum_controlled":true,"out_stock_date":null,"out_stock_threshold":null,"inheritable":false,"inbound_stock":null,"stock_on_hold":0,"sold_today":0,"sales_last_days":0,"reserved_stock":null,"customer_returns":null,"warehouse_damage":null,"lost_in_post":null,"other_logs":null,"out_stock_days":0,"lost_sales":0,"has_location":null,"update_date":"2026-04-27T07:05:08","atum_locations":[],"atum_stock_status":"instock","restock_status":false,"low_stock_amount":"","sales_update_date":"2026-02-06T00:01:19","calc_backorders":null,"_links":{"self":[{"href":"https:\/\/aromasentia.com\/fr\/wp-json\/wp\/v2\/product\/219696","targetHints":{"allow":["GET"]}}],"collection":[{"href":"https:\/\/aromasentia.com\/fr\/wp-json\/wp\/v2\/product"}],"about":[{"href":"https:\/\/aromasentia.com\/fr\/wp-json\/wp\/v2\/types\/product"}],"replies":[{"embeddable":true,"href":"https:\/\/aromasentia.com\/fr\/wp-json\/wp\/v2\/comments?post=219696"}],"version-history":[{"count":0,"href":"https:\/\/aromasentia.com\/fr\/wp-json\/wp\/v2\/product\/219696\/revisions"}],"wp:featuredmedia":[{"embeddable":true,"href":"https:\/\/aromasentia.com\/fr\/wp-json\/wp\/v2\/media\/420632"}],"wp:attachment":[{"href":"https:\/\/aromasentia.com\/fr\/wp-json\/wp\/v2\/media?parent=219696"}],"wp:term":[{"taxonomy":"product_brand","embeddable":true,"href":"https:\/\/aromasentia.com\/fr\/wp-json\/wp\/v2\/product_brand?post=219696"},{"taxonomy":"product_cat","embeddable":true,"href":"https:\/\/aromasentia.com\/fr\/wp-json\/wp\/v2\/product_cat?post=219696"},{"taxonomy":"product_tag","embeddable":true,"href":"https:\/\/aromasentia.com\/fr\/wp-json\/wp\/v2\/product_tag?post=219696"}],"curies":[{"name":"wp","href":"https:\/\/api.w.org\/{rel}","templated":true}]}}