{"id":219672,"date":"2025-03-23T11:06:16","date_gmt":"2025-03-23T11:06:16","guid":{"rendered":"https:\/\/aromasentia.com\/product\/faceted-gemstone-bracelet-magnetic-picture-jasper\/"},"modified":"2025-12-30T18:59:07","modified_gmt":"2025-12-30T18:59:07","slug":"bracelets-pierres-precieuses-facettes-magnetique-jaspe-image","status":"publish","type":"product","link":"https:\/\/aromasentia.com\/fr\/bracelets-pierres-precieuses-facettes-magnetique-jaspe-image\/","title":{"rendered":"Bracelets Pierres Pr\u00e9cieuses Facettes Magn\u00e9tique &#8211; Jaspe Image"},"content":{"rendered":"<p>Nos incroyables <strong><span style=\"color: rgb(75, 80, 88);\">B<\/span><\/strong><strong><span style=\"color: rgb(75, 80, 88);\"><strong>r<\/strong>acelets en gros de pierres pr\u00e9cieuses \u00e0 facettes Jaspe Image<\/span><\/strong> sont indispensables dans votre boutique.&nbsp;<\/p>\n<p>Ce bijou comporte de petites perles de pierres, qui ont \u00e9t\u00e9 taill\u00e9es et polies \u00e0 facettes, qui refl\u00e8tent la lumi\u00e8re et donnent aux pierres un aspect \u00e9tincelant.&nbsp;<\/p>\n<p>Avec leur apparence simple, cela en fait le cadeau parfait ou pour les combiner avec d&rsquo;autres bracelets en pierres pr\u00e9cieuses.&nbsp;<\/p>\n<p><strong><span style=\"color: rgb(141, 186, 216);\">Croyez-nous, vos clients n&rsquo;en ach\u00e8teront pas qu&rsquo;un seul.<\/span><\/strong><\/p>\n","protected":false},"excerpt":{"rendered":"<p>Nos incroyables Bracelets en gros de pierres pr\u00e9cieuses \u00e0 facettes Jaspe Image sont indispensables dans votre boutique.&nbsp; Ce bijou comporte de petites perles de pierres, qui ont \u00e9t\u00e9 taill\u00e9es et polies \u00e0 facettes, qui refl\u00e8tent la lumi\u00e8re et donnent aux pierres un aspect \u00e9tincelant.&nbsp; Avec leur apparence simple, cela en fait le cadeau parfait ou [&hellip;]<\/p>\n","protected":false},"featured_media":420482,"comment_status":"closed","ping_status":"open","template":"","meta":{"_angie_page":false},"product_brand":[],"product_cat":[14520,25206,25644,25226],"product_tag":[],"class_list":{"0":"post-219672","1":"product","2":"type-product","3":"status-publish","4":"has-post-thumbnail","6":"product_cat-bijoux-et-accessoires","7":"product_cat-bracelets","8":"product_cat-jaspe","9":"product_cat-pierres-et-mineraux","10":"pa_collection-faceted-gemstone-bracelets-fr","11":"pa_made-in-chine","13":"first","14":"instock","15":"purchasable","16":"product-type-simple"},"supplier_id":null,"supplier_sku":"FGemB-12","barcode":null,"atum_controlled":true,"out_stock_date":null,"out_stock_threshold":null,"inheritable":false,"inbound_stock":null,"stock_on_hold":0,"sold_today":0,"sales_last_days":0,"reserved_stock":null,"customer_returns":null,"warehouse_damage":null,"lost_in_post":null,"other_logs":null,"out_stock_days":0,"lost_sales":0,"has_location":null,"update_date":"2026-04-27T07:03:12","atum_locations":[],"atum_stock_status":"instock","restock_status":false,"low_stock_amount":"","sales_update_date":"2026-01-30T01:24:42","calc_backorders":null,"_links":{"self":[{"href":"https:\/\/aromasentia.com\/fr\/wp-json\/wp\/v2\/product\/219672","targetHints":{"allow":["GET"]}}],"collection":[{"href":"https:\/\/aromasentia.com\/fr\/wp-json\/wp\/v2\/product"}],"about":[{"href":"https:\/\/aromasentia.com\/fr\/wp-json\/wp\/v2\/types\/product"}],"replies":[{"embeddable":true,"href":"https:\/\/aromasentia.com\/fr\/wp-json\/wp\/v2\/comments?post=219672"}],"version-history":[{"count":0,"href":"https:\/\/aromasentia.com\/fr\/wp-json\/wp\/v2\/product\/219672\/revisions"}],"wp:featuredmedia":[{"embeddable":true,"href":"https:\/\/aromasentia.com\/fr\/wp-json\/wp\/v2\/media\/420482"}],"wp:attachment":[{"href":"https:\/\/aromasentia.com\/fr\/wp-json\/wp\/v2\/media?parent=219672"}],"wp:term":[{"taxonomy":"product_brand","embeddable":true,"href":"https:\/\/aromasentia.com\/fr\/wp-json\/wp\/v2\/product_brand?post=219672"},{"taxonomy":"product_cat","embeddable":true,"href":"https:\/\/aromasentia.com\/fr\/wp-json\/wp\/v2\/product_cat?post=219672"},{"taxonomy":"product_tag","embeddable":true,"href":"https:\/\/aromasentia.com\/fr\/wp-json\/wp\/v2\/product_tag?post=219672"}],"curies":[{"name":"wp","href":"https:\/\/api.w.org\/{rel}","templated":true}]}}