{"id":219612,"date":"2025-03-23T11:06:16","date_gmt":"2025-03-23T11:06:16","guid":{"rendered":"https:\/\/aromasentia.com\/product\/set-of-2-gemstones-friendship-bracelets-peace-picasso-jasper-white-howlite\/"},"modified":"2025-12-30T18:58:50","modified_gmt":"2025-12-30T18:58:50","slug":"lot-de-2-bracelets-amitie-piece","status":"publish","type":"product","link":"https:\/\/aromasentia.com\/fr\/lot-de-2-bracelets-amitie-piece\/","title":{"rendered":"Lot de 2 Bracelets Amiti\u00e9 &#8211; Pi\u00e8ce"},"content":{"rendered":"<h1 style=\"text-align: center;\">Paix &#8211; Jasper Picasso &amp; Howlite Blanche<\/h1>\n<p>Avec une vari\u00e9t\u00e9 de belles pierres semi-pr\u00e9cieuses, ces bracelets d\u2019amiti\u00e9 g\u00e9n\u00e9reront d&apos;incroyables ventes. Il y a actuellement 8 mod\u00e8les de sorte que vos clients peuvent trouver le parfait &#8211; et pourquoi pas en porter trois ou quatre.&nbsp;<\/p>\n<p>Chaque conception a une pierre diff\u00e9rente et une d\u00e9signation qui montrent l\u2019amiti\u00e9 que repr\u00e9sentent ces pierre pr\u00e9cieuse. Si cool, si incroyable, si facile \u00e0 vendre. Vos clients peuvent en donner un et en garder un pour c\u00e9l\u00e9brer un lien sp\u00e9cial d\u2019amiti\u00e9 et ainsi cr\u00e9er symbole de connexion. Avec leur taille unique, ils conviennent \u00e0 tous.<\/p>\n<p>Le cadeau parfait pour toute occasion &#8211; surtout si associ\u00e9 \u00e0 une pochette de velours \u00e9l\u00e9gante (voir en produit connexe).<\/p>\n<p>Alors commencez d\u00e8s aujourd\u2019hui! et apportez ces superbes bracelets d\u2019amiti\u00e9 en Gemme \u00e0 vos clients !<\/p>\n","protected":false},"excerpt":{"rendered":"<p>Paix &#8211; Jasper Picasso &amp; Howlite Blanche Avec une vari\u00e9t\u00e9 de belles pierres semi-pr\u00e9cieuses, ces bracelets d\u2019amiti\u00e9 g\u00e9n\u00e9reront d&apos;incroyables ventes. Il y a actuellement 8 mod\u00e8les de sorte que vos clients peuvent trouver le parfait &#8211; et pourquoi pas en porter trois ou quatre.&nbsp; Chaque conception a une pierre diff\u00e9rente et une d\u00e9signation qui montrent [&hellip;]<\/p>\n","protected":false},"featured_media":419907,"comment_status":"closed","ping_status":"open","template":"","meta":[],"product_brand":[],"product_cat":[14520,25206,25628,25644,25226],"product_tag":[],"class_list":{"0":"post-219612","1":"product","2":"type-product","3":"status-publish","4":"has-post-thumbnail","6":"product_cat-bijoux-et-accessoires","7":"product_cat-bracelets","8":"product_cat-howlite","9":"product_cat-jaspe","10":"product_cat-pierres-et-mineraux","11":"pa_collection-set-of-2-friendship-bracelets-fr","12":"pa_made-in-chine","14":"first","15":"instock","16":"purchasable","17":"product-type-simple"},"supplier_id":null,"supplier_sku":"FGB-05","barcode":null,"atum_controlled":true,"out_stock_date":null,"out_stock_threshold":null,"inheritable":false,"inbound_stock":null,"stock_on_hold":0,"sold_today":0,"sales_last_days":0,"reserved_stock":null,"customer_returns":null,"warehouse_damage":null,"lost_in_post":null,"other_logs":null,"out_stock_days":0,"lost_sales":0,"has_location":null,"update_date":"2026-02-09T11:39:21","atum_locations":[],"atum_stock_status":"instock","restock_status":false,"low_stock_amount":"","sales_update_date":"2025-09-03T00:16:48","calc_backorders":null,"_links":{"self":[{"href":"https:\/\/aromasentia.com\/fr\/wp-json\/wp\/v2\/product\/219612","targetHints":{"allow":["GET"]}}],"collection":[{"href":"https:\/\/aromasentia.com\/fr\/wp-json\/wp\/v2\/product"}],"about":[{"href":"https:\/\/aromasentia.com\/fr\/wp-json\/wp\/v2\/types\/product"}],"replies":[{"embeddable":true,"href":"https:\/\/aromasentia.com\/fr\/wp-json\/wp\/v2\/comments?post=219612"}],"version-history":[{"count":0,"href":"https:\/\/aromasentia.com\/fr\/wp-json\/wp\/v2\/product\/219612\/revisions"}],"wp:featuredmedia":[{"embeddable":true,"href":"https:\/\/aromasentia.com\/fr\/wp-json\/wp\/v2\/media\/419907"}],"wp:attachment":[{"href":"https:\/\/aromasentia.com\/fr\/wp-json\/wp\/v2\/media?parent=219612"}],"wp:term":[{"taxonomy":"product_brand","embeddable":true,"href":"https:\/\/aromasentia.com\/fr\/wp-json\/wp\/v2\/product_brand?post=219612"},{"taxonomy":"product_cat","embeddable":true,"href":"https:\/\/aromasentia.com\/fr\/wp-json\/wp\/v2\/product_cat?post=219612"},{"taxonomy":"product_tag","embeddable":true,"href":"https:\/\/aromasentia.com\/fr\/wp-json\/wp\/v2\/product_tag?post=219612"}],"curies":[{"name":"wp","href":"https:\/\/api.w.org\/{rel}","templated":true}]}}