{"id":219556,"date":"2025-03-23T11:06:24","date_gmt":"2025-03-23T11:06:24","guid":{"rendered":"https:\/\/aromasentia.com\/product\/gemstone-flat-pencil-pendant-black-agate\/"},"modified":"2025-12-30T18:58:42","modified_gmt":"2025-12-30T18:58:42","slug":"pendentif-crayon-plat-pierres-precieuses-agate-noire","status":"publish","type":"product","link":"https:\/\/aromasentia.com\/fr\/pendentif-crayon-plat-pierres-precieuses-agate-noire\/","title":{"rendered":"Pendentif Crayon Plat Pierres Pr\u00e9cieuses &#8211; Agate Noire"},"content":{"rendered":"<p>Nous vous pr\u00e9sentons nos nouveaux Pendentifs Pierres Pr\u00e9cieuses en Gros.&nbsp;<\/p>\n<p>De magnifiques pendentifs sculpt\u00e9s en pierres pr\u00e9cieuses dans quatre mod\u00e8les diff\u00e9rents dont vos clients tomberont s\u00fbrement amoureux ! Chaque pendentif est livr\u00e9 avec une cha\u00eene en m\u00e9tal argent\u00e9 d&rsquo;une longueur d&rsquo;environ <strong>45 cm<\/strong>. Les tailles et les formes des cristaux peuvent varier l\u00e9g\u00e8rement car il est fait \u00e0 la main.&nbsp;<\/p>\n<p>Surprenez vos clients avec ce cadeau de pierres pr\u00e9cieuses absolument adorable et unique fabriqu\u00e9 en Inde. Les tailles conviennent aussi bien aux hommes qu&rsquo;aux femmes.&nbsp;<\/p>\n<p><strong><span style=\"color: rgb(251, 160, 38);\">Le cadeau parfait pour toute occasion. Commandez aujourd&rsquo;hui<\/span><\/strong>.<\/p>\n","protected":false},"excerpt":{"rendered":"<p>Nous vous pr\u00e9sentons nos nouveaux Pendentifs Pierres Pr\u00e9cieuses en Gros.&nbsp; De magnifiques pendentifs sculpt\u00e9s en pierres pr\u00e9cieuses dans quatre mod\u00e8les diff\u00e9rents dont vos clients tomberont s\u00fbrement amoureux ! Chaque pendentif est livr\u00e9 avec une cha\u00eene en m\u00e9tal argent\u00e9 d&rsquo;une longueur d&rsquo;environ 45 cm. Les tailles et les formes des cristaux peuvent varier l\u00e9g\u00e8rement car il [&hellip;]<\/p>\n","protected":false},"featured_media":421702,"comment_status":"closed","ping_status":"open","template":"","meta":[],"product_brand":[],"product_cat":[25536,14520,25218,25226],"product_tag":[],"class_list":{"0":"post-219556","1":"product","2":"type-product","3":"status-publish","4":"has-post-thumbnail","6":"product_cat-agate","7":"product_cat-bijoux-et-accessoires","8":"product_cat-colliers-et-pendentifs","9":"product_cat-pierres-et-mineraux","10":"pa_collection-indian-gemstone-pendant-jewellery-fr","11":"pa_made-in-inde","13":"first","14":"instock","15":"purchasable","16":"product-type-simple"},"supplier_id":null,"supplier_sku":"GPJ-10","barcode":null,"atum_controlled":true,"out_stock_date":null,"out_stock_threshold":null,"inheritable":false,"inbound_stock":null,"stock_on_hold":0,"sold_today":0,"sales_last_days":0,"reserved_stock":null,"customer_returns":null,"warehouse_damage":null,"lost_in_post":null,"other_logs":null,"out_stock_days":0,"lost_sales":0,"has_location":null,"update_date":"2026-02-06T03:24:35","atum_locations":[],"atum_stock_status":"instock","restock_status":false,"low_stock_amount":"","sales_update_date":"2026-01-30T01:25:50","calc_backorders":null,"_links":{"self":[{"href":"https:\/\/aromasentia.com\/fr\/wp-json\/wp\/v2\/product\/219556","targetHints":{"allow":["GET"]}}],"collection":[{"href":"https:\/\/aromasentia.com\/fr\/wp-json\/wp\/v2\/product"}],"about":[{"href":"https:\/\/aromasentia.com\/fr\/wp-json\/wp\/v2\/types\/product"}],"replies":[{"embeddable":true,"href":"https:\/\/aromasentia.com\/fr\/wp-json\/wp\/v2\/comments?post=219556"}],"version-history":[{"count":0,"href":"https:\/\/aromasentia.com\/fr\/wp-json\/wp\/v2\/product\/219556\/revisions"}],"wp:featuredmedia":[{"embeddable":true,"href":"https:\/\/aromasentia.com\/fr\/wp-json\/wp\/v2\/media\/421702"}],"wp:attachment":[{"href":"https:\/\/aromasentia.com\/fr\/wp-json\/wp\/v2\/media?parent=219556"}],"wp:term":[{"taxonomy":"product_brand","embeddable":true,"href":"https:\/\/aromasentia.com\/fr\/wp-json\/wp\/v2\/product_brand?post=219556"},{"taxonomy":"product_cat","embeddable":true,"href":"https:\/\/aromasentia.com\/fr\/wp-json\/wp\/v2\/product_cat?post=219556"},{"taxonomy":"product_tag","embeddable":true,"href":"https:\/\/aromasentia.com\/fr\/wp-json\/wp\/v2\/product_tag?post=219556"}],"curies":[{"name":"wp","href":"https:\/\/api.w.org\/{rel}","templated":true}]}}