{"id":219516,"date":"2025-03-23T11:06:24","date_gmt":"2025-03-23T11:06:24","guid":{"rendered":"https:\/\/aromasentia.com\/product\/lava-stone-bracelet-tribal-rock-quartz\/"},"modified":"2025-06-23T18:21:12","modified_gmt":"2025-06-23T18:21:12","slug":"bracelet-pierre-de-lave-cristal-de-roche-tribal","status":"publish","type":"product","link":"https:\/\/aromasentia.com\/fr\/bracelet-pierre-de-lave-cristal-de-roche-tribal\/","title":{"rendered":"Bracelet Pierre de Lave &#8211; Cristal de Roche Tribal"},"content":{"rendered":"<p><strong><span style=\"color: rgb(75, 80, 88);\">Avec une vari\u00e9t\u00e9 de belles pierres pr\u00e9cieuses, ces Bracelets en Pierre de Lave &#8211; Cristal de Roche &#8211;&nbsp;<\/span><\/strong>sont tr\u00e8s vendeur. Il existe actuellement 11 mod\u00e8les afin que vos clients puissent trouver le mod\u00e8le parfait &#8211; bien que la mode soit d&rsquo;en porter trois ou quatre.&nbsp;<\/p>\n<p>Les perles sombres et poreuses en pierre de lave sont devenues une tendance \u00e0 la mode ces derni\u00e8res ann\u00e9es, mais les avantages ne s&rsquo;arr\u00eatent pas \u00e0 l&rsquo;ajout d&rsquo;une petite dimension \u00e0 votre pile de bracelets. Certains les utilisent comme bijoux diffuseur.&nbsp;<\/p>\n<p>Placez simplement 1 \u00e0 2 gouttes de vos huiles essentielles pr\u00e9f\u00e9r\u00e9es et frottez-les. Ensuite, profitez de l&rsquo;aromath\u00e9rapie toute la journ\u00e9e avec ce magnifique bijou. Chaque conception avec une pierre diff\u00e9rente et une carte d&rsquo;en-t\u00eate.&nbsp;<\/p>\n<p>Ne vous inqui\u00e9tez pas ils s&rsquo;adaptent \u00e0 vos clients car ce sont des bracelets \u00e9lastiques.<\/p>\n<p><strong><span style=\"color: rgb(141, 186, 216);\">Un cadeau parfait pour toute occasion &#8211; surtout s&rsquo;il est associ\u00e9 \u00e0 une pochette en velours chic.<\/span><\/strong><\/p>\n","protected":false},"excerpt":{"rendered":"<p>Avec une vari\u00e9t\u00e9 de belles pierres pr\u00e9cieuses, ces Bracelets en Pierre de Lave &#8211; Cristal de Roche &#8211;&nbsp;sont tr\u00e8s vendeur. Il existe actuellement 11 mod\u00e8les afin que vos clients puissent trouver le mod\u00e8le parfait &#8211; bien que la mode soit d&rsquo;en porter trois ou quatre.&nbsp; Les perles sombres et poreuses en pierre de lave sont [&hellip;]<\/p>\n","protected":false},"featured_media":423262,"comment_status":"closed","ping_status":"open","template":"","meta":{"_angie_page":false},"product_brand":[],"product_cat":[14520,25206,25664,25226,25732],"product_tag":[],"class_list":{"0":"post-219516","1":"product","2":"type-product","3":"status-publish","4":"has-post-thumbnail","6":"product_cat-bijoux-et-accessoires","7":"product_cat-bracelets","8":"product_cat-pierre-de-lave-basalte","9":"product_cat-pierres-et-mineraux","10":"product_cat-quartz","11":"pa_collection-lava-stone-bracelets-fr","12":"pa_made-in-chine","14":"first","15":"instock","16":"purchasable","17":"product-type-simple"},"supplier_id":null,"supplier_sku":"LavaSB-06","barcode":null,"atum_controlled":true,"out_stock_date":null,"out_stock_threshold":null,"inheritable":false,"inbound_stock":null,"stock_on_hold":0,"sold_today":0,"sales_last_days":0,"reserved_stock":null,"customer_returns":null,"warehouse_damage":null,"lost_in_post":null,"other_logs":null,"out_stock_days":0,"lost_sales":0,"has_location":null,"update_date":"2026-04-27T07:10:28","atum_locations":[],"atum_stock_status":"instock","restock_status":false,"low_stock_amount":"","sales_update_date":"2025-09-03T00:16:43","calc_backorders":null,"_links":{"self":[{"href":"https:\/\/aromasentia.com\/fr\/wp-json\/wp\/v2\/product\/219516","targetHints":{"allow":["GET"]}}],"collection":[{"href":"https:\/\/aromasentia.com\/fr\/wp-json\/wp\/v2\/product"}],"about":[{"href":"https:\/\/aromasentia.com\/fr\/wp-json\/wp\/v2\/types\/product"}],"replies":[{"embeddable":true,"href":"https:\/\/aromasentia.com\/fr\/wp-json\/wp\/v2\/comments?post=219516"}],"version-history":[{"count":0,"href":"https:\/\/aromasentia.com\/fr\/wp-json\/wp\/v2\/product\/219516\/revisions"}],"wp:featuredmedia":[{"embeddable":true,"href":"https:\/\/aromasentia.com\/fr\/wp-json\/wp\/v2\/media\/423262"}],"wp:attachment":[{"href":"https:\/\/aromasentia.com\/fr\/wp-json\/wp\/v2\/media?parent=219516"}],"wp:term":[{"taxonomy":"product_brand","embeddable":true,"href":"https:\/\/aromasentia.com\/fr\/wp-json\/wp\/v2\/product_brand?post=219516"},{"taxonomy":"product_cat","embeddable":true,"href":"https:\/\/aromasentia.com\/fr\/wp-json\/wp\/v2\/product_cat?post=219516"},{"taxonomy":"product_tag","embeddable":true,"href":"https:\/\/aromasentia.com\/fr\/wp-json\/wp\/v2\/product_tag?post=219516"}],"curies":[{"name":"wp","href":"https:\/\/api.w.org\/{rel}","templated":true}]}}