{"id":219476,"date":"2025-03-23T11:06:24","date_gmt":"2025-03-23T11:06:24","guid":{"rendered":"https:\/\/aromasentia.com\/product\/bottled-gemstones-necklace-opalite\/"},"modified":"2025-12-30T18:58:34","modified_gmt":"2025-12-30T18:58:34","slug":"collier-de-pierres-precieuses-en-bouteille-opalite","status":"publish","type":"product","link":"https:\/\/aromasentia.com\/fr\/collier-de-pierres-precieuses-en-bouteille-opalite\/","title":{"rendered":"Collier de Pierres Pr\u00e9cieuses en Bouteille &#8211; Opalite"},"content":{"rendered":"<p>Le pendentif de ce collier est une belle et originale bouteille remplie de minuscules opalites.&nbsp;<\/p>\n<p><strong><span style=\"color: rgb(75, 80, 88);\">L&rsquo;Opalite <\/span><\/strong>est une pierre attrayante en raison de sa belle brillance bleut\u00e9e et de son \u00e9clat myst\u00e9rieux.&nbsp;<\/p>\n<p>On pense qu&rsquo;il est \u00e9difiant et cr\u00e9e de l&rsquo;espace.&nbsp;<\/p>\n<p><em>Longueur de la cha\u00eene : env. 50cm<\/em><\/p>\n","protected":false},"excerpt":{"rendered":"<p>Le pendentif de ce collier est une belle et originale bouteille remplie de minuscules opalites.&nbsp; L&rsquo;Opalite est une pierre attrayante en raison de sa belle brillance bleut\u00e9e et de son \u00e9clat myst\u00e9rieux.&nbsp; On pense qu&rsquo;il est \u00e9difiant et cr\u00e9e de l&rsquo;espace.&nbsp; Longueur de la cha\u00eene : env. 50cm<\/p>\n","protected":false},"featured_media":422724,"comment_status":"closed","ping_status":"open","template":"","meta":{"_angie_page":false},"product_brand":[],"product_cat":[14520,25218,25705,25226],"product_tag":[],"class_list":{"0":"post-219476","1":"product","2":"type-product","3":"status-publish","4":"has-post-thumbnail","6":"product_cat-bijoux-et-accessoires","7":"product_cat-colliers-et-pendentifs","8":"product_cat-opalite","9":"product_cat-pierres-et-mineraux","10":"pa_collection-indian-gemstone-necklaces-fr","11":"pa_made-in-inde","13":"first","14":"instock","15":"purchasable","16":"product-type-simple"},"supplier_id":null,"supplier_sku":"IGJ-20","barcode":null,"atum_controlled":true,"out_stock_date":null,"out_stock_threshold":null,"inheritable":false,"inbound_stock":null,"stock_on_hold":0,"sold_today":0,"sales_last_days":0,"reserved_stock":null,"customer_returns":null,"warehouse_damage":null,"lost_in_post":null,"other_logs":null,"out_stock_days":0,"lost_sales":0,"has_location":null,"update_date":"2026-04-27T07:08:45","atum_locations":[],"atum_stock_status":"instock","restock_status":false,"low_stock_amount":"","sales_update_date":"2026-01-30T01:25:54","calc_backorders":null,"_links":{"self":[{"href":"https:\/\/aromasentia.com\/fr\/wp-json\/wp\/v2\/product\/219476","targetHints":{"allow":["GET"]}}],"collection":[{"href":"https:\/\/aromasentia.com\/fr\/wp-json\/wp\/v2\/product"}],"about":[{"href":"https:\/\/aromasentia.com\/fr\/wp-json\/wp\/v2\/types\/product"}],"replies":[{"embeddable":true,"href":"https:\/\/aromasentia.com\/fr\/wp-json\/wp\/v2\/comments?post=219476"}],"version-history":[{"count":0,"href":"https:\/\/aromasentia.com\/fr\/wp-json\/wp\/v2\/product\/219476\/revisions"}],"wp:featuredmedia":[{"embeddable":true,"href":"https:\/\/aromasentia.com\/fr\/wp-json\/wp\/v2\/media\/422724"}],"wp:attachment":[{"href":"https:\/\/aromasentia.com\/fr\/wp-json\/wp\/v2\/media?parent=219476"}],"wp:term":[{"taxonomy":"product_brand","embeddable":true,"href":"https:\/\/aromasentia.com\/fr\/wp-json\/wp\/v2\/product_brand?post=219476"},{"taxonomy":"product_cat","embeddable":true,"href":"https:\/\/aromasentia.com\/fr\/wp-json\/wp\/v2\/product_cat?post=219476"},{"taxonomy":"product_tag","embeddable":true,"href":"https:\/\/aromasentia.com\/fr\/wp-json\/wp\/v2\/product_tag?post=219476"}],"curies":[{"name":"wp","href":"https:\/\/api.w.org\/{rel}","templated":true}]}}