{"id":219472,"date":"2025-03-23T11:06:24","date_gmt":"2025-03-23T11:06:24","guid":{"rendered":"https:\/\/aromasentia.com\/product\/bottled-gemstones-necklace-black-onyx\/"},"modified":"2025-12-30T18:58:34","modified_gmt":"2025-12-30T18:58:34","slug":"collier-de-pierres-precieuses-en-bouteille-onyx-noir","status":"publish","type":"product","link":"https:\/\/aromasentia.com\/fr\/collier-de-pierres-precieuses-en-bouteille-onyx-noir\/","title":{"rendered":"Collier de Pierres Pr\u00e9cieuses en Bouteille &#8211; Onyx Noir"},"content":{"rendered":"<p>Collier-bouteille \u00e9l\u00e9gant et tr\u00e8s efficace rempli de pierres d&rsquo;onyx.&nbsp;<\/p>\n<p>Orn\u00e9 d&rsquo;un joli et d\u00e9licat bonnet. <strong><span style=\"color: rgb(75, 80, 88);\">L&rsquo;Onyx noir <\/span><\/strong>est d\u00e9di\u00e9 aux personnes \u00ab\u00a0occup\u00e9es\u00a0\u00bb et constamment en mouvement.&nbsp;<\/p>\n<p>Il convient au style de vie des athl\u00e8tes ainsi qu&rsquo;aux personnes qui effectuent un travail tr\u00e8s stressant.&nbsp;<\/p>\n<p><em>Longueur de la cha\u00eene : env. 50cm<\/em><\/p>\n","protected":false},"excerpt":{"rendered":"<p>Collier-bouteille \u00e9l\u00e9gant et tr\u00e8s efficace rempli de pierres d&rsquo;onyx.&nbsp; Orn\u00e9 d&rsquo;un joli et d\u00e9licat bonnet. L&rsquo;Onyx noir est d\u00e9di\u00e9 aux personnes \u00ab\u00a0occup\u00e9es\u00a0\u00bb et constamment en mouvement.&nbsp; Il convient au style de vie des athl\u00e8tes ainsi qu&rsquo;aux personnes qui effectuent un travail tr\u00e8s stressant.&nbsp; Longueur de la cha\u00eene : env. 50cm<\/p>\n","protected":false},"featured_media":422691,"comment_status":"closed","ping_status":"open","template":"","meta":{"_angie_page":false},"product_brand":[],"product_cat":[14520,25218,25701,25226],"product_tag":[],"class_list":{"0":"post-219472","1":"product","2":"type-product","3":"status-publish","4":"has-post-thumbnail","6":"product_cat-bijoux-et-accessoires","7":"product_cat-colliers-et-pendentifs","8":"product_cat-onyx","9":"product_cat-pierres-et-mineraux","10":"pa_collection-indian-gemstone-necklaces-fr","11":"pa_made-in-inde","13":"first","14":"instock","15":"purchasable","16":"product-type-simple"},"supplier_id":null,"supplier_sku":"IGJ-19","barcode":null,"atum_controlled":true,"out_stock_date":null,"out_stock_threshold":null,"inheritable":false,"inbound_stock":null,"stock_on_hold":0,"sold_today":0,"sales_last_days":0,"reserved_stock":null,"customer_returns":null,"warehouse_damage":null,"lost_in_post":null,"other_logs":null,"out_stock_days":0,"lost_sales":0,"has_location":null,"update_date":"2026-04-27T07:08:45","atum_locations":[],"atum_stock_status":"instock","restock_status":false,"low_stock_amount":"","sales_update_date":"2026-01-30T01:25:44","calc_backorders":null,"_links":{"self":[{"href":"https:\/\/aromasentia.com\/fr\/wp-json\/wp\/v2\/product\/219472","targetHints":{"allow":["GET"]}}],"collection":[{"href":"https:\/\/aromasentia.com\/fr\/wp-json\/wp\/v2\/product"}],"about":[{"href":"https:\/\/aromasentia.com\/fr\/wp-json\/wp\/v2\/types\/product"}],"replies":[{"embeddable":true,"href":"https:\/\/aromasentia.com\/fr\/wp-json\/wp\/v2\/comments?post=219472"}],"version-history":[{"count":0,"href":"https:\/\/aromasentia.com\/fr\/wp-json\/wp\/v2\/product\/219472\/revisions"}],"wp:featuredmedia":[{"embeddable":true,"href":"https:\/\/aromasentia.com\/fr\/wp-json\/wp\/v2\/media\/422691"}],"wp:attachment":[{"href":"https:\/\/aromasentia.com\/fr\/wp-json\/wp\/v2\/media?parent=219472"}],"wp:term":[{"taxonomy":"product_brand","embeddable":true,"href":"https:\/\/aromasentia.com\/fr\/wp-json\/wp\/v2\/product_brand?post=219472"},{"taxonomy":"product_cat","embeddable":true,"href":"https:\/\/aromasentia.com\/fr\/wp-json\/wp\/v2\/product_cat?post=219472"},{"taxonomy":"product_tag","embeddable":true,"href":"https:\/\/aromasentia.com\/fr\/wp-json\/wp\/v2\/product_tag?post=219472"}],"curies":[{"name":"wp","href":"https:\/\/api.w.org\/{rel}","templated":true}]}}