{"id":219468,"date":"2025-03-23T11:06:24","date_gmt":"2025-03-23T11:06:24","guid":{"rendered":"https:\/\/aromasentia.com\/product\/bottled-gemstones-necklace-amethyst\/"},"modified":"2025-12-30T18:58:34","modified_gmt":"2025-12-30T18:58:34","slug":"collier-de-pierres-precieuses-en-bouteille-amethyste","status":"publish","type":"product","link":"https:\/\/aromasentia.com\/fr\/collier-de-pierres-precieuses-en-bouteille-amethyste\/","title":{"rendered":"Collier de Pierres Pr\u00e9cieuses en Bouteille &#8211; Am\u00e9thyste"},"content":{"rendered":"<p>Cette superbe fiole de collier contenant de minuscules pierres d&rsquo;am\u00e9thyste est un moyen fantastique d&rsquo;utiliser le pouvoir des pierres naturelles au quotidien.&nbsp;<\/p>\n<p>Le petit flacon est accompagn\u00e9 d&rsquo;un bouchon \u00e0 vis d\u00e9licatement d\u00e9cor\u00e9 qui lui donne un suppl\u00e9ment de charme.&nbsp;<\/p>\n<p><strong>L&rsquo;Am\u00e9thyste <\/strong>est une pierre pr\u00e9cieuse naturelle merveilleusement b\u00e9n\u00e9fique qui aurait plusieurs propri\u00e9t\u00e9s curatives.&nbsp;<\/p>\n<p>Il aide le corps \u00e0 se purifier de l&rsquo;\u00e9nergie n\u00e9gative et encourage la force int\u00e9rieure, la richesse et la clart\u00e9 d&rsquo;esprit.&nbsp;<\/p>\n<p><em>Longueur de la cha\u00eene : env. 50cm<\/em><\/p>\n","protected":false},"excerpt":{"rendered":"<p>Cette superbe fiole de collier contenant de minuscules pierres d&rsquo;am\u00e9thyste est un moyen fantastique d&rsquo;utiliser le pouvoir des pierres naturelles au quotidien.&nbsp; Le petit flacon est accompagn\u00e9 d&rsquo;un bouchon \u00e0 vis d\u00e9licatement d\u00e9cor\u00e9 qui lui donne un suppl\u00e9ment de charme.&nbsp; L&rsquo;Am\u00e9thyste est une pierre pr\u00e9cieuse naturelle merveilleusement b\u00e9n\u00e9fique qui aurait plusieurs propri\u00e9t\u00e9s curatives.&nbsp; Il aide [&hellip;]<\/p>\n","protected":false},"featured_media":422666,"comment_status":"closed","ping_status":"open","template":"","meta":{"_angie_page":false},"product_brand":[],"product_cat":[25543,14520,25218,25226],"product_tag":[],"class_list":{"0":"post-219468","1":"product","2":"type-product","3":"status-publish","4":"has-post-thumbnail","6":"product_cat-amethyste","7":"product_cat-bijoux-et-accessoires","8":"product_cat-colliers-et-pendentifs","9":"product_cat-pierres-et-mineraux","10":"pa_collection-indian-gemstone-necklaces-fr","11":"pa_made-in-inde","13":"first","14":"instock","15":"purchasable","16":"product-type-simple"},"supplier_id":null,"supplier_sku":"IGJ-18","barcode":null,"atum_controlled":true,"out_stock_date":null,"out_stock_threshold":null,"inheritable":false,"inbound_stock":null,"stock_on_hold":0,"sold_today":0,"sales_last_days":0,"reserved_stock":null,"customer_returns":null,"warehouse_damage":null,"lost_in_post":null,"other_logs":null,"out_stock_days":0,"lost_sales":0,"has_location":null,"update_date":"2026-04-27T07:08:45","atum_locations":[],"atum_stock_status":"instock","restock_status":false,"low_stock_amount":"","sales_update_date":"2026-02-06T00:02:16","calc_backorders":null,"_links":{"self":[{"href":"https:\/\/aromasentia.com\/fr\/wp-json\/wp\/v2\/product\/219468","targetHints":{"allow":["GET"]}}],"collection":[{"href":"https:\/\/aromasentia.com\/fr\/wp-json\/wp\/v2\/product"}],"about":[{"href":"https:\/\/aromasentia.com\/fr\/wp-json\/wp\/v2\/types\/product"}],"replies":[{"embeddable":true,"href":"https:\/\/aromasentia.com\/fr\/wp-json\/wp\/v2\/comments?post=219468"}],"version-history":[{"count":0,"href":"https:\/\/aromasentia.com\/fr\/wp-json\/wp\/v2\/product\/219468\/revisions"}],"wp:featuredmedia":[{"embeddable":true,"href":"https:\/\/aromasentia.com\/fr\/wp-json\/wp\/v2\/media\/422666"}],"wp:attachment":[{"href":"https:\/\/aromasentia.com\/fr\/wp-json\/wp\/v2\/media?parent=219468"}],"wp:term":[{"taxonomy":"product_brand","embeddable":true,"href":"https:\/\/aromasentia.com\/fr\/wp-json\/wp\/v2\/product_brand?post=219468"},{"taxonomy":"product_cat","embeddable":true,"href":"https:\/\/aromasentia.com\/fr\/wp-json\/wp\/v2\/product_cat?post=219468"},{"taxonomy":"product_tag","embeddable":true,"href":"https:\/\/aromasentia.com\/fr\/wp-json\/wp\/v2\/product_tag?post=219468"}],"curies":[{"name":"wp","href":"https:\/\/api.w.org\/{rel}","templated":true}]}}