{"id":219460,"date":"2025-03-23T11:06:24","date_gmt":"2025-03-23T11:06:24","guid":{"rendered":"https:\/\/aromasentia.com\/product\/bottled-gemstones-necklace-rose-quartz\/"},"modified":"2025-12-30T18:58:34","modified_gmt":"2025-12-30T18:58:34","slug":"collier-de-pierres-precieuses-en-bouteille-quartz-rose","status":"publish","type":"product","link":"https:\/\/aromasentia.com\/fr\/collier-de-pierres-precieuses-en-bouteille-quartz-rose\/","title":{"rendered":"Collier de Pierres Pr\u00e9cieuses en Bouteille &#8211; Quartz rose"},"content":{"rendered":"<p>Ce collier est en fait un petit flacon ferm\u00e9 par un bouchon d\u00e9licatement d\u00e9cor\u00e9.&nbsp;<\/p>\n<p>De minuscules morceaux de <strong><span style=\"color: rgb(75, 80, 88);\">Quartz rose <\/span><\/strong>sont plac\u00e9s \u00e0 l&rsquo;int\u00e9rieur.&nbsp;<\/p>\n<p>Une id\u00e9e cadeau belle et originale, surtout pour les femmes car cette pierre est consid\u00e9r\u00e9e comme repr\u00e9sentant l&rsquo;\u00e9l\u00e9ment f\u00e9minin.&nbsp;<\/p>\n<p><em>Longueur de la cha\u00eene : env. 50cm<\/em><\/p>\n","protected":false},"excerpt":{"rendered":"<p>Ce collier est en fait un petit flacon ferm\u00e9 par un bouchon d\u00e9licatement d\u00e9cor\u00e9.&nbsp; De minuscules morceaux de Quartz rose sont plac\u00e9s \u00e0 l&rsquo;int\u00e9rieur.&nbsp; Une id\u00e9e cadeau belle et originale, surtout pour les femmes car cette pierre est consid\u00e9r\u00e9e comme repr\u00e9sentant l&rsquo;\u00e9l\u00e9ment f\u00e9minin.&nbsp; Longueur de la cha\u00eene : env. 50cm<\/p>\n","protected":false},"featured_media":422616,"comment_status":"closed","ping_status":"open","template":"","meta":{"_angie_page":false},"product_brand":[],"product_cat":[14520,25218,25226,25732,25751],"product_tag":[],"class_list":{"0":"post-219460","1":"product","2":"type-product","3":"status-publish","4":"has-post-thumbnail","6":"product_cat-bijoux-et-accessoires","7":"product_cat-colliers-et-pendentifs","8":"product_cat-pierres-et-mineraux","9":"product_cat-quartz","10":"product_cat-quartz-rose","11":"pa_collection-indian-gemstone-necklaces-fr","12":"pa_made-in-inde","14":"first","15":"instock","16":"purchasable","17":"product-type-simple"},"supplier_id":null,"supplier_sku":"IGJ-16","barcode":null,"atum_controlled":true,"out_stock_date":null,"out_stock_threshold":null,"inheritable":false,"inbound_stock":null,"stock_on_hold":0,"sold_today":0,"sales_last_days":0,"reserved_stock":null,"customer_returns":null,"warehouse_damage":null,"lost_in_post":null,"other_logs":null,"out_stock_days":0,"lost_sales":0,"has_location":null,"update_date":"2026-04-27T07:08:45","atum_locations":[],"atum_stock_status":"instock","restock_status":false,"low_stock_amount":"","sales_update_date":"2026-01-30T01:26:20","calc_backorders":null,"_links":{"self":[{"href":"https:\/\/aromasentia.com\/fr\/wp-json\/wp\/v2\/product\/219460","targetHints":{"allow":["GET"]}}],"collection":[{"href":"https:\/\/aromasentia.com\/fr\/wp-json\/wp\/v2\/product"}],"about":[{"href":"https:\/\/aromasentia.com\/fr\/wp-json\/wp\/v2\/types\/product"}],"replies":[{"embeddable":true,"href":"https:\/\/aromasentia.com\/fr\/wp-json\/wp\/v2\/comments?post=219460"}],"version-history":[{"count":0,"href":"https:\/\/aromasentia.com\/fr\/wp-json\/wp\/v2\/product\/219460\/revisions"}],"wp:featuredmedia":[{"embeddable":true,"href":"https:\/\/aromasentia.com\/fr\/wp-json\/wp\/v2\/media\/422616"}],"wp:attachment":[{"href":"https:\/\/aromasentia.com\/fr\/wp-json\/wp\/v2\/media?parent=219460"}],"wp:term":[{"taxonomy":"product_brand","embeddable":true,"href":"https:\/\/aromasentia.com\/fr\/wp-json\/wp\/v2\/product_brand?post=219460"},{"taxonomy":"product_cat","embeddable":true,"href":"https:\/\/aromasentia.com\/fr\/wp-json\/wp\/v2\/product_cat?post=219460"},{"taxonomy":"product_tag","embeddable":true,"href":"https:\/\/aromasentia.com\/fr\/wp-json\/wp\/v2\/product_tag?post=219460"}],"curies":[{"name":"wp","href":"https:\/\/api.w.org\/{rel}","templated":true}]}}