{"id":219456,"date":"2025-03-23T11:06:24","date_gmt":"2025-03-23T11:06:24","guid":{"rendered":"https:\/\/aromasentia.com\/product\/cascade-wrapped-necklace-rough-opalite\/"},"modified":"2025-12-30T18:58:34","modified_gmt":"2025-12-30T18:58:34","slug":"collier-de-pierres-precieuses-enveloppees-en-cascade-opalite-brute","status":"publish","type":"product","link":"https:\/\/aromasentia.com\/fr\/collier-de-pierres-precieuses-enveloppees-en-cascade-opalite-brute\/","title":{"rendered":"Collier de Pierres Pr\u00e9cieuses Envelopp\u00e9es en Cascade &#8211; Opalite Brute"},"content":{"rendered":"<p>La surface blanc laiteux \u00e0 la teinte l\u00e9g\u00e8rement bleut\u00e9e aux couleurs de l&rsquo;arc-en-ciel ravit les amateurs de bijoux.&nbsp;<\/p>\n<p>La forme simple et brute et la petite taille de ce collier en font un accessoire parfait aussi bien pour un usage quotidien que pour des occasions sp\u00e9ciales.&nbsp;<\/p>\n<p><strong><span style=\"color: rgb(75, 80, 88);\">L&rsquo;Opalite est consid\u00e9r\u00e9e comme une pierre de l&rsquo;imaginaire. <\/span><\/strong><\/p>\n<p>Cela vous aide \u00e0 voir la beaut\u00e9 cach\u00e9e dans les choses de tous les jours ainsi qu&rsquo;en vous-m\u00eame.&nbsp;<\/p>\n<p><em>Longueur de la cha\u00eene : env. 50cm<\/em><\/p>\n","protected":false},"excerpt":{"rendered":"<p>La surface blanc laiteux \u00e0 la teinte l\u00e9g\u00e8rement bleut\u00e9e aux couleurs de l&rsquo;arc-en-ciel ravit les amateurs de bijoux.&nbsp; La forme simple et brute et la petite taille de ce collier en font un accessoire parfait aussi bien pour un usage quotidien que pour des occasions sp\u00e9ciales.&nbsp; L&rsquo;Opalite est consid\u00e9r\u00e9e comme une pierre de l&rsquo;imaginaire. Cela [&hellip;]<\/p>\n","protected":false},"featured_media":422591,"comment_status":"closed","ping_status":"open","template":"","meta":[],"product_brand":[],"product_cat":[14520,25218,25705,25226],"product_tag":[],"class_list":{"0":"post-219456","1":"product","2":"type-product","3":"status-publish","4":"has-post-thumbnail","6":"product_cat-bijoux-et-accessoires","7":"product_cat-colliers-et-pendentifs","8":"product_cat-opalite","9":"product_cat-pierres-et-mineraux","10":"pa_collection-indian-gemstone-necklaces-fr","11":"pa_made-in-inde","13":"first","14":"instock","15":"purchasable","16":"product-type-simple"},"supplier_id":null,"supplier_sku":"IGJ-15","barcode":null,"atum_controlled":true,"out_stock_date":null,"out_stock_threshold":null,"inheritable":false,"inbound_stock":null,"stock_on_hold":0,"sold_today":0,"sales_last_days":0,"reserved_stock":null,"customer_returns":null,"warehouse_damage":null,"lost_in_post":null,"other_logs":null,"out_stock_days":0,"lost_sales":0,"has_location":null,"update_date":"2026-02-10T10:25:16","atum_locations":[],"atum_stock_status":"instock","restock_status":false,"low_stock_amount":"","sales_update_date":"2026-02-06T00:02:34","calc_backorders":null,"_links":{"self":[{"href":"https:\/\/aromasentia.com\/fr\/wp-json\/wp\/v2\/product\/219456","targetHints":{"allow":["GET"]}}],"collection":[{"href":"https:\/\/aromasentia.com\/fr\/wp-json\/wp\/v2\/product"}],"about":[{"href":"https:\/\/aromasentia.com\/fr\/wp-json\/wp\/v2\/types\/product"}],"replies":[{"embeddable":true,"href":"https:\/\/aromasentia.com\/fr\/wp-json\/wp\/v2\/comments?post=219456"}],"version-history":[{"count":0,"href":"https:\/\/aromasentia.com\/fr\/wp-json\/wp\/v2\/product\/219456\/revisions"}],"wp:featuredmedia":[{"embeddable":true,"href":"https:\/\/aromasentia.com\/fr\/wp-json\/wp\/v2\/media\/422591"}],"wp:attachment":[{"href":"https:\/\/aromasentia.com\/fr\/wp-json\/wp\/v2\/media?parent=219456"}],"wp:term":[{"taxonomy":"product_brand","embeddable":true,"href":"https:\/\/aromasentia.com\/fr\/wp-json\/wp\/v2\/product_brand?post=219456"},{"taxonomy":"product_cat","embeddable":true,"href":"https:\/\/aromasentia.com\/fr\/wp-json\/wp\/v2\/product_cat?post=219456"},{"taxonomy":"product_tag","embeddable":true,"href":"https:\/\/aromasentia.com\/fr\/wp-json\/wp\/v2\/product_tag?post=219456"}],"curies":[{"name":"wp","href":"https:\/\/api.w.org\/{rel}","templated":true}]}}