{"id":219452,"date":"2025-03-23T11:06:24","date_gmt":"2025-03-23T11:06:24","guid":{"rendered":"https:\/\/aromasentia.com\/product\/cascade-wrapped-gemstone-necklace-rough-black-onyx\/"},"modified":"2025-12-30T18:58:26","modified_gmt":"2025-12-30T18:58:26","slug":"collier-de-pierres-precieuses-enveloppees-en-cascade-onyx-noir-brut","status":"publish","type":"product","link":"https:\/\/aromasentia.com\/fr\/collier-de-pierres-precieuses-enveloppees-en-cascade-onyx-noir-brut\/","title":{"rendered":"Collier de Pierres Pr\u00e9cieuses Envelopp\u00e9es en Cascade &#8211; Onyx noir brut"},"content":{"rendered":"<p>Le noir est un symbole de connaissance, de myst\u00e8re et de magie.&nbsp;<\/p>\n<p>La couleur noire signifie \u00e9l\u00e9gance, style et gr\u00e2ce.&nbsp;<\/p>\n<p>Convient \u00e0 toutes les occasions. <strong><span style=\"color: rgb(75, 80, 88);\">Le collier en Onyx noir&nbsp;<\/span><\/strong>s&rsquo;accordera \u00e0 toutes les couleurs de la tenue ; il ajoutera du style et soulignera le charme magique.&nbsp;<\/p>\n<p>Chaque pierre est unique, il peut donc y avoir de l\u00e9g\u00e8res diff\u00e9rences de couleur ou de structure.&nbsp;<\/p>\n<p><em>Longueur de la cha\u00eene : env. 50cm<\/em><\/p>\n","protected":false},"excerpt":{"rendered":"<p>Le noir est un symbole de connaissance, de myst\u00e8re et de magie.&nbsp; La couleur noire signifie \u00e9l\u00e9gance, style et gr\u00e2ce.&nbsp; Convient \u00e0 toutes les occasions. Le collier en Onyx noir&nbsp;s&rsquo;accordera \u00e0 toutes les couleurs de la tenue ; il ajoutera du style et soulignera le charme magique.&nbsp; Chaque pierre est unique, il peut donc y [&hellip;]<\/p>\n","protected":false},"featured_media":422566,"comment_status":"closed","ping_status":"open","template":"","meta":[],"product_brand":[],"product_cat":[14520,25218,25701,25226],"product_tag":[],"class_list":{"0":"post-219452","1":"product","2":"type-product","3":"status-publish","4":"has-post-thumbnail","6":"product_cat-bijoux-et-accessoires","7":"product_cat-colliers-et-pendentifs","8":"product_cat-onyx","9":"product_cat-pierres-et-mineraux","10":"pa_collection-indian-gemstone-necklaces-fr","11":"pa_made-in-inde","13":"first","14":"instock","15":"purchasable","16":"product-type-simple"},"supplier_id":null,"supplier_sku":"IGJ-14","barcode":null,"atum_controlled":true,"out_stock_date":null,"out_stock_threshold":null,"inheritable":false,"inbound_stock":null,"stock_on_hold":0,"sold_today":0,"sales_last_days":0,"reserved_stock":null,"customer_returns":null,"warehouse_damage":null,"lost_in_post":null,"other_logs":null,"out_stock_days":0,"lost_sales":0,"has_location":null,"update_date":"2026-02-09T10:26:01","atum_locations":[],"atum_stock_status":"instock","restock_status":false,"low_stock_amount":"","sales_update_date":"2026-01-20T05:14:29","calc_backorders":null,"_links":{"self":[{"href":"https:\/\/aromasentia.com\/fr\/wp-json\/wp\/v2\/product\/219452","targetHints":{"allow":["GET"]}}],"collection":[{"href":"https:\/\/aromasentia.com\/fr\/wp-json\/wp\/v2\/product"}],"about":[{"href":"https:\/\/aromasentia.com\/fr\/wp-json\/wp\/v2\/types\/product"}],"replies":[{"embeddable":true,"href":"https:\/\/aromasentia.com\/fr\/wp-json\/wp\/v2\/comments?post=219452"}],"version-history":[{"count":0,"href":"https:\/\/aromasentia.com\/fr\/wp-json\/wp\/v2\/product\/219452\/revisions"}],"wp:featuredmedia":[{"embeddable":true,"href":"https:\/\/aromasentia.com\/fr\/wp-json\/wp\/v2\/media\/422566"}],"wp:attachment":[{"href":"https:\/\/aromasentia.com\/fr\/wp-json\/wp\/v2\/media?parent=219452"}],"wp:term":[{"taxonomy":"product_brand","embeddable":true,"href":"https:\/\/aromasentia.com\/fr\/wp-json\/wp\/v2\/product_brand?post=219452"},{"taxonomy":"product_cat","embeddable":true,"href":"https:\/\/aromasentia.com\/fr\/wp-json\/wp\/v2\/product_cat?post=219452"},{"taxonomy":"product_tag","embeddable":true,"href":"https:\/\/aromasentia.com\/fr\/wp-json\/wp\/v2\/product_tag?post=219452"}],"curies":[{"name":"wp","href":"https:\/\/api.w.org\/{rel}","templated":true}]}}