{"id":219448,"date":"2025-03-23T11:06:24","date_gmt":"2025-03-23T11:06:24","guid":{"rendered":"https:\/\/aromasentia.com\/product\/cascade-wrapped-gemstone-necklace-rough-amethyst\/"},"modified":"2025-12-30T18:58:26","modified_gmt":"2025-12-30T18:58:26","slug":"collier-de-pierres-precieuses-enveloppees-en-cascade-amethyste-brute","status":"publish","type":"product","link":"https:\/\/aromasentia.com\/fr\/collier-de-pierres-precieuses-enveloppees-en-cascade-amethyste-brute\/","title":{"rendered":"Collier de Pierres Pr\u00e9cieuses Envelopp\u00e9es en Cascade &#8211; Am\u00e9thyste brute"},"content":{"rendered":"<p><strong><span style=\"color: rgb(75, 80, 88);\">Dans ce collier, l&rsquo;Am\u00e9thyste <\/span><\/strong>est brute, non polie et pr\u00e9sente des imperfections caract\u00e9ristiques \u00e0 sa surface.&nbsp;<\/p>\n<p>C&rsquo;est pourquoi chaque pendentif a une taille et une forme un peu diff\u00e9rentes.&nbsp;<\/p>\n<p>La pierre est envelopp\u00e9e en cascade dans des fils fins. L&rsquo;am\u00e9thyste est consid\u00e9r\u00e9e comme une pierre de r\u00e9g\u00e9n\u00e9ration. Il nettoie les lieux d&rsquo;\u00e9nergie n\u00e9gative.&nbsp;<\/p>\n<p><em>Longueur de la cha\u00eene : env. 50cm<\/em><\/p>\n","protected":false},"excerpt":{"rendered":"<p>Dans ce collier, l&rsquo;Am\u00e9thyste est brute, non polie et pr\u00e9sente des imperfections caract\u00e9ristiques \u00e0 sa surface.&nbsp; C&rsquo;est pourquoi chaque pendentif a une taille et une forme un peu diff\u00e9rentes.&nbsp; La pierre est envelopp\u00e9e en cascade dans des fils fins. L&rsquo;am\u00e9thyste est consid\u00e9r\u00e9e comme une pierre de r\u00e9g\u00e9n\u00e9ration. Il nettoie les lieux d&rsquo;\u00e9nergie n\u00e9gative.&nbsp; Longueur de [&hellip;]<\/p>\n","protected":false},"featured_media":422557,"comment_status":"closed","ping_status":"open","template":"","meta":[],"product_brand":[],"product_cat":[25543,14520,25218,25226],"product_tag":[],"class_list":{"0":"post-219448","1":"product","2":"type-product","3":"status-publish","4":"has-post-thumbnail","6":"product_cat-amethyste","7":"product_cat-bijoux-et-accessoires","8":"product_cat-colliers-et-pendentifs","9":"product_cat-pierres-et-mineraux","10":"pa_collection-indian-gemstone-necklaces-fr","11":"pa_made-in-inde","13":"first","14":"instock","15":"purchasable","16":"product-type-simple"},"supplier_id":null,"supplier_sku":"IGJ-13","barcode":null,"atum_controlled":true,"out_stock_date":null,"out_stock_threshold":null,"inheritable":false,"inbound_stock":null,"stock_on_hold":0,"sold_today":0,"sales_last_days":0,"reserved_stock":null,"customer_returns":null,"warehouse_damage":null,"lost_in_post":null,"other_logs":null,"out_stock_days":0,"lost_sales":0,"has_location":null,"update_date":"2026-02-09T10:21:55","atum_locations":[],"atum_stock_status":"instock","restock_status":false,"low_stock_amount":"","sales_update_date":"2026-02-06T00:02:21","calc_backorders":null,"_links":{"self":[{"href":"https:\/\/aromasentia.com\/fr\/wp-json\/wp\/v2\/product\/219448","targetHints":{"allow":["GET"]}}],"collection":[{"href":"https:\/\/aromasentia.com\/fr\/wp-json\/wp\/v2\/product"}],"about":[{"href":"https:\/\/aromasentia.com\/fr\/wp-json\/wp\/v2\/types\/product"}],"replies":[{"embeddable":true,"href":"https:\/\/aromasentia.com\/fr\/wp-json\/wp\/v2\/comments?post=219448"}],"version-history":[{"count":0,"href":"https:\/\/aromasentia.com\/fr\/wp-json\/wp\/v2\/product\/219448\/revisions"}],"wp:featuredmedia":[{"embeddable":true,"href":"https:\/\/aromasentia.com\/fr\/wp-json\/wp\/v2\/media\/422557"}],"wp:attachment":[{"href":"https:\/\/aromasentia.com\/fr\/wp-json\/wp\/v2\/media?parent=219448"}],"wp:term":[{"taxonomy":"product_brand","embeddable":true,"href":"https:\/\/aromasentia.com\/fr\/wp-json\/wp\/v2\/product_brand?post=219448"},{"taxonomy":"product_cat","embeddable":true,"href":"https:\/\/aromasentia.com\/fr\/wp-json\/wp\/v2\/product_cat?post=219448"},{"taxonomy":"product_tag","embeddable":true,"href":"https:\/\/aromasentia.com\/fr\/wp-json\/wp\/v2\/product_tag?post=219448"}],"curies":[{"name":"wp","href":"https:\/\/api.w.org\/{rel}","templated":true}]}}