{"id":219444,"date":"2025-03-23T11:06:24","date_gmt":"2025-03-23T11:06:24","guid":{"rendered":"https:\/\/aromasentia.com\/product\/cascade-wrapped-gemstone-necklace-rough-tiger-eye\/"},"modified":"2025-12-30T18:58:26","modified_gmt":"2025-12-30T18:58:26","slug":"collier-de-pierres-precieuses-enveloppees-en-cascade-oeil-de-tigre-brut","status":"publish","type":"product","link":"https:\/\/aromasentia.com\/fr\/collier-de-pierres-precieuses-enveloppees-en-cascade-oeil-de-tigre-brut\/","title":{"rendered":"Collier de Pierres Pr\u00e9cieuses Envelopp\u00e9es en Cascade &#8211; Oeil de tigre brut"},"content":{"rendered":"<p><strong><span style=\"color: rgb(75, 80, 88);\">Le Collier Oeil de Tigre<\/span><\/strong> est un bijou qui allie avec succ\u00e8s la pierre naturelle brute \u00e0 un look \u00e9l\u00e9gant.&nbsp;<\/p>\n<p>Votre nouveau collier conviendra m\u00eame aux tenues les plus audacieuses. La pierre est envelopp\u00e9e en cascade dans des fils fins.&nbsp;<\/p>\n<p>L&rsquo;oeil de tigre est une pierre de courage. Il donne le courage d&rsquo;exprimer son opinion, renforce la volont\u00e9 et la recherche du succ\u00e8s. Chaque collier est l\u00e9g\u00e8rement diff\u00e9rent l&rsquo;un de l&rsquo;autre car il n&rsquo;y a pas deux pierres identiques.&nbsp;<\/p>\n<p>Longueur de la cha\u00eene : env. 50cm<\/p>\n","protected":false},"excerpt":{"rendered":"<p>Le Collier Oeil de Tigre est un bijou qui allie avec succ\u00e8s la pierre naturelle brute \u00e0 un look \u00e9l\u00e9gant.&nbsp; Votre nouveau collier conviendra m\u00eame aux tenues les plus audacieuses. La pierre est envelopp\u00e9e en cascade dans des fils fins.&nbsp; L&rsquo;oeil de tigre est une pierre de courage. Il donne le courage d&rsquo;exprimer son opinion, [&hellip;]<\/p>\n","protected":false},"featured_media":422532,"comment_status":"closed","ping_status":"open","template":"","meta":[],"product_brand":[],"product_cat":[14520,25218,25786,25226],"product_tag":[],"class_list":{"0":"post-219444","1":"product","2":"type-product","3":"status-publish","4":"has-post-thumbnail","6":"product_cat-bijoux-et-accessoires","7":"product_cat-colliers-et-pendentifs","8":"product_cat-oeil-de-tigre","9":"product_cat-pierres-et-mineraux","10":"pa_collection-indian-gemstone-necklaces-fr","11":"pa_made-in-inde","13":"first","14":"instock","15":"purchasable","16":"product-type-simple"},"supplier_id":null,"supplier_sku":"IGJ-12","barcode":null,"atum_controlled":true,"out_stock_date":null,"out_stock_threshold":null,"inheritable":false,"inbound_stock":null,"stock_on_hold":0,"sold_today":0,"sales_last_days":0,"reserved_stock":null,"customer_returns":null,"warehouse_damage":null,"lost_in_post":null,"other_logs":null,"out_stock_days":0,"lost_sales":0,"has_location":null,"update_date":"2026-02-06T00:02:34","atum_locations":[],"atum_stock_status":"instock","restock_status":false,"low_stock_amount":"","sales_update_date":"2026-02-06T00:02:34","calc_backorders":null,"_links":{"self":[{"href":"https:\/\/aromasentia.com\/fr\/wp-json\/wp\/v2\/product\/219444","targetHints":{"allow":["GET"]}}],"collection":[{"href":"https:\/\/aromasentia.com\/fr\/wp-json\/wp\/v2\/product"}],"about":[{"href":"https:\/\/aromasentia.com\/fr\/wp-json\/wp\/v2\/types\/product"}],"replies":[{"embeddable":true,"href":"https:\/\/aromasentia.com\/fr\/wp-json\/wp\/v2\/comments?post=219444"}],"version-history":[{"count":0,"href":"https:\/\/aromasentia.com\/fr\/wp-json\/wp\/v2\/product\/219444\/revisions"}],"wp:featuredmedia":[{"embeddable":true,"href":"https:\/\/aromasentia.com\/fr\/wp-json\/wp\/v2\/media\/422532"}],"wp:attachment":[{"href":"https:\/\/aromasentia.com\/fr\/wp-json\/wp\/v2\/media?parent=219444"}],"wp:term":[{"taxonomy":"product_brand","embeddable":true,"href":"https:\/\/aromasentia.com\/fr\/wp-json\/wp\/v2\/product_brand?post=219444"},{"taxonomy":"product_cat","embeddable":true,"href":"https:\/\/aromasentia.com\/fr\/wp-json\/wp\/v2\/product_cat?post=219444"},{"taxonomy":"product_tag","embeddable":true,"href":"https:\/\/aromasentia.com\/fr\/wp-json\/wp\/v2\/product_tag?post=219444"}],"curies":[{"name":"wp","href":"https:\/\/api.w.org\/{rel}","templated":true}]}}