{"id":219432,"date":"2025-03-23T11:06:24","date_gmt":"2025-03-23T11:06:24","guid":{"rendered":"https:\/\/aromasentia.com\/product\/swirl-wrapped-gemstone-necklace-black-onyx\/"},"modified":"2025-12-30T18:58:26","modified_gmt":"2025-12-30T18:58:26","slug":"collier-de-pierres-precieuses-enveloppe-en-tourbillon-onyx-noir","status":"publish","type":"product","link":"https:\/\/aromasentia.com\/fr\/collier-de-pierres-precieuses-enveloppe-en-tourbillon-onyx-noir\/","title":{"rendered":"Collier de Pierres Pr\u00e9cieuses Envelopp\u00e9 en Tourbillon- Onyx Noir"},"content":{"rendered":"<p>Ce qui impressionne dans ce collier, c&rsquo;est avant tout le noir profond et uniforme qui distingue chaque onyx.&nbsp;<\/p>\n<p>On l&rsquo;appelle une \u00ab\u00a0pierre de force int\u00e9rieure\u00a0\u00bb car son \u00e9nergie renforce la pers\u00e9v\u00e9rance, l&rsquo;obstination et la constance dans la poursuite des objectifs fix\u00e9s.&nbsp;<\/p>\n<p>Cette belle pierre est enferm\u00e9e dans un cadre d\u00e9licat avec tourbillon.&nbsp;<\/p>\n<p><em>Longueur de la cha\u00eene : env. 50cm<\/em><\/p>\n","protected":false},"excerpt":{"rendered":"<p>Ce qui impressionne dans ce collier, c&rsquo;est avant tout le noir profond et uniforme qui distingue chaque onyx.&nbsp; On l&rsquo;appelle une \u00ab\u00a0pierre de force int\u00e9rieure\u00a0\u00bb car son \u00e9nergie renforce la pers\u00e9v\u00e9rance, l&rsquo;obstination et la constance dans la poursuite des objectifs fix\u00e9s.&nbsp; Cette belle pierre est enferm\u00e9e dans un cadre d\u00e9licat avec tourbillon.&nbsp; Longueur de la [&hellip;]<\/p>\n","protected":false},"featured_media":422497,"comment_status":"closed","ping_status":"open","template":"","meta":{"_angie_page":false},"product_brand":[],"product_cat":[14520,25218,25701,25226],"product_tag":[],"class_list":{"0":"post-219432","1":"product","2":"type-product","3":"status-publish","4":"has-post-thumbnail","6":"product_cat-bijoux-et-accessoires","7":"product_cat-colliers-et-pendentifs","8":"product_cat-onyx","9":"product_cat-pierres-et-mineraux","10":"pa_collection-indian-gemstone-necklaces-fr","11":"pa_made-in-inde","13":"first","14":"instock","15":"purchasable","16":"product-type-simple"},"supplier_id":null,"supplier_sku":"IGJ-09","barcode":null,"atum_controlled":true,"out_stock_date":null,"out_stock_threshold":null,"inheritable":false,"inbound_stock":null,"stock_on_hold":0,"sold_today":0,"sales_last_days":0,"reserved_stock":null,"customer_returns":null,"warehouse_damage":null,"lost_in_post":null,"other_logs":null,"out_stock_days":0,"lost_sales":0,"has_location":null,"update_date":"2026-04-27T07:08:39","atum_locations":[],"atum_stock_status":"instock","restock_status":false,"low_stock_amount":"","sales_update_date":"2026-02-06T00:02:45","calc_backorders":null,"_links":{"self":[{"href":"https:\/\/aromasentia.com\/fr\/wp-json\/wp\/v2\/product\/219432","targetHints":{"allow":["GET"]}}],"collection":[{"href":"https:\/\/aromasentia.com\/fr\/wp-json\/wp\/v2\/product"}],"about":[{"href":"https:\/\/aromasentia.com\/fr\/wp-json\/wp\/v2\/types\/product"}],"replies":[{"embeddable":true,"href":"https:\/\/aromasentia.com\/fr\/wp-json\/wp\/v2\/comments?post=219432"}],"version-history":[{"count":0,"href":"https:\/\/aromasentia.com\/fr\/wp-json\/wp\/v2\/product\/219432\/revisions"}],"wp:featuredmedia":[{"embeddable":true,"href":"https:\/\/aromasentia.com\/fr\/wp-json\/wp\/v2\/media\/422497"}],"wp:attachment":[{"href":"https:\/\/aromasentia.com\/fr\/wp-json\/wp\/v2\/media?parent=219432"}],"wp:term":[{"taxonomy":"product_brand","embeddable":true,"href":"https:\/\/aromasentia.com\/fr\/wp-json\/wp\/v2\/product_brand?post=219432"},{"taxonomy":"product_cat","embeddable":true,"href":"https:\/\/aromasentia.com\/fr\/wp-json\/wp\/v2\/product_cat?post=219432"},{"taxonomy":"product_tag","embeddable":true,"href":"https:\/\/aromasentia.com\/fr\/wp-json\/wp\/v2\/product_tag?post=219432"}],"curies":[{"name":"wp","href":"https:\/\/api.w.org\/{rel}","templated":true}]}}