{"id":219424,"date":"2025-03-23T11:06:24","date_gmt":"2025-03-23T11:06:24","guid":{"rendered":"https:\/\/aromasentia.com\/product\/swirl-wrapped-gemstone-necklace-tiger-eye\/"},"modified":"2025-12-30T18:58:26","modified_gmt":"2025-12-30T18:58:26","slug":"collier-de-pierres-precieuses-enveloppe-en-tourbillon-oeil-de-tigre","status":"publish","type":"product","link":"https:\/\/aromasentia.com\/fr\/collier-de-pierres-precieuses-enveloppe-en-tourbillon-oeil-de-tigre\/","title":{"rendered":"Collier de Pierres Pr\u00e9cieuses Envelopp\u00e9 en Tourbillon &#8211; Oeil de Tigre"},"content":{"rendered":"<p><strong><span style=\"color: rgb(75, 80, 88);\">L&rsquo;oeil de tigre<\/span><\/strong> est une pierre qui s&rsquo;irise doucement selon l&rsquo;angle de la lumi\u00e8re.&nbsp;<\/p>\n<p>La teinte brune discr\u00e8te et le tourbillon argent\u00e9 font de ce collier un accessoire parfait pour un usage quotidien et pour les grandes occasions. L&rsquo;oeil de tigre est une pierre d&rsquo;abondance.&nbsp;<\/p>\n<p>Il favorise la clart\u00e9 des pens\u00e9es, la concentration et la concentration, et renforce \u00e9galement notre volont\u00e9. Il est recommand\u00e9 aux personnes qui ont des probl\u00e8mes de gaspillage d&rsquo;argent, car l&rsquo;\u0153il de tigre nous permet de g\u00e9rer nos actifs \u00e0 bon escient.&nbsp;<\/p>\n<p><em>Longueur de la cha\u00eene : env. 50cm<\/em><\/p>\n","protected":false},"excerpt":{"rendered":"<p>L&rsquo;oeil de tigre est une pierre qui s&rsquo;irise doucement selon l&rsquo;angle de la lumi\u00e8re.&nbsp; La teinte brune discr\u00e8te et le tourbillon argent\u00e9 font de ce collier un accessoire parfait pour un usage quotidien et pour les grandes occasions. L&rsquo;oeil de tigre est une pierre d&rsquo;abondance.&nbsp; Il favorise la clart\u00e9 des pens\u00e9es, la concentration et la [&hellip;]<\/p>\n","protected":false},"featured_media":422439,"comment_status":"closed","ping_status":"open","template":"","meta":{"_angie_page":false},"product_brand":[],"product_cat":[14520,25218,25786,25226],"product_tag":[],"class_list":{"0":"post-219424","1":"product","2":"type-product","3":"status-publish","4":"has-post-thumbnail","6":"product_cat-bijoux-et-accessoires","7":"product_cat-colliers-et-pendentifs","8":"product_cat-oeil-de-tigre","9":"product_cat-pierres-et-mineraux","10":"pa_collection-indian-gemstone-necklaces-fr","11":"pa_made-in-inde","13":"first","14":"instock","15":"purchasable","16":"product-type-simple"},"supplier_id":null,"supplier_sku":"IGJ-07","barcode":null,"atum_controlled":true,"out_stock_date":null,"out_stock_threshold":null,"inheritable":false,"inbound_stock":null,"stock_on_hold":0,"sold_today":0,"sales_last_days":0,"reserved_stock":null,"customer_returns":null,"warehouse_damage":null,"lost_in_post":null,"other_logs":null,"out_stock_days":0,"lost_sales":0,"has_location":null,"update_date":"2026-04-27T07:08:39","atum_locations":[],"atum_stock_status":"instock","restock_status":false,"low_stock_amount":"","sales_update_date":"2026-02-06T00:02:45","calc_backorders":null,"_links":{"self":[{"href":"https:\/\/aromasentia.com\/fr\/wp-json\/wp\/v2\/product\/219424","targetHints":{"allow":["GET"]}}],"collection":[{"href":"https:\/\/aromasentia.com\/fr\/wp-json\/wp\/v2\/product"}],"about":[{"href":"https:\/\/aromasentia.com\/fr\/wp-json\/wp\/v2\/types\/product"}],"replies":[{"embeddable":true,"href":"https:\/\/aromasentia.com\/fr\/wp-json\/wp\/v2\/comments?post=219424"}],"version-history":[{"count":0,"href":"https:\/\/aromasentia.com\/fr\/wp-json\/wp\/v2\/product\/219424\/revisions"}],"wp:featuredmedia":[{"embeddable":true,"href":"https:\/\/aromasentia.com\/fr\/wp-json\/wp\/v2\/media\/422439"}],"wp:attachment":[{"href":"https:\/\/aromasentia.com\/fr\/wp-json\/wp\/v2\/media?parent=219424"}],"wp:term":[{"taxonomy":"product_brand","embeddable":true,"href":"https:\/\/aromasentia.com\/fr\/wp-json\/wp\/v2\/product_brand?post=219424"},{"taxonomy":"product_cat","embeddable":true,"href":"https:\/\/aromasentia.com\/fr\/wp-json\/wp\/v2\/product_cat?post=219424"},{"taxonomy":"product_tag","embeddable":true,"href":"https:\/\/aromasentia.com\/fr\/wp-json\/wp\/v2\/product_tag?post=219424"}],"curies":[{"name":"wp","href":"https:\/\/api.w.org\/{rel}","templated":true}]}}